{"id":997,"date":"2023-01-23T18:37:38","date_gmt":"2023-01-23T15:37:38","guid":{"rendered":"http:\/\/dalyamed.demositeler.xyz\/?page_id=997"},"modified":"2023-02-13T18:49:19","modified_gmt":"2023-02-13T15:49:19","slug":"patientenrechte","status":"publish","type":"page","link":"https:\/\/dalyahealthcare.com\/de\/patientenrechte\/","title":{"rendered":"Pat\u0131entenrechte"},"content":{"rendered":"\n<p>RECHTE UND VERANTWORTLICHKEITEN DES PATIENTEN<\/p>\n\n\n\n<p>Gesundheitsdienste k\u00f6nnen aufgrund ihrer lebenswichtigen Bedeutung nicht legal von den Rechten und Pflichten der Benutzer erbracht werden. Die Achtung aller Rechte aller Patienten und ihrer Angeh\u00f6rigen unserer Krankenh\u00e4user zu sch\u00fctzen, w\u00e4hrend sie in unseren Krankenh\u00e4usern dienen. Diese Ressource, die wir unter Verwendung der Patientenrechtsverordnung des t\u00fcrkischen Gesundheitsministeriums erstellt haben; Es dient dazu, unsere Patienten \u00fcber die Rechte zu informieren, die sie haben und was sie w\u00e4hrend der Leistungsbeschaffung tun m\u00fcssen.<\/p>\n\n\n\n<p>Patientenrechte<\/p>\n\n\n\n<p>Die Rechte des Patienten werden durch die internationale und nationale Gesetzgebung garantiert, die Anforderung von Pflegeunterst\u00fctzung und der Zelle in einem Gesundheitsversorgungsbereich, f\u00fcr die dies bestimmt ist, erfolgt alles im Namen des Schutzes vor dem gesamten Serviceprozess, der ihm in dieser Gesundheitsversorgung gew\u00e4hrt wird Einrichtung.<\/p>\n\n\n\n<p>Die Patientenrechte zielen darauf ab, die menschliche Gesundheit auf hohem Niveau zu sch\u00fctzen und qualitativ hochwertige Gesundheitsdienste bereitzustellen.<\/p>\n\n\n\n<p>Jede Person, die sich an unser Krankenhaus wendet, hat das Recht, alle Leistungen in Anspruch zu nehmen, unabh\u00e4ngig von Sprache, Religion, Rasse oder Sekte. Er hat das Recht, die f\u00fcr eine gesunde Lebensf\u00fchrung notwendigen vorbeugenden und heilenden Gesundheitsleistungen in Anspruch zu nehmen.<\/p>\n\n\n\n<ol start=\"2\">\n<li>Das Recht auf Auskunft und Auskunftsersuchen<\/li>\n<\/ol>\n\n\n\n<p>Unsere Patientinnen und Patienten haben das Recht, Informationen \u00fcber ihren Gesundheitszustand, aktuelle Gesundheitsleistungen und deren Nutzen zu erhalten sowie Dokumente \u00fcber sich und ihre Erkrankungen einzusehen und zu erhalten.<\/p>\n\n\n\n<ol start=\"3\">\n<li>Einwilligungsrecht und Einwilligung<\/li>\n<\/ol>\n\n\n\n<p>Unsere Patienten haben das Recht, die empfohlene Behandlung anzunehmen, abzulehnen oder den Abbruch zu verlangen, nachdem sie angemessen informiert wurden.<\/p>\n\n\n\n<ol start=\"4\">\n<li>Das Recht, die Gesundheitseinrichtung und ihr Personal zu w\u00e4hlen und zu wechseln<\/li>\n<\/ol>\n\n\n\n<p>Unsere Patienten haben das Recht, die Diagnose- und Behandlungsmethode, die f\u00fcr ihre Behandlung verantwortlichen \u00c4rzte, Krankenschwestern und anderes Gesundheitspersonal zu w\u00e4hlen und zu \u00e4ndern.<\/p>\n\n\n\n<ol start=\"5\">\n<li>Recht auf Privatsph\u00e4re und Vertraulichkeit<\/li>\n<\/ol>\n\n\n\n<p>Unsere Patienten haben das Recht zu verlangen, dass ihre pers\u00f6nlichen Daten, Gesundheitszust\u00e4nde, Diagnose- und Behandlungsvorg\u00e4nge oder der Inhalt ihrer Privatbesuche vertraulich behandelt werden.<\/p>\n\n\n\n<ol start=\"6\">\n<li>Das Recht auf Achtung<\/li>\n<\/ol>\n\n\n\n<p>Unsere Patienten haben das Recht, Gesundheitsdienste mit einem freundlichen, sanften und mitf\u00fchlenden Ansatz und in einer sauberen, zeitgem\u00e4\u00dfen Umgebung zu erhalten.<\/p>\n\n\n\n<ol start=\"7\">\n<li>Das Recht, seine religi\u00f6sen Pflichten zu erf\u00fcllen<\/li>\n<\/ol>\n\n\n\n<p>Unsere Patienten haben das Recht, ihre religi\u00f6sen Pflichten im Rahmen der M\u00f6glichkeiten der Gesundheitseinrichtung zu erf\u00fcllen, solange sie die Behandlung nicht beeintr\u00e4chtigen.<\/p>\n\n\n\n<ol start=\"8\">\n<li>Besuchsrecht und Begleitung<\/li>\n<\/ol>\n\n\n\n<p>Unsere Patienten haben das Recht, Besucher und Begleitpersonen gem\u00e4\u00df den von unserem Krankenhaus festgelegten Verfahren und Grunds\u00e4tzen zu empfangen.<\/p>\n\n\n\n<ol start=\"9\">\n<li>Recht auf Sicherheit<\/li>\n<\/ol>\n\n\n\n<p>Unsere Patienten haben das Recht, die Sicherheit von Leben und Eigentum zu sch\u00fctzen und vor Risiken und medizinischen Fehlern im Gesundheitswesen gesch\u00fctzt zu werden.*<\/p>\n\n\n\n<ol start=\"10\">\n<li>Recht auf Konsultation und Zweitmeinung<\/li>\n<\/ol>\n\n\n\n<p>Unsere Patienten haben das Recht, neben dem behandelnden Arzt von einem anderen in derselben Branche t\u00e4tigen Arzt Auskunft \u00fcber ihren Gesundheitszustand zu erhalten oder sich von einem Facharzt einer anderen Fachrichtung beraten zu lassen.<\/p>\n\n\n\n<ol start=\"11\">\n<li>Das Recht, Beschwerden \/ Meinungen und Vorschl\u00e4ge zu \u00e4u\u00dfern<\/li>\n<\/ol>\n\n\n\n<p>Unsere Patienten haben das Recht, den Beschwerdemechanismus in unserem Krankenhaus einzuleiten, zu \u00fcberpr\u00fcfen, abzuschlie\u00dfen und \u00fcber das Ergebnis informiert zu werden, falls ihre Rechte vernachl\u00e4ssigt werden.<\/p>\n\n\n\n<p>Verantwortlichkeiten des Patienten<\/p>\n\n\n\n<p>Patientenverantwortung sind die Pflichten und Pflichten, die der Patient vor und nach der Antragstellung bei einer Gesundheitsbeh\u00f6rde erf\u00fcllen muss.<\/p>\n","protected":false},"excerpt":{"rendered":"<p>RECHTE UND VERANTWORTLICHKEITEN DES PATIENTEN Gesundheitsdienste k\u00f6nnen aufgrund ihrer lebenswichtigen Bedeutung nicht legal von den Rechten und Pflichten der Benutzer erbracht werden. Die Achtung aller Rechte aller Patienten und ihrer Angeh\u00f6rigen unserer Krankenh\u00e4user zu sch\u00fctzen, w\u00e4hrend sie in unseren Krankenh\u00e4usern dienen. Diese Ressource, die wir unter Verwendung der Patientenrechtsverordnung des t\u00fcrkischen Gesundheitsministeriums erstellt haben; Es [&hellip;]<\/p>\n","protected":false},"author":1,"featured_media":0,"parent":0,"menu_order":0,"comment_status":"closed","ping_status":"closed","template":"","meta":[],"acf":[],"_links":{"self":[{"href":"https:\/\/dalyahealthcare.com\/de\/wp-json\/wp\/v2\/pages\/997"}],"collection":[{"href":"https:\/\/dalyahealthcare.com\/de\/wp-json\/wp\/v2\/pages"}],"about":[{"href":"https:\/\/dalyahealthcare.com\/de\/wp-json\/wp\/v2\/types\/page"}],"author":[{"embeddable":true,"href":"https:\/\/dalyahealthcare.com\/de\/wp-json\/wp\/v2\/users\/1"}],"replies":[{"embeddable":true,"href":"https:\/\/dalyahealthcare.com\/de\/wp-json\/wp\/v2\/comments?post=997"}],"version-history":[{"count":2,"href":"https:\/\/dalyahealthcare.com\/de\/wp-json\/wp\/v2\/pages\/997\/revisions"}],"predecessor-version":[{"id":2844,"href":"https:\/\/dalyahealthcare.com\/de\/wp-json\/wp\/v2\/pages\/997\/revisions\/2844"}],"wp:attachment":[{"href":"https:\/\/dalyahealthcare.com\/de\/wp-json\/wp\/v2\/media?parent=997"}],"curies":[{"name":"wp","href":"https:\/\/api.w.org\/{rel}","templated":true}]}}