{"id":991,"date":"2023-01-23T18:35:36","date_gmt":"2023-01-23T15:35:36","guid":{"rendered":"http:\/\/dalyamed.demositeler.xyz\/?page_id=991"},"modified":"2023-02-13T18:50:22","modified_gmt":"2023-02-13T15:50:22","slug":"unsere-leistungen-fur-patienten","status":"publish","type":"page","link":"https:\/\/dalyahealthcare.com\/de\/unsere-leistungen-fur-patienten\/","title":{"rendered":"Unsere Le\u0131stungen F\u00fcr Pat\u0131enten"},"content":{"rendered":"\n<p><strong>Wie erreicht der Patient Dalya Health Care \u0130zmir?<\/strong><\/p>\n\n\n\n<p>Patienten von Dalya Health Care; Sie k\u00f6nnen die Spezialisten f\u00fcr Patientenbeziehungen von Dalya Health Care \u00fcber die Website, per Telefon oder E-Mail \u00fcber Vertreter\/B\u00fcros von Dalya Health Care in ihren eigenen L\u00e4ndern erreichen.<\/p>\n\n\n\n<p><strong>Behandlungsplanungsprozess<\/strong><\/p>\n\n\n\n<p>Wenn unsere Patienten w\u00e4hrend der OP-Planung kommen m\u00f6chten, planen wir gerne mit ihnen den Behandlungsablauf.<\/p>\n\n\n\n<p>Wenn unsere Patienten uns jedoch alle ihre medizinischen Informationen und Testergebnisse senden, erstellen wir patientenspezifische Behandlungspl\u00e4ne von Fach\u00e4rzten und teilen sie mit ihnen.<\/p>\n\n\n\n<p>Wenn mehr als eine Methode zur Behandlung verwendet wird, wird der Patient kontaktiert und die zu w\u00e4hlende Methode wird gemeinsam mit dem Patienten festgelegt.<\/p>\n\n\n\n<p>Mit Dalya Health Care haben Patienten die M\u00f6glichkeit, schnell auf medizinische Bewertungen von \u00c4rzten zuzugreifen, die die besten auf ihrem Gebiet sind. Der Zustand der Patienten wird innerhalb von 24 Stunden beurteilt und der Patient wird dem Patienten zur\u00fcckgegeben.<\/p>\n\n\n\n<p>Patienten k\u00f6nnen Vergleiche anstellen, indem sie auf alle Informationen zu allen Zentren zugreifen, in denen sie behandelt werden k\u00f6nnen.<\/p>\n\n\n\n<p>Patienten k\u00f6nnen Vergleiche anstellen, indem sie Kenntnisse \u00fcber alle medizinischen Technologien haben, die bei der Behandlung verwendet werden sollen.<\/p>\n\n\n\n<p><strong>Ankunft in der T\u00fcrkei<\/strong><\/p>\n\n\n\n<p>Flugtickets werden je nach Wunsch des Patienten vom Patienten bei Dalya Health Care entgegengenommen. Wenn der Gesundheitszustand des Patienten f\u00fcr eine Flugreise nicht geeignet ist, werden die Patienten von Dalya Health Care mit einem Ambulanzflugzeug abgeholt. Wenn Patienten vor oder w\u00e4hrend der Behandlung im Hotel bleiben m\u00fcssen, werden Hotelreservierungen von Dalya Health Care je nach Wunsch vorgenommen. Dalya Health Care hat Hotels in der N\u00e4he von Krankenh\u00e4usern in der ganzen T\u00fcrkei unter Vertrag genommen. Die Patienten k\u00f6nnen aus den Alternativen die Hotels ausw\u00e4hlen, die sie im Rahmen ihres Budgets \u00fcbernachten m\u00f6chten. Wenn die Patienten in der T\u00fcrkei ankommen, werden sie am Flughafen vom Patientenvertreter von Dalya Health Care abgeholt und in das Hotel oder Krankenhaus gebracht, in dem sie untergebracht werden. Der Patient erh\u00e4lt eine Telefonleitung, die er w\u00e4hrend seiner Behandlung benutzen wird.<\/p>\n\n\n\n<p><strong>Behandlungsprozess<\/strong><\/p>\n\n\n\n<p>Die Behandlungen werden in Krankenh\u00e4usern mit JCI-zertifizierter medizinischer Spitzentechnologie und den besten \u00c4rzten der Branche durchgef\u00fchrt. Am Tag der Behandlung erfolgt der Transfer der Patienten zum Krankenhaus durch Dalya Health Care vom Hotel oder Flughafen. Die Patienten haben keine Kommunikationsprobleme, dank der Assistenten von Dalya Health Care, die sie begleiten und die gleiche Sprache wie der Patient sprechen k\u00f6nnen. Dalya Health Care ist rund um die Uhr f\u00fcr die Patienten da. Jede Phase der Behandlung wird von den \u00c4rzten von Dalya Health Care begleitet.<\/p>\n\n\n\n<p><strong>Abreise aus der T\u00fcrkei<\/strong><\/p>\n\n\n\n<p>Dalya Health Care trifft alle notwendigen Vorkehrungen, damit der Patient das Krankenhaus am Tag der Entlassung verlassen kann. Patienten werden vor Verlassen des Krankenhauses \u00fcber Kontrolltermine und Nachsorge informiert. Der Transfer des Patienten zum Flughafen ist kostenlos. Auf Wunsch des Patienten werden vom Patienten bezahlte touristische Reisen von Dalya Health Care organisiert.<\/p>\n\n\n\n<p><strong>Nach der Behandlung<\/strong><\/p>\n\n\n\n<p>Nach der R\u00fcckkehr in ihr Land k\u00f6nnen sich Patienten f\u00fcr die Nachbehandlung jederzeit an Dalya Health Care wenden. \u00c4rzte in den B\u00fcros von Dalya Health Care in den jeweiligen L\u00e4ndern verfolgen den Nachbehandlungsprozess der Patienten. Krankenhaus, Behandlungsm\u00f6glichkeiten und Preisalternativen f\u00fcr die Behandlung Ihrer Erkrankung m\u00fcssen Sie nicht selbst recherchieren. Dalya Health Care f\u00fchrt die gesamte Recherche f\u00fcr Sie durch und teilt Ihnen alle Alternativen mit. Alle Behandlungsprozesse der Patienten werden vom Dalya Health Care-Team und den \u00c4rzten verfolgt, und die Patienten und ihre Angeh\u00f6rigen werden regelm\u00e4\u00dfig informiert.<\/p>\n","protected":false},"excerpt":{"rendered":"<p>Wie erreicht der Patient Dalya Health Care \u0130zmir? Patienten von Dalya Health Care; Sie k\u00f6nnen die Spezialisten f\u00fcr Patientenbeziehungen von Dalya Health Care \u00fcber die Website, per Telefon oder E-Mail \u00fcber Vertreter\/B\u00fcros von Dalya Health Care in ihren eigenen L\u00e4ndern erreichen. Behandlungsplanungsprozess Wenn unsere Patienten w\u00e4hrend der OP-Planung kommen m\u00f6chten, planen wir gerne mit ihnen [&hellip;]<\/p>\n","protected":false},"author":1,"featured_media":0,"parent":0,"menu_order":0,"comment_status":"closed","ping_status":"closed","template":"","meta":[],"acf":[],"_links":{"self":[{"href":"https:\/\/dalyahealthcare.com\/de\/wp-json\/wp\/v2\/pages\/991"}],"collection":[{"href":"https:\/\/dalyahealthcare.com\/de\/wp-json\/wp\/v2\/pages"}],"about":[{"href":"https:\/\/dalyahealthcare.com\/de\/wp-json\/wp\/v2\/types\/page"}],"author":[{"embeddable":true,"href":"https:\/\/dalyahealthcare.com\/de\/wp-json\/wp\/v2\/users\/1"}],"replies":[{"embeddable":true,"href":"https:\/\/dalyahealthcare.com\/de\/wp-json\/wp\/v2\/comments?post=991"}],"version-history":[{"count":3,"href":"https:\/\/dalyahealthcare.com\/de\/wp-json\/wp\/v2\/pages\/991\/revisions"}],"predecessor-version":[{"id":2846,"href":"https:\/\/dalyahealthcare.com\/de\/wp-json\/wp\/v2\/pages\/991\/revisions\/2846"}],"wp:attachment":[{"href":"https:\/\/dalyahealthcare.com\/de\/wp-json\/wp\/v2\/media?parent=991"}],"curies":[{"name":"wp","href":"https:\/\/api.w.org\/{rel}","templated":true}]}}