{"id":966,"date":"2023-01-23T18:14:37","date_gmt":"2023-01-23T15:14:37","guid":{"rendered":"http:\/\/dalyamed.demositeler.xyz\/?page_id=966"},"modified":"2023-02-13T18:30:48","modified_gmt":"2023-02-13T15:30:48","slug":"schutz-personenbezogener-daten","status":"publish","type":"page","link":"https:\/\/dalyahealthcare.com\/de\/schutz-personenbezogener-daten\/","title":{"rendered":"Schutz personenbezogener Daten"},"content":{"rendered":"\n<p><strong>KVKK-Beleuchtungstext<br><\/strong>Der Klarstellungstext gem\u00e4\u00df dem Gesetz Nr. 6698 zum Schutz personenbezogener Daten (\u201eKVKK\u201c) und der Allgemeinen Datenschutzverordnung der Europ\u00e4ischen Union (\u201eDSGVO\u201c) in der t\u00fcrkischen Gesetzgebung kann auch in unserer Praxis verwendet werden und\/oder Videoberatungsdienste, die wir als Dalya Health Care Klinik anbieten. Wir priorisieren das Recht des Patienten auf Privatsph\u00e4re. In diesem Bewusstsein sind die personenbezogenen Daten unserer Patienten, Angeh\u00f6rigen, Kunden, Mitarbeiter, einschlie\u00dflich unserer Patienten, die von den von uns erbrachten Gesundheitsdiensten \/ Beratungsleistungen profitieren, und die an uns \u00fcbermittelten personenbezogenen Daten im Zusammenhang mit unserer Praxis \/ unseren Dienstleistungen, der Verfassung der Republik T\u00fcrkei und internationale Menschenrechtsabkommen, denen unser Land angeh\u00f6rt, sowie das Gesetz zum Schutz personenbezogener Daten Nr. 6698 (\u201eKVKK\u201c). \u201c), wenden wir die erforderlichen Verfahren zur Verarbeitung und Speicherung in \u00dcbereinstimmung mit den einschl\u00e4gigen Rechtsvorschriften an.<\/p>\n\n\n\n<p>Mit diesem Klarstellungstext werden in Ihrer Eigenschaft als \u201eDatenverantwortlicher\u201c aufkl\u00e4rende Informationen dar\u00fcber \u00fcbermittelt, wie Ihre im Rahmen der von uns angebotenen Gesundheitsdienstleistungen gewonnenen personenbezogenen Daten verarbeitet werden (welche personenbezogenen Daten wir zu welchem Zweck erheben, wie wir sie erheben wie wir sie verwenden, wie wir sie sch\u00fctzen, wie wir sie \u00fcbertragen, wie sie gel\u00f6scht werden usw.).<\/p>\n\n\n\n<p>Als Datenverantwortlicher finden Sie nachstehend Informationen zur Verarbeitung Ihrer personenbezogenen Daten durch Dalya Health Care.<\/p>\n\n\n\n<p>1-) Name, Nachname, T.C. dass wir uns registrieren m\u00fcssen, um die f\u00fcr Sie zu erbringenden Gesundheitsdienstleistungen durchzuf\u00fchren. Identit\u00e4tsnummer, Geburtsort und -datum, Familienstand, Geschlecht, Beruf, Unterschrift und andere Identifikationsdaten, die Sie identifizieren k\u00f6nnen, Ihre Adresse (Wohnort\/Arbeitsplatz), Telefonnummer, E-Mail-Adresse, IP-Adresse, Social-Media-Konten und andere Kommunikationsdaten, Blut Ihrer Gruppe, Labor- und Bildgebungsergebnisse, Tests, Allergien, chronische Krankheiten, Geschlechtskrankheiten, Infektionskrankheiten, Daten \u00fcber fr\u00fchere Operationen\/Operationen, Medikamente, die Sie st\u00e4ndig einnehmen, Informationen zur Covid-19-Erkrankung, medizinische Behandlungen, Rezeptinformationen, Hormoninformationen, Ihre Informationen \u00fcber Ihr Sexualleben, Ihre K\u00f6rperanalyse- und Messinformationen, Ihre Hautanalyseinformationen, Ihre sch\u00e4dlichen Gewohnheiten und andere Gesundheitsdaten, die f\u00fcr die Behandlung und Anwendungen erforderlich sind, die auf Sie angewendet werden sollen, das Foto, das vor, w\u00e4hrend und\/oder aufgenommen wurde nach dem medizinischen Eingriff. Ihre Bild- und Tonaufzeichnungsdaten, Ihre Bankkontonummer, IBAN-Nummer, Kreditkarteninformationen, Rechnungs- und Abrechnungsinformationen und andere Finanzdaten in den Bildern und\/oder Videos, wenn Sie ein Gesundheitstourist sind, der in den Geltungsbereich des internationalen Gesundheitstourismus f\u00e4llt, Ihre Transferinformationen, Flugticket-Hin- und R\u00fcckreiseinformationen, Ihre Hotelunterkunftsinformationen sind personenbezogene Daten.<\/p>\n\n\n\n<p>2-) Diese Einwilligung wird durch Ihre personenbezogenen Daten erteilt, die Sie uns m\u00fcndlich, schriftlich, visuell oder elektronisch w\u00e4hrend unserer Untersuchung, \u00fcber das Internet und mobile Anwendungen oder elektronisch \u00fcbermittelt oder in unserer Praxis erhalten haben (Analyseergebnis, Rezept, Foto, Video, Kameraaufzeichnung). etc.) umfasst Ihre personenbezogenen Daten.<\/p>\n\n\n\n<p>3-) Sch\u00fctzen Sie Ihre personenbezogenen Daten, indem Sie alle erforderlichen technischen und administrativen Ma\u00dfnahmen innerhalb der in der Richtlinie zur Aufbewahrung und Entsorgung personenbezogener Daten festgelegten Fristen ergreifen, speichern Sie sie in unserem System\/Archiv f\u00fcr einen Zeitraum, der den Zeitraum nicht \u00fcberschreitet, der zur Realisierung der Aufzeichnungszwecke erforderlich ist, l\u00f6schen oder vernichten Sie es in der periodischen Vernichtungsfrist nach Ablauf dieser Frist. oder anonymisiert. In diesem Zusammenhang werden Ihre verarbeiteten Daten als Berufsgeheimnis gesch\u00fctzt, die Vertraulichkeit wird gew\u00e4hrleistet und nicht an Dritte\/Institutionen\/Organisationen weitergegeben. Wir erinnern Sie jedoch nachdr\u00fccklich daran, dass in F\u00e4llen, in denen die Vertraulichkeit personenbezogener Krankenakten zum Schutz der \u00f6ffentlichen Gesundheit eingeschr\u00e4nkt werden muss, oder in F\u00e4llen einer gesetzlichen Verpflichtung wie einer Meldepflicht, es erforderlich sein kann, die zust\u00e4ndigen Beh\u00f6rden in begrenztem Umfang zu benachrichtigen und das in Ma\u00dfen.<\/p>\n\n\n\n<p>4-) Anfragen von \u00f6ffentlichen Institutionen, Justizbeh\u00f6rden und anderen offiziellen Stellen zur \u00dcbermittlung Ihrer Daten an sie, den Zweck der Anfrage, ob sich die angeforderten Daten mit dem zu erreichenden Zweck \u00fcberschneiden, ob sie konkret vorgebracht werden k\u00f6nnen Der genannte Zweck kann nur dadurch erreicht werden, dass Ihre Daten ohne Anonymisierung \u00fcbermittelt werden. Anfragen zur Daten\u00fcbertragung, die nicht alle diese Elemente erf\u00fcllen, werden nicht erf\u00fcllt.<\/p>\n\n\n\n<p>ZWECK UND RECHTSGRUNDLAGEN F\u00dcR DIE VERARBEITUNG IHRER PERSONENBEZOGENEN DATEN<\/p>\n\n\n\n<p>Pers\u00f6nliche Daten sowohl privater als auch allgemeiner Art, die Sie teilen;<\/p>\n\n\n\n<p>Erf\u00fcllung unserer gesetzlichen Verpflichtungen im Grundgesetz Nr. 3359 f\u00fcr Gesundheitsdienste, Gesetzesdekret Nr. 663 \u00fcber die Organisation und Aufgaben des Gesundheitsministeriums und angeschlossener Einrichtungen, Verordnung \u00fcber private Gesundheitseinrichtungen mit ambulanter Diagnose und Behandlung, Verordnung \u00fcber personenbezogene Gesundheitsdaten und andere relevante Vorschriften,<br>Pflege Ihrer Daten im Rahmen unserer vertraglichen Pflichten<br>Aufbewahrung von Informationen \u00fcber Ihre Gesundheitsdaten, die im Rahmen der einschl\u00e4gigen Rechtsvorschriften aufbewahrt werden m\u00fcssen,<br>Weitergabe der angeforderten Informationen an das Gesundheitsministerium und andere \u00f6ffentliche Einrichtungen und Organisationen gem\u00e4\u00df den einschl\u00e4gigen Rechtsvorschriften,<br>Schutz der \u00f6ffentlichen Gesundheit, Durchf\u00fchrung medizinischer Diagnose-, Behandlungs- und Pflegedienste,<br>Um Staatsanwaltschaften, Gerichten und zust\u00e4ndigen Beamten auf Anfrage und in \u00dcbereinstimmung mit der Gesetzgebung Informationen zu Angelegenheiten der \u00f6ffentlichen Sicherheit und zu Rechtsstreitigkeiten erteilen zu k\u00f6nnen,<br>Bereitstellung von Gesundheits- und Beratungsdiensten, einschlie\u00dflich Gesundheitsvorsorge,<br>Sie werden zum Zwecke der Finanzplanung und -verwaltung f\u00fcr die Erbringung von Gesundheitsdiensten verarbeitet.<\/p>\n\n\n\n<p>RECHTE DER DATENEIGENT\u00dcMER NACH KVKK<\/p>\n\n\n\n<p>Die Rechte nat\u00fcrlicher Personen, deren personenbezogene Daten gem\u00e4\u00df Artikel 11 der KVKK verarbeitet werden, sind wie folgt:<\/p>\n\n\n\n<p>\u2022 Lernen, ob personenbezogene Daten verarbeitet werden oder nicht,<\/p>\n\n\n\n<p>\u2022 falls personenbezogene Daten verarbeitet wurden, Auskunft dar\u00fcber verlangen,<\/p>\n\n\n\n<p>\u2022 den Zweck der Verarbeitung personenbezogener Daten zu erfahren und ob sie zweckentsprechend verwendet werden, \u2022 die Dritten zu kennen, an die personenbezogene Daten im In- oder Ausland \u00fcbermittelt werden,<\/p>\n\n\n\n<p>\u2022 Aufforderung zur Berichtigung personenbezogener Daten im Falle einer unvollst\u00e4ndigen oder fehlerhaften Verarbeitung und Aufforderung zur Benachrichtigung der in diesem Rahmen get\u00e4tigten Transaktionen an Dritte, an die die personenbezogenen Daten \u00fcbermittelt wurden,<\/p>\n\n\n\n<p>\u2022 Sie haben das Recht, die L\u00f6schung oder Vernichtung personenbezogener Daten zu verlangen, falls die Gr\u00fcnde, die ihre Verarbeitung erfordern, weggefallen sind, obwohl sie gem\u00e4\u00df den Bestimmungen des KVKK und anderer relevanter Gesetze verarbeitet wurden, und dies zu verlangen Mitteilung der in diesem Rahmen durchgef\u00fchrten Transaktion an Dritte, an die die personenbezogenen Daten \u00fcbermittelt wurden.<\/p>\n\n\n\n<p>Gem\u00e4\u00df Artikel 10 des Gesetzes zum Schutz personenbezogener Daten Nr. 6698 mit dem Titel \u201eInformationspflicht des Datenverantwortlichen\u201c, von wem und zu welchem Zweck meine personenbezogenen Daten verarbeitet werden, an wen und zu welchem Zweck die verarbeiteten personenbezogenen Daten \u00fcbertragen werden k\u00f6nnen, die Methode und der rechtliche Grund f\u00fcr die Erhebung personenbezogener Daten und der 11. Artikel des Gesetzes. Ich habe den Klarstellungstext zu meinen Rechten im Artikel gelesen und verstanden.<\/p>\n","protected":false},"excerpt":{"rendered":"<p>KVKK-BeleuchtungstextDer Klarstellungstext gem\u00e4\u00df dem Gesetz Nr. 6698 zum Schutz personenbezogener Daten (\u201eKVKK\u201c) und der Allgemeinen Datenschutzverordnung der Europ\u00e4ischen Union (\u201eDSGVO\u201c) in der t\u00fcrkischen Gesetzgebung kann auch in unserer Praxis verwendet werden und\/oder Videoberatungsdienste, die wir als Dalya Health Care Klinik anbieten. Wir priorisieren das Recht des Patienten auf Privatsph\u00e4re. In diesem Bewusstsein sind die personenbezogenen [&hellip;]<\/p>\n","protected":false},"author":1,"featured_media":0,"parent":0,"menu_order":0,"comment_status":"closed","ping_status":"closed","template":"","meta":[],"acf":[],"_links":{"self":[{"href":"https:\/\/dalyahealthcare.com\/de\/wp-json\/wp\/v2\/pages\/966"}],"collection":[{"href":"https:\/\/dalyahealthcare.com\/de\/wp-json\/wp\/v2\/pages"}],"about":[{"href":"https:\/\/dalyahealthcare.com\/de\/wp-json\/wp\/v2\/types\/page"}],"author":[{"embeddable":true,"href":"https:\/\/dalyahealthcare.com\/de\/wp-json\/wp\/v2\/users\/1"}],"replies":[{"embeddable":true,"href":"https:\/\/dalyahealthcare.com\/de\/wp-json\/wp\/v2\/comments?post=966"}],"version-history":[{"count":3,"href":"https:\/\/dalyahealthcare.com\/de\/wp-json\/wp\/v2\/pages\/966\/revisions"}],"predecessor-version":[{"id":2835,"href":"https:\/\/dalyahealthcare.com\/de\/wp-json\/wp\/v2\/pages\/966\/revisions\/2835"}],"wp:attachment":[{"href":"https:\/\/dalyahealthcare.com\/de\/wp-json\/wp\/v2\/media?parent=966"}],"curies":[{"name":"wp","href":"https:\/\/api.w.org\/{rel}","templated":true}]}}