{"id":964,"date":"2023-01-23T18:14:15","date_gmt":"2023-01-23T15:14:15","guid":{"rendered":"http:\/\/dalyamed.demositeler.xyz\/?page_id=964"},"modified":"2023-02-13T18:21:52","modified_gmt":"2023-02-13T15:21:52","slug":"kommerzielles-impressum","status":"publish","type":"page","link":"https:\/\/dalyahealthcare.com\/de\/kommerzielles-impressum\/","title":{"rendered":"Kommerzielles Impressum"},"content":{"rendered":"\n<h2>IMPRESSUM &#8211; Kommerzielles, amtliches und finanzielles Impressum<\/h2>\n\n\n\n<figure class=\"wp-block-table is-style-stripes\"><table><tbody><tr><td>Firmenname<\/td><td>:<\/td><td>DALYA TUR. \u0130N\u015e. B\u0130LG\u0130. GIDA VE HED\u0130. E\u015eYA SAN. T\u0130C. LTD. \u015eT\u0130.<\/td><\/tr><tr><td>Adresse<\/td><td>:<\/td><td>Latife Han\u0131m Mah. 7685 Sk. No: 26 Kar\u015f\u0131yaka\/\u0130zmir<\/td><\/tr><tr><td>Telefon<\/td><td>:<\/td><td>+90 530 976 60 97<\/td><\/tr><tr><td>Telefon<\/td><td>:<\/td><td>+90 232 464 88 30<\/td><\/tr><tr><td>Gr\u00fcndungsjahr<\/td><td>:<\/td><td>1999<\/td><\/tr><tr><td>Handelskammer<\/td><td>:<\/td><td>\u0130zmir Ticaret Odas\u0131<\/td><\/tr><tr><td>Finanzamt \/ Nr<\/td><td>:<\/td><td>Kar\u015f\u0131yaka \/ 211 068 1100<\/td><\/tr><tr><td>Vorstandsvorsitzender<\/td><td>:<\/td><td>Y\u0131ld\u0131z G\u00dcRG\u00dcN<\/td><\/tr><\/tbody><\/table><\/figure>\n","protected":false},"excerpt":{"rendered":"<p>IMPRESSUM &#8211; Kommerzielles, amtliches und finanzielles Impressum Firmenname : DALYA TUR. \u0130N\u015e. B\u0130LG\u0130. GIDA VE HED\u0130. E\u015eYA SAN. T\u0130C. LTD. \u015eT\u0130. Adresse : Latife Han\u0131m Mah. 7685 Sk. No: 26 Kar\u015f\u0131yaka\/\u0130zmir Telefon : +90 530 976 60 97 Telefon : +90 232 464 88 30 Gr\u00fcndungsjahr : 1999 Handelskammer : \u0130zmir Ticaret Odas\u0131 Finanzamt \/ [&hellip;]<\/p>\n","protected":false},"author":1,"featured_media":0,"parent":0,"menu_order":0,"comment_status":"closed","ping_status":"closed","template":"","meta":[],"acf":[],"_links":{"self":[{"href":"https:\/\/dalyahealthcare.com\/de\/wp-json\/wp\/v2\/pages\/964"}],"collection":[{"href":"https:\/\/dalyahealthcare.com\/de\/wp-json\/wp\/v2\/pages"}],"about":[{"href":"https:\/\/dalyahealthcare.com\/de\/wp-json\/wp\/v2\/types\/page"}],"author":[{"embeddable":true,"href":"https:\/\/dalyahealthcare.com\/de\/wp-json\/wp\/v2\/users\/1"}],"replies":[{"embeddable":true,"href":"https:\/\/dalyahealthcare.com\/de\/wp-json\/wp\/v2\/comments?post=964"}],"version-history":[{"count":2,"href":"https:\/\/dalyahealthcare.com\/de\/wp-json\/wp\/v2\/pages\/964\/revisions"}],"predecessor-version":[{"id":2814,"href":"https:\/\/dalyahealthcare.com\/de\/wp-json\/wp\/v2\/pages\/964\/revisions\/2814"}],"wp:attachment":[{"href":"https:\/\/dalyahealthcare.com\/de\/wp-json\/wp\/v2\/media?parent=964"}],"curies":[{"name":"wp","href":"https:\/\/api.w.org\/{rel}","templated":true}]}}