{"id":960,"date":"2023-01-23T18:11:35","date_gmt":"2023-01-23T15:11:35","guid":{"rendered":"http:\/\/dalyamed.demositeler.xyz\/?page_id=960"},"modified":"2023-02-13T18:25:21","modified_gmt":"2023-02-13T15:25:21","slug":"unsere-gesundheits-und-arbeitsstandards","status":"publish","type":"page","link":"https:\/\/dalyahealthcare.com\/de\/unsere-gesundheits-und-arbeitsstandards\/","title":{"rendered":"Unsere Gesundheits- und Arbeitsstandards"},"content":{"rendered":"\n<p><strong>Unsere Verantwortung gegen\u00fcber Patienten und G\u00e4sten:<\/strong><\/p>\n\n\n\n<p>Die Beziehung zwischen Arzt und Patient basiert auf gegenseitigem Vertrauen unter idealen Bedingungen. Damit beide Seiten dieser Beziehung gleiche Bedingungen haben, ist es wichtig, dass der Patient \u00fcber seine Rechte und Pflichten aufgekl\u00e4rt wird. Denn wenn der Patient mit der Behandlung durch den Arzt beginnt, tritt er in ein Vertragsverh\u00e4ltnis mit dem Arzt ein. In diesem Fall ist es f\u00fcr uns \u00e4u\u00dferst wichtig, dass die Behandlung und Information mit Fachwissen und Sorgfalt erfolgt.<\/p>\n\n\n\n<p><strong>Unsere Werte:<\/strong><\/p>\n\n\n\n<p>Wir tragen einen unternehmerischen Geist, der offen f\u00fcr die Welt und den Wandel ist. Aus diesem Grund handeln wir mit dem Ziel, in seinem Bereich branchenf\u00fchrend zu sein. Es ist unser Grundprinzip, in all unseren Beziehungen fair und ehrlich zu handeln. Unsere F\u00fchrungsphilosophie basiert auf Respekt vor den Menschen. Wir sind ein umwelt- und gesellschaftsbewusstes Team. Wir streben bei allen von uns angebotenen Dienstleistungen das h\u00f6chste Qualit\u00e4tsniveau an.<\/p>\n\n\n\n<p><strong>Unsere Arbeitsmoral \/ Philosophie:<\/strong><\/p>\n\n\n\n<p>Qualitativ hochwertiger Gesundheitsdienst ist unsere Hauptaufgabe. Unsere Patienten gl\u00fccklicher zu sehen, ist unsere gr\u00f6\u00dfte Motivation. Als Dalya Health Care ist es unsere wichtigste Pflicht, Sie auf die beste Art und Weise willkommen zu hei\u00dfen und Sie gl\u00fccklich in Ihrem Zuhause willkommen zu hei\u00dfen.<\/p>\n","protected":false},"excerpt":{"rendered":"<p>Unsere Verantwortung gegen\u00fcber Patienten und G\u00e4sten: Die Beziehung zwischen Arzt und Patient basiert auf gegenseitigem Vertrauen unter idealen Bedingungen. Damit beide Seiten dieser Beziehung gleiche Bedingungen haben, ist es wichtig, dass der Patient \u00fcber seine Rechte und Pflichten aufgekl\u00e4rt wird. Denn wenn der Patient mit der Behandlung durch den Arzt beginnt, tritt er in ein [&hellip;]<\/p>\n","protected":false},"author":1,"featured_media":0,"parent":0,"menu_order":0,"comment_status":"closed","ping_status":"closed","template":"","meta":[],"acf":[],"_links":{"self":[{"href":"https:\/\/dalyahealthcare.com\/de\/wp-json\/wp\/v2\/pages\/960"}],"collection":[{"href":"https:\/\/dalyahealthcare.com\/de\/wp-json\/wp\/v2\/pages"}],"about":[{"href":"https:\/\/dalyahealthcare.com\/de\/wp-json\/wp\/v2\/types\/page"}],"author":[{"embeddable":true,"href":"https:\/\/dalyahealthcare.com\/de\/wp-json\/wp\/v2\/users\/1"}],"replies":[{"embeddable":true,"href":"https:\/\/dalyahealthcare.com\/de\/wp-json\/wp\/v2\/comments?post=960"}],"version-history":[{"count":3,"href":"https:\/\/dalyahealthcare.com\/de\/wp-json\/wp\/v2\/pages\/960\/revisions"}],"predecessor-version":[{"id":2822,"href":"https:\/\/dalyahealthcare.com\/de\/wp-json\/wp\/v2\/pages\/960\/revisions\/2822"}],"wp:attachment":[{"href":"https:\/\/dalyahealthcare.com\/de\/wp-json\/wp\/v2\/media?parent=960"}],"curies":[{"name":"wp","href":"https:\/\/api.w.org\/{rel}","templated":true}]}}