{"id":463,"date":"2023-01-19T16:19:06","date_gmt":"2023-01-19T13:19:06","guid":{"rendered":"http:\/\/dalyamed.demositeler.xyz\/?page_id=463"},"modified":"2023-03-22T14:50:15","modified_gmt":"2023-03-22T11:50:15","slug":"vertragskrankenhauser","status":"publish","type":"page","link":"https:\/\/dalyahealthcare.com\/de\/vertragskrankenhauser\/","title":{"rendered":"Vertragskrankenh\u00e4user"},"content":{"rendered":"\t\t<div data-elementor-type=\"wp-page\" data-elementor-id=\"463\" class=\"elementor elementor-463\">\n\t\t\t\t\t\t\t\t\t<section class=\"elementor-section elementor-top-section elementor-element elementor-element-a9112f6 elementor-section-boxed elementor-section-height-default elementor-section-height-default\" data-id=\"a9112f6\" data-element_type=\"section\" data-settings=\"{&quot;background_background&quot;:&quot;classic&quot;}\">\n\t\t\t\t\t\t<div class=\"elementor-container elementor-column-gap-default\">\n\t\t\t\t\t<div class=\"elementor-column elementor-col-50 elementor-top-column elementor-element elementor-element-f1900ae\" data-id=\"f1900ae\" data-element_type=\"column\">\n\t\t\t<div class=\"elementor-widget-wrap elementor-element-populated\">\n\t\t\t\t\t\t\t\t<div class=\"elementor-element elementor-element-ddf7c64 elementor-widget elementor-widget-image\" data-id=\"ddf7c64\" data-element_type=\"widget\" data-widget_type=\"image.default\">\n\t\t\t\t<div class=\"elementor-widget-container\">\n\t\t\t<style>\/*! elementor - v3.10.1 - 17-01-2023 *\/\n.elementor-widget-image{text-align:center}.elementor-widget-image a{display:inline-block}.elementor-widget-image a img[src$=\".svg\"]{width:48px}.elementor-widget-image img{vertical-align:middle;display:inline-block}<\/style>\t\t\t\t\t\t\t\t\t\t\t\t<img decoding=\"async\" width=\"1000\" height=\"757\" src=\"https:\/\/dalyahealthcare.com\/de\/wp-content\/uploads\/2023\/01\/gazi_.jpg\" class=\"attachment-full size-full wp-image-885\" alt=\"\" loading=\"lazy\" srcset=\"https:\/\/dalyahealthcare.com\/de\/wp-content\/uploads\/2023\/01\/gazi_.jpg 1000w, https:\/\/dalyahealthcare.com\/de\/wp-content\/uploads\/2023\/01\/gazi_-300x227.jpg 300w, https:\/\/dalyahealthcare.com\/de\/wp-content\/uploads\/2023\/01\/gazi_-768x581.jpg 768w\" sizes=\"(max-width: 1000px) 100vw, 1000px\" \/>\t\t\t\t\t\t\t\t\t\t\t\t\t\t\t<\/div>\n\t\t\t\t<\/div>\n\t\t\t\t\t<\/div>\n\t\t<\/div>\n\t\t\t\t<div class=\"elementor-column elementor-col-50 elementor-top-column elementor-element elementor-element-fd6536b\" data-id=\"fd6536b\" data-element_type=\"column\">\n\t\t\t<div class=\"elementor-widget-wrap elementor-element-populated\">\n\t\t\t\t\t\t\t\t<div class=\"elementor-element elementor-element-b79f3b8 elementor-widget elementor-widget-heading\" data-id=\"b79f3b8\" data-element_type=\"widget\" data-widget_type=\"heading.default\">\n\t\t\t\t<div class=\"elementor-widget-container\">\n\t\t\t<style>\/*! elementor - v3.10.1 - 17-01-2023 *\/\n.elementor-heading-title{padding:0;margin:0;line-height:1}.elementor-widget-heading .elementor-heading-title[class*=elementor-size-]>a{color:inherit;font-size:inherit;line-height:inherit}.elementor-widget-heading .elementor-heading-title.elementor-size-small{font-size:15px}.elementor-widget-heading .elementor-heading-title.elementor-size-medium{font-size:19px}.elementor-widget-heading .elementor-heading-title.elementor-size-large{font-size:29px}.elementor-widget-heading .elementor-heading-title.elementor-size-xl{font-size:39px}.elementor-widget-heading .elementor-heading-title.elementor-size-xxl{font-size:59px}<\/style><h2 class=\"elementor-heading-title elementor-size-default\">Privates Gazi-Krankenhaus<\/h2>\t\t<\/div>\n\t\t\t\t<\/div>\n\t\t\t\t<div class=\"elementor-element elementor-element-a786834 elementor-widget elementor-widget-text-editor\" data-id=\"a786834\" data-element_type=\"widget\" data-widget_type=\"text-editor.default\">\n\t\t\t\t<div class=\"elementor-widget-container\">\n\t\t\t<style>\/*! elementor - v3.10.1 - 17-01-2023 *\/\n.elementor-widget-text-editor.elementor-drop-cap-view-stacked .elementor-drop-cap{background-color:#818a91;color:#fff}.elementor-widget-text-editor.elementor-drop-cap-view-framed .elementor-drop-cap{color:#818a91;border:3px solid;background-color:transparent}.elementor-widget-text-editor:not(.elementor-drop-cap-view-default) .elementor-drop-cap{margin-top:8px}.elementor-widget-text-editor:not(.elementor-drop-cap-view-default) .elementor-drop-cap-letter{width:1em;height:1em}.elementor-widget-text-editor .elementor-drop-cap{float:left;text-align:center;line-height:1;font-size:50px}.elementor-widget-text-editor .elementor-drop-cap-letter{display:inline-block}<\/style>\t\t\t\t<p>Unser Krankenhaus, das am 08. Januar 2002 in Betrieb genommen wurde, ist kontinuierlich gewachsen, ohne von seinen Grunds\u00e4tzen und Zielen abzuweichen, hat seine Investitionen fortgesetzt und ist bis heute gekommen, indem es nie aufgegeben hat, nach dem Besseren zu streben. Heute dient es als Krankenhaus mit einer Gesamtbettenkapazit\u00e4t von 111, davon 17 Intensivstationen und 94 Normalbetten. An der Er\u00f6ffnung unseres Neugeborenenzentrums wird weiter gearbeitet.<\/p>\t\t\t\t\t\t<\/div>\n\t\t\t\t<\/div>\n\t\t\t\t\t<\/div>\n\t\t<\/div>\n\t\t\t\t\t\t\t<\/div>\n\t\t<\/section>\n\t\t\t\t<section class=\"elementor-section elementor-top-section elementor-element elementor-element-1f30824 elementor-section-boxed elementor-section-height-default elementor-section-height-default\" data-id=\"1f30824\" data-element_type=\"section\" data-settings=\"{&quot;background_background&quot;:&quot;classic&quot;}\">\n\t\t\t\t\t\t<div class=\"elementor-container elementor-column-gap-default\">\n\t\t\t\t\t<div class=\"elementor-column elementor-col-50 elementor-top-column elementor-element elementor-element-e7edde6\" data-id=\"e7edde6\" data-element_type=\"column\">\n\t\t\t<div class=\"elementor-widget-wrap elementor-element-populated\">\n\t\t\t\t\t\t\t\t<div class=\"elementor-element elementor-element-774fbf1 elementor-widget elementor-widget-image\" data-id=\"774fbf1\" data-element_type=\"widget\" data-widget_type=\"image.default\">\n\t\t\t\t<div class=\"elementor-widget-container\">\n\t\t\t\t\t\t\t\t\t\t\t\t\t\t\t<img decoding=\"async\" width=\"1000\" height=\"757\" src=\"https:\/\/dalyahealthcare.com\/de\/wp-content\/uploads\/2023\/01\/ata-saglk.jpg\" class=\"attachment-full size-full wp-image-884\" alt=\"\" loading=\"lazy\" srcset=\"https:\/\/dalyahealthcare.com\/de\/wp-content\/uploads\/2023\/01\/ata-saglk.jpg 1000w, https:\/\/dalyahealthcare.com\/de\/wp-content\/uploads\/2023\/01\/ata-saglk-300x227.jpg 300w, https:\/\/dalyahealthcare.com\/de\/wp-content\/uploads\/2023\/01\/ata-saglk-768x581.jpg 768w\" sizes=\"(max-width: 1000px) 100vw, 1000px\" \/>\t\t\t\t\t\t\t\t\t\t\t\t\t\t\t<\/div>\n\t\t\t\t<\/div>\n\t\t\t\t\t<\/div>\n\t\t<\/div>\n\t\t\t\t<div class=\"elementor-column elementor-col-50 elementor-top-column elementor-element elementor-element-125de65\" data-id=\"125de65\" data-element_type=\"column\">\n\t\t\t<div class=\"elementor-widget-wrap elementor-element-populated\">\n\t\t\t\t\t\t\t\t<div class=\"elementor-element elementor-element-076bdab elementor-widget elementor-widget-heading\" data-id=\"076bdab\" data-element_type=\"widget\" data-widget_type=\"heading.default\">\n\t\t\t\t<div class=\"elementor-widget-container\">\n\t\t\t<h2 class=\"elementor-heading-title elementor-size-default\">Ata Sa\u011fl\u0131 Krankenhaus<\/h2>\t\t<\/div>\n\t\t\t\t<\/div>\n\t\t\t\t<div class=\"elementor-element elementor-element-4fc4c4b elementor-widget elementor-widget-text-editor\" data-id=\"4fc4c4b\" data-element_type=\"widget\" data-widget_type=\"text-editor.default\">\n\t\t\t\t<div class=\"elementor-widget-container\">\n\t\t\t\t\t\t\t<p>Als privates Ata Sa\u011fl\u0131k Krankenhaus halten wir weiterhin an unserer Dienstleistungspolitik fest, die wir so konzipiert haben, dass sie alle Anforderungen der modernen Medizin erf\u00fcllt und alle Vorteile der Technologie f\u00fcr unsere Patienten widerspiegelt.<\/p>\n<p>Wir nutzen die technologische Ausstattung unseres Krankenhauses mit maximaler Effizienz, um den Patienten-Arzt-Dialog zu st\u00e4rken, die Diagnose von Krankheiten zu beschleunigen und ihre Behandlungen auf die effizienteste Weise durchzuf\u00fchren.<\/p>\t\t\t\t\t\t<\/div>\n\t\t\t\t<\/div>\n\t\t\t\t\t<\/div>\n\t\t<\/div>\n\t\t\t\t\t\t\t<\/div>\n\t\t<\/section>\n\t\t\t\t<section class=\"elementor-section elementor-top-section elementor-element elementor-element-f8566c1 elementor-section-boxed elementor-section-height-default elementor-section-height-default\" data-id=\"f8566c1\" data-element_type=\"section\" data-settings=\"{&quot;background_background&quot;:&quot;classic&quot;}\">\n\t\t\t\t\t\t<div class=\"elementor-container elementor-column-gap-default\">\n\t\t\t\t\t<div class=\"elementor-column elementor-col-50 elementor-top-column elementor-element elementor-element-dda4976\" data-id=\"dda4976\" data-element_type=\"column\">\n\t\t\t<div class=\"elementor-widget-wrap elementor-element-populated\">\n\t\t\t\t\t\t\t\t<div class=\"elementor-element elementor-element-4d589cd elementor-widget elementor-widget-image\" data-id=\"4d589cd\" data-element_type=\"widget\" data-widget_type=\"image.default\">\n\t\t\t\t<div class=\"elementor-widget-container\">\n\t\t\t\t\t\t\t\t\t\t\t\t\t\t\t<img decoding=\"async\" width=\"1000\" height=\"757\" src=\"https:\/\/dalyahealthcare.com\/de\/wp-content\/uploads\/2023\/01\/emot_.jpg\" class=\"attachment-full size-full wp-image-883\" alt=\"\" loading=\"lazy\" srcset=\"https:\/\/dalyahealthcare.com\/de\/wp-content\/uploads\/2023\/01\/emot_.jpg 1000w, https:\/\/dalyahealthcare.com\/de\/wp-content\/uploads\/2023\/01\/emot_-300x227.jpg 300w, https:\/\/dalyahealthcare.com\/de\/wp-content\/uploads\/2023\/01\/emot_-768x581.jpg 768w\" sizes=\"(max-width: 1000px) 100vw, 1000px\" \/>\t\t\t\t\t\t\t\t\t\t\t\t\t\t\t<\/div>\n\t\t\t\t<\/div>\n\t\t\t\t\t<\/div>\n\t\t<\/div>\n\t\t\t\t<div class=\"elementor-column elementor-col-50 elementor-top-column elementor-element elementor-element-dcc9009\" data-id=\"dcc9009\" data-element_type=\"column\">\n\t\t\t<div class=\"elementor-widget-wrap elementor-element-populated\">\n\t\t\t\t\t\t\t\t<div class=\"elementor-element elementor-element-0c742f3 elementor-widget elementor-widget-heading\" data-id=\"0c742f3\" data-element_type=\"widget\" data-widget_type=\"heading.default\">\n\t\t\t\t<div class=\"elementor-widget-container\">\n\t\t\t<h2 class=\"elementor-heading-title elementor-size-default\">EMOT-Krankenhaus<\/h2>\t\t<\/div>\n\t\t\t\t<\/div>\n\t\t\t\t<div class=\"elementor-element elementor-element-7b1b455 elementor-widget elementor-widget-text-editor\" data-id=\"7b1b455\" data-element_type=\"widget\" data-widget_type=\"text-editor.default\">\n\t\t\t\t<div class=\"elementor-widget-container\">\n\t\t\t\t\t\t\t<p>EMOT hat sich von einem kleinen Krankenhaus mit 10 Betten, das 1991 von medizinischem Fachpersonal gegr\u00fcndet wurde, zu einem in der T\u00fcrkei und auf der ganzen Welt bekannten Referenzkrankenhaus entwickelt. EMOT, dessen Logo von dem weltber\u00fchmten K\u00fcnstler Abidin DINO entworfen wurde, ist seit 30 Jahren ein Zweigkrankenhaus; arbeitet als angesehene Institution, die auf Teamarbeit und Wissenschaft basiert.<\/p>\t\t\t\t\t\t<\/div>\n\t\t\t\t<\/div>\n\t\t\t\t\t<\/div>\n\t\t<\/div>\n\t\t\t\t\t\t\t<\/div>\n\t\t<\/section>\n\t\t\t\t\t\t\t<\/div>\n\t\t","protected":false},"excerpt":{"rendered":"<p>Privates Gazi-Krankenhaus Unser Krankenhaus, das am 08. Januar 2002 in Betrieb genommen wurde, ist kontinuierlich gewachsen, ohne von seinen Grunds\u00e4tzen und Zielen abzuweichen, hat seine Investitionen fortgesetzt und ist bis heute gekommen, indem es nie aufgegeben hat, nach dem Besseren zu streben. Heute dient es als Krankenhaus mit einer Gesamtbettenkapazit\u00e4t von 111, davon 17 Intensivstationen [&hellip;]<\/p>\n","protected":false},"author":1,"featured_media":0,"parent":0,"menu_order":0,"comment_status":"closed","ping_status":"closed","template":"","meta":[],"acf":[],"_links":{"self":[{"href":"https:\/\/dalyahealthcare.com\/de\/wp-json\/wp\/v2\/pages\/463"}],"collection":[{"href":"https:\/\/dalyahealthcare.com\/de\/wp-json\/wp\/v2\/pages"}],"about":[{"href":"https:\/\/dalyahealthcare.com\/de\/wp-json\/wp\/v2\/types\/page"}],"author":[{"embeddable":true,"href":"https:\/\/dalyahealthcare.com\/de\/wp-json\/wp\/v2\/users\/1"}],"replies":[{"embeddable":true,"href":"https:\/\/dalyahealthcare.com\/de\/wp-json\/wp\/v2\/comments?post=463"}],"version-history":[{"count":3,"href":"https:\/\/dalyahealthcare.com\/de\/wp-json\/wp\/v2\/pages\/463\/revisions"}],"predecessor-version":[{"id":2954,"href":"https:\/\/dalyahealthcare.com\/de\/wp-json\/wp\/v2\/pages\/463\/revisions\/2954"}],"wp:attachment":[{"href":"https:\/\/dalyahealthcare.com\/de\/wp-json\/wp\/v2\/media?parent=463"}],"curies":[{"name":"wp","href":"https:\/\/api.w.org\/{rel}","templated":true}]}}