{"id":27,"date":"2023-01-16T18:18:47","date_gmt":"2023-01-16T15:18:47","guid":{"rendered":"http:\/\/dalyamed.demositeler.xyz\/?page_id=27"},"modified":"2023-02-13T16:40:37","modified_gmt":"2023-02-13T13:40:37","slug":"haartransplantation","status":"publish","type":"page","link":"https:\/\/dalyahealthcare.com\/de\/haartransplantation\/","title":{"rendered":"Haartransplantation"},"content":{"rendered":"\t\t<div data-elementor-type=\"wp-page\" data-elementor-id=\"27\" class=\"elementor elementor-27\">\n\t\t\t\t\t\t\t\t\t<section class=\"elementor-section elementor-top-section elementor-element elementor-element-9237a29 elementor-section-height-min-height elementor-section-boxed elementor-section-height-default elementor-section-items-middle elementor-invisible\" data-id=\"9237a29\" data-element_type=\"section\" data-settings=\"{&quot;background_background&quot;:&quot;classic&quot;,&quot;animation&quot;:&quot;slideInDown&quot;}\">\n\t\t\t\t\t\t\t<div class=\"elementor-background-overlay\"><\/div>\n\t\t\t\t\t\t\t<div class=\"elementor-container elementor-column-gap-default\">\n\t\t\t\t\t<div class=\"elementor-column elementor-col-100 elementor-top-column elementor-element elementor-element-7c0f3f4\" data-id=\"7c0f3f4\" data-element_type=\"column\">\n\t\t\t<div class=\"elementor-widget-wrap elementor-element-populated\">\n\t\t\t\t\t\t\t\t<div class=\"elementor-element elementor-element-d2592a7 elementor-align-flex-start elementor-mobile-align-center elementor-widget elementor-widget-raven-breadcrumbs\" data-id=\"d2592a7\" data-element_type=\"widget\" data-widget_type=\"raven-breadcrumbs.default\">\n\t\t\t\t<div class=\"elementor-widget-container\">\n\t\t\t<div class=\"raven-breadcrumbs raven-breadcrumbs-navxt\"><div class=\"breadcrumb\" typeof=\"BreadcrumbList\" vocab=\"https:\/\/schema.org\/\"><!-- Breadcrumb NavXT 7.2.0 -->\n<span property=\"itemListElement\" typeof=\"ListItem\"><a property=\"item\" typeof=\"WebPage\" title=\"Go to Dalya Health Care.\" href=\"https:\/\/dalyahealthcare.com\/de\" class=\"home\" aria-current=\"page\"><span property=\"name\">Dalya Health Care<\/span><\/a><meta property=\"position\" content=\"1\"><\/span><\/div><\/div>\t\t<\/div>\n\t\t\t\t<\/div>\n\t\t\t\t<div class=\"elementor-element elementor-element-499163c elementor-widget elementor-widget-heading\" data-id=\"499163c\" data-element_type=\"widget\" data-widget_type=\"heading.default\">\n\t\t\t\t<div class=\"elementor-widget-container\">\n\t\t\t<style>\/*! elementor - v3.10.1 - 17-01-2023 *\/\n.elementor-heading-title{padding:0;margin:0;line-height:1}.elementor-widget-heading .elementor-heading-title[class*=elementor-size-]>a{color:inherit;font-size:inherit;line-height:inherit}.elementor-widget-heading .elementor-heading-title.elementor-size-small{font-size:15px}.elementor-widget-heading .elementor-heading-title.elementor-size-medium{font-size:19px}.elementor-widget-heading .elementor-heading-title.elementor-size-large{font-size:29px}.elementor-widget-heading .elementor-heading-title.elementor-size-xl{font-size:39px}.elementor-widget-heading .elementor-heading-title.elementor-size-xxl{font-size:59px}<\/style><h2 class=\"elementor-heading-title elementor-size-default\">Haartransplantation<\/h2>\t\t<\/div>\n\t\t\t\t<\/div>\n\t\t\t\t\t<\/div>\n\t\t<\/div>\n\t\t\t\t\t\t\t<\/div>\n\t\t<\/section>\n\t\t\t\t<section class=\"elementor-section elementor-top-section elementor-element elementor-element-5c09c1c elementor-section-boxed elementor-section-height-default elementor-section-height-default\" data-id=\"5c09c1c\" data-element_type=\"section\">\n\t\t\t\t\t\t<div class=\"elementor-container elementor-column-gap-default\">\n\t\t\t\t\t<div class=\"elementor-column elementor-col-25 elementor-top-column elementor-element elementor-element-2df6b2c\" data-id=\"2df6b2c\" data-element_type=\"column\" data-settings=\"{&quot;background_background&quot;:&quot;classic&quot;}\">\n\t\t\t<div class=\"elementor-widget-wrap elementor-element-populated\">\n\t\t\t\t\t\t\t\t<div class=\"elementor-element elementor-element-230f50a elementor-widget elementor-widget-image\" data-id=\"230f50a\" data-element_type=\"widget\" data-widget_type=\"image.default\">\n\t\t\t\t<div class=\"elementor-widget-container\">\n\t\t\t<style>\/*! elementor - v3.10.1 - 17-01-2023 *\/\n.elementor-widget-image{text-align:center}.elementor-widget-image a{display:inline-block}.elementor-widget-image a img[src$=\".svg\"]{width:48px}.elementor-widget-image img{vertical-align:middle;display:inline-block}<\/style>\t\t\t\t\t\t\t\t\t\t\t\t<img decoding=\"async\" width=\"596\" height=\"410\" src=\"https:\/\/dalyahealthcare.com\/de\/wp-content\/uploads\/2023\/02\/0029_image64.jpg\" class=\"attachment-full size-full wp-image-2060\" alt=\"\" loading=\"lazy\" srcset=\"https:\/\/dalyahealthcare.com\/de\/wp-content\/uploads\/2023\/02\/0029_image64.jpg 596w, https:\/\/dalyahealthcare.com\/de\/wp-content\/uploads\/2023\/02\/0029_image64-300x206.jpg 300w\" sizes=\"(max-width: 596px) 100vw, 596px\" \/>\t\t\t\t\t\t\t\t\t\t\t\t\t\t\t<\/div>\n\t\t\t\t<\/div>\n\t\t\t\t<div class=\"elementor-element elementor-element-1340b83 elementor-widget elementor-widget-heading\" data-id=\"1340b83\" data-element_type=\"widget\" data-widget_type=\"heading.default\">\n\t\t\t\t<div class=\"elementor-widget-container\">\n\t\t\t<h2 class=\"elementor-heading-title elementor-size-default\">DHI-Haartransplantation<\/h2>\t\t<\/div>\n\t\t\t\t<\/div>\n\t\t\t\t\t<\/div>\n\t\t<\/div>\n\t\t\t\t<div class=\"elementor-column elementor-col-25 elementor-top-column elementor-element elementor-element-61bccea\" data-id=\"61bccea\" data-element_type=\"column\" data-settings=\"{&quot;background_background&quot;:&quot;classic&quot;}\">\n\t\t\t<div class=\"elementor-widget-wrap elementor-element-populated\">\n\t\t\t\t\t\t\t\t<div class=\"elementor-element elementor-element-278d8aa elementor-widget elementor-widget-image\" data-id=\"278d8aa\" data-element_type=\"widget\" data-widget_type=\"image.default\">\n\t\t\t\t<div class=\"elementor-widget-container\">\n\t\t\t\t\t\t\t\t\t\t\t\t\t\t\t<img decoding=\"async\" width=\"596\" height=\"410\" src=\"https:\/\/dalyahealthcare.com\/de\/wp-content\/uploads\/2023\/02\/0028_image65.jpg\" class=\"attachment-full size-full wp-image-2061\" alt=\"\" loading=\"lazy\" srcset=\"https:\/\/dalyahealthcare.com\/de\/wp-content\/uploads\/2023\/02\/0028_image65.jpg 596w, https:\/\/dalyahealthcare.com\/de\/wp-content\/uploads\/2023\/02\/0028_image65-300x206.jpg 300w\" sizes=\"(max-width: 596px) 100vw, 596px\" \/>\t\t\t\t\t\t\t\t\t\t\t\t\t\t\t<\/div>\n\t\t\t\t<\/div>\n\t\t\t\t<div class=\"elementor-element elementor-element-cf276b1 elementor-widget elementor-widget-heading\" data-id=\"cf276b1\" data-element_type=\"widget\" data-widget_type=\"heading.default\">\n\t\t\t\t<div class=\"elementor-widget-container\">\n\t\t\t<h2 class=\"elementor-heading-title elementor-size-default\">FUE-Haartransplantation<\/h2>\t\t<\/div>\n\t\t\t\t<\/div>\n\t\t\t\t\t<\/div>\n\t\t<\/div>\n\t\t\t\t<div class=\"elementor-column elementor-col-25 elementor-top-column elementor-element elementor-element-d019867\" data-id=\"d019867\" data-element_type=\"column\" data-settings=\"{&quot;background_background&quot;:&quot;classic&quot;}\">\n\t\t\t<div class=\"elementor-widget-wrap elementor-element-populated\">\n\t\t\t\t\t\t\t\t<div class=\"elementor-element elementor-element-c938bfa elementor-widget elementor-widget-image\" data-id=\"c938bfa\" data-element_type=\"widget\" data-widget_type=\"image.default\">\n\t\t\t\t<div class=\"elementor-widget-container\">\n\t\t\t\t\t\t\t\t\t\t\t\t\t\t\t<img decoding=\"async\" width=\"596\" height=\"410\" src=\"https:\/\/dalyahealthcare.com\/de\/wp-content\/uploads\/2023\/02\/0027_image66.jpg\" class=\"attachment-full size-full wp-image-2062\" alt=\"\" loading=\"lazy\" srcset=\"https:\/\/dalyahealthcare.com\/de\/wp-content\/uploads\/2023\/02\/0027_image66.jpg 596w, https:\/\/dalyahealthcare.com\/de\/wp-content\/uploads\/2023\/02\/0027_image66-300x206.jpg 300w\" sizes=\"(max-width: 596px) 100vw, 596px\" \/>\t\t\t\t\t\t\t\t\t\t\t\t\t\t\t<\/div>\n\t\t\t\t<\/div>\n\t\t\t\t<div class=\"elementor-element elementor-element-ce72f3a elementor-widget elementor-widget-heading\" data-id=\"ce72f3a\" data-element_type=\"widget\" data-widget_type=\"heading.default\">\n\t\t\t\t<div class=\"elementor-widget-container\">\n\t\t\t<h2 class=\"elementor-heading-title elementor-size-default\">Saphir-FUE-Haartransplantation<\/h2>\t\t<\/div>\n\t\t\t\t<\/div>\n\t\t\t\t\t<\/div>\n\t\t<\/div>\n\t\t\t\t<div class=\"elementor-column elementor-col-25 elementor-top-column elementor-element elementor-element-af342f5\" data-id=\"af342f5\" data-element_type=\"column\" data-settings=\"{&quot;background_background&quot;:&quot;classic&quot;}\">\n\t\t\t<div class=\"elementor-widget-wrap elementor-element-populated\">\n\t\t\t\t\t\t\t\t<div class=\"elementor-element elementor-element-57bfe8c elementor-widget elementor-widget-image\" data-id=\"57bfe8c\" data-element_type=\"widget\" data-widget_type=\"image.default\">\n\t\t\t\t<div class=\"elementor-widget-container\">\n\t\t\t\t\t\t\t\t\t\t\t\t\t\t\t<img decoding=\"async\" width=\"596\" height=\"410\" src=\"https:\/\/dalyahealthcare.com\/de\/wp-content\/uploads\/2023\/02\/0026_image67.jpg\" class=\"attachment-full size-full wp-image-2063\" alt=\"\" loading=\"lazy\" srcset=\"https:\/\/dalyahealthcare.com\/de\/wp-content\/uploads\/2023\/02\/0026_image67.jpg 596w, https:\/\/dalyahealthcare.com\/de\/wp-content\/uploads\/2023\/02\/0026_image67-300x206.jpg 300w\" sizes=\"(max-width: 596px) 100vw, 596px\" \/>\t\t\t\t\t\t\t\t\t\t\t\t\t\t\t<\/div>\n\t\t\t\t<\/div>\n\t\t\t\t<div class=\"elementor-element elementor-element-60901a0 elementor-widget elementor-widget-heading\" data-id=\"60901a0\" data-element_type=\"widget\" data-widget_type=\"heading.default\">\n\t\t\t\t<div class=\"elementor-widget-container\">\n\t\t\t<h2 class=\"elementor-heading-title elementor-size-default\">Perkutane Haartransplantation<\/h2>\t\t<\/div>\n\t\t\t\t<\/div>\n\t\t\t\t\t<\/div>\n\t\t<\/div>\n\t\t\t\t\t\t\t<\/div>\n\t\t<\/section>\n\t\t\t\t<section class=\"elementor-section elementor-top-section elementor-element elementor-element-2b2d755 elementor-section-boxed elementor-section-height-default elementor-section-height-default\" data-id=\"2b2d755\" data-element_type=\"section\">\n\t\t\t\t\t\t<div class=\"elementor-container elementor-column-gap-default\">\n\t\t\t\t\t<div class=\"elementor-column elementor-col-25 elementor-top-column elementor-element elementor-element-e587f56\" data-id=\"e587f56\" data-element_type=\"column\" data-settings=\"{&quot;background_background&quot;:&quot;classic&quot;}\">\n\t\t\t<div class=\"elementor-widget-wrap elementor-element-populated\">\n\t\t\t\t\t\t\t\t<div class=\"elementor-element elementor-element-ceea2e0 elementor-widget elementor-widget-image\" data-id=\"ceea2e0\" data-element_type=\"widget\" data-widget_type=\"image.default\">\n\t\t\t\t<div class=\"elementor-widget-container\">\n\t\t\t\t\t\t\t\t\t\t\t\t\t\t\t<img decoding=\"async\" width=\"596\" height=\"410\" src=\"https:\/\/dalyahealthcare.com\/de\/wp-content\/uploads\/2023\/02\/0025_image68.jpg\" class=\"attachment-full size-full wp-image-2064\" alt=\"\" loading=\"lazy\" srcset=\"https:\/\/dalyahealthcare.com\/de\/wp-content\/uploads\/2023\/02\/0025_image68.jpg 596w, https:\/\/dalyahealthcare.com\/de\/wp-content\/uploads\/2023\/02\/0025_image68-300x206.jpg 300w\" sizes=\"(max-width: 596px) 100vw, 596px\" \/>\t\t\t\t\t\t\t\t\t\t\t\t\t\t\t<\/div>\n\t\t\t\t<\/div>\n\t\t\t\t<div class=\"elementor-element elementor-element-494664c elementor-widget elementor-widget-heading\" data-id=\"494664c\" data-element_type=\"widget\" data-widget_type=\"heading.default\">\n\t\t\t\t<div class=\"elementor-widget-container\">\n\t\t\t<h2 class=\"elementor-heading-title elementor-size-default\">Bart- und Schnurrbarttransplantation (FUE oder DHI)<\/h2>\t\t<\/div>\n\t\t\t\t<\/div>\n\t\t\t\t\t<\/div>\n\t\t<\/div>\n\t\t\t\t<div class=\"elementor-column elementor-col-25 elementor-top-column elementor-element elementor-element-e4e4a6c\" data-id=\"e4e4a6c\" data-element_type=\"column\">\n\t\t\t<div class=\"elementor-widget-wrap\">\n\t\t\t\t\t\t\t\t\t<\/div>\n\t\t<\/div>\n\t\t\t\t<div class=\"elementor-column elementor-col-25 elementor-top-column elementor-element elementor-element-67da92d\" data-id=\"67da92d\" data-element_type=\"column\">\n\t\t\t<div class=\"elementor-widget-wrap\">\n\t\t\t\t\t\t\t\t\t<\/div>\n\t\t<\/div>\n\t\t\t\t<div class=\"elementor-column elementor-col-25 elementor-top-column elementor-element elementor-element-ee13ee4\" data-id=\"ee13ee4\" data-element_type=\"column\">\n\t\t\t<div class=\"elementor-widget-wrap\">\n\t\t\t\t\t\t\t\t\t<\/div>\n\t\t<\/div>\n\t\t\t\t\t\t\t<\/div>\n\t\t<\/section>\n\t\t\t\t<section class=\"elementor-section elementor-top-section elementor-element elementor-element-2270ffc elementor-section-height-min-height elementor-section-boxed elementor-section-height-default elementor-section-items-middle\" data-id=\"2270ffc\" data-element_type=\"section\">\n\t\t\t\t\t\t<div class=\"elementor-container elementor-column-gap-default\">\n\t\t\t\t\t<div class=\"elementor-column elementor-col-100 elementor-top-column elementor-element elementor-element-54d227ee\" data-id=\"54d227ee\" data-element_type=\"column\">\n\t\t\t<div class=\"elementor-widget-wrap elementor-element-populated\">\n\t\t\t\t\t\t\t\t<div class=\"elementor-element elementor-element-360b2457 elementor-widget elementor-widget-text-editor\" data-id=\"360b2457\" data-element_type=\"widget\" data-widget_type=\"text-editor.default\">\n\t\t\t\t<div class=\"elementor-widget-container\">\n\t\t\t<style>\/*! elementor - v3.10.1 - 17-01-2023 *\/\n.elementor-widget-text-editor.elementor-drop-cap-view-stacked .elementor-drop-cap{background-color:#818a91;color:#fff}.elementor-widget-text-editor.elementor-drop-cap-view-framed .elementor-drop-cap{color:#818a91;border:3px solid;background-color:transparent}.elementor-widget-text-editor:not(.elementor-drop-cap-view-default) .elementor-drop-cap{margin-top:8px}.elementor-widget-text-editor:not(.elementor-drop-cap-view-default) .elementor-drop-cap-letter{width:1em;height:1em}.elementor-widget-text-editor .elementor-drop-cap{float:left;text-align:center;line-height:1;font-size:50px}.elementor-widget-text-editor .elementor-drop-cap-letter{display:inline-block}<\/style>\t\t\t\t<!-- wp:paragraph -->\n<p>Die L\u00f6sung f\u00fcr Haarausfall ist jetzt einfach!<\/p>\n<!-- \/wp:paragraph --><!-- wp:paragraph -->\n<p>Die Haartransplantationsbehandlung, die heute f\u00fcr diejenigen angewendet wird, die an Haarausfall oder Haarausfall leiden, ist eine erfolgreiche nat\u00fcrliche L\u00f6sung f\u00fcr bestehende Kahlheits- und Ausd\u00fcnnungsprobleme. Diese Behandlung, die in Bereichen angewendet wird, in denen der Haarfollikel nicht mehr so aktiv ist wie zuvor und als kahl werdend angesehen wird, erfolgt durch \u00dcbertragung des Haarfollikels in die kahlen Bereiche. Diese komplett individuell geplante und durchgef\u00fchrte Behandlung erfolgt durch Zugabe von gesundem Eigenhaar. Im Allgemeinen werden daf\u00fcr Haarfollikel bevorzugt, die sich auf der Nackenseite befinden und gegen Haarausfall resistent sind. Diese Wurzeln werden genommen und auf die Teile \u00fcbertragen, die vollst\u00e4ndig versch\u00fcttet oder verd\u00fcnnt sind. Das Ziel bei dieser Anwendung ist es, nat\u00fcrliches Haar zu erhalten, von dem niemand merkt, dass die Haartransplantation durchgef\u00fchrt wurde.<\/p>\n<p>Diese chirurgischen Eingriffe, die von \u00c4rzten durchgef\u00fchrt werden, die Experten auf ihrem Gebiet sind, werden als kleine chirurgische Eingriffe bezeichnet. Aus diesem Grund kann es sicher in Krankenhausumgebungen angewendet werden. Mit den angewendeten Behandlungen und den befolgten Methoden werden die Haare der Menschen so aussehen, als w\u00e4ren sie nie vergossen worden. Das resultierende Haar hat ein v\u00f6llig nat\u00fcrliches Haaraussehen.<\/p>\n<p>Die Haartransplantation kann bei jedem angewendet werden, der das f\u00fcr das Anwendungsalter geeignete Niveau erreicht hat. In diesem Stadium ist bekannt, dass sowohl Frauen als auch M\u00e4nner eine Haartransplantation haben. Obwohl allgemein angenommen wird, dass es nur von M\u00e4nnern angewendet wird, wenden sich viele Frauen auch an diese chirurgischen Eingriffe zur Haartransplantation und erhalten in kurzer Zeit nat\u00fcrliches Haar als Behandlung.<\/p>\n<!-- \/wp:paragraph -->\t\t\t\t\t\t<\/div>\n\t\t\t\t<\/div>\n\t\t\t\t\t<\/div>\n\t\t<\/div>\n\t\t\t\t\t\t\t<\/div>\n\t\t<\/section>\n\t\t\t\t\t\t\t<\/div>\n\t\t","protected":false},"excerpt":{"rendered":"<p>Dalya Health Care DHI-Haartransplantation FUE-Haartransplantation Saphir-FUE-Haartransplantation Perkutane Haartransplantation Bart- und Schnurrbarttransplantation (FUE oder DHI) Die L\u00f6sung f\u00fcr Haarausfall ist jetzt einfach! Die Haartransplantationsbehandlung, die heute f\u00fcr diejenigen angewendet wird, die an Haarausfall oder Haarausfall leiden, ist eine erfolgreiche nat\u00fcrliche L\u00f6sung f\u00fcr bestehende Kahlheits- und Ausd\u00fcnnungsprobleme. Diese Behandlung, die in Bereichen angewendet wird, in denen der [&hellip;]<\/p>\n","protected":false},"author":1,"featured_media":221,"parent":0,"menu_order":0,"comment_status":"closed","ping_status":"closed","template":"elementor_header_footer","meta":[],"acf":[],"_links":{"self":[{"href":"https:\/\/dalyahealthcare.com\/de\/wp-json\/wp\/v2\/pages\/27"}],"collection":[{"href":"https:\/\/dalyahealthcare.com\/de\/wp-json\/wp\/v2\/pages"}],"about":[{"href":"https:\/\/dalyahealthcare.com\/de\/wp-json\/wp\/v2\/types\/page"}],"author":[{"embeddable":true,"href":"https:\/\/dalyahealthcare.com\/de\/wp-json\/wp\/v2\/users\/1"}],"replies":[{"embeddable":true,"href":"https:\/\/dalyahealthcare.com\/de\/wp-json\/wp\/v2\/comments?post=27"}],"version-history":[{"count":3,"href":"https:\/\/dalyahealthcare.com\/de\/wp-json\/wp\/v2\/pages\/27\/revisions"}],"predecessor-version":[{"id":2772,"href":"https:\/\/dalyahealthcare.com\/de\/wp-json\/wp\/v2\/pages\/27\/revisions\/2772"}],"wp:featuredmedia":[{"embeddable":true,"href":"https:\/\/dalyahealthcare.com\/de\/wp-json\/wp\/v2\/media\/221"}],"wp:attachment":[{"href":"https:\/\/dalyahealthcare.com\/de\/wp-json\/wp\/v2\/media?parent=27"}],"curies":[{"name":"wp","href":"https:\/\/api.w.org\/{rel}","templated":true}]}}