{"id":193,"date":"2023-01-18T16:06:54","date_gmt":"2023-01-18T13:06:54","guid":{"rendered":"http:\/\/dalyamed.demositeler.xyz\/?page_id=193"},"modified":"2023-02-13T15:37:14","modified_gmt":"2023-02-13T12:37:14","slug":"brusterkrankungen","status":"publish","type":"page","link":"https:\/\/dalyahealthcare.com\/de\/brusterkrankungen\/","title":{"rendered":"Brusterkrankungen"},"content":{"rendered":"\t\t<div data-elementor-type=\"wp-page\" data-elementor-id=\"193\" class=\"elementor elementor-193\">\n\t\t\t\t\t\t\t\t\t<section class=\"elementor-section elementor-top-section elementor-element elementor-element-95191e6 elementor-section-height-min-height elementor-section-boxed elementor-section-height-default elementor-section-items-middle elementor-invisible\" data-id=\"95191e6\" data-element_type=\"section\" data-settings=\"{&quot;background_background&quot;:&quot;classic&quot;,&quot;animation&quot;:&quot;slideInDown&quot;}\">\n\t\t\t\t\t\t\t<div class=\"elementor-background-overlay\"><\/div>\n\t\t\t\t\t\t\t<div class=\"elementor-container elementor-column-gap-default\">\n\t\t\t\t\t<div class=\"elementor-column elementor-col-100 elementor-top-column elementor-element elementor-element-af71d5e\" data-id=\"af71d5e\" data-element_type=\"column\">\n\t\t\t<div class=\"elementor-widget-wrap elementor-element-populated\">\n\t\t\t\t\t\t\t\t<div class=\"elementor-element elementor-element-a525ff3 elementor-align-flex-start elementor-mobile-align-center elementor-widget elementor-widget-raven-breadcrumbs\" data-id=\"a525ff3\" data-element_type=\"widget\" data-widget_type=\"raven-breadcrumbs.default\">\n\t\t\t\t<div class=\"elementor-widget-container\">\n\t\t\t<div class=\"raven-breadcrumbs raven-breadcrumbs-navxt\"><div class=\"breadcrumb\" typeof=\"BreadcrumbList\" vocab=\"https:\/\/schema.org\/\"><!-- Breadcrumb NavXT 7.2.0 -->\n<span property=\"itemListElement\" typeof=\"ListItem\"><a property=\"item\" typeof=\"WebPage\" title=\"Go to Dalya Health Care.\" href=\"https:\/\/dalyahealthcare.com\/de\" class=\"home\" aria-current=\"page\"><span property=\"name\">Dalya Health Care<\/span><\/a><meta property=\"position\" content=\"1\"><\/span><\/div><\/div>\t\t<\/div>\n\t\t\t\t<\/div>\n\t\t\t\t<div class=\"elementor-element elementor-element-0adcd20 elementor-widget elementor-widget-heading\" data-id=\"0adcd20\" data-element_type=\"widget\" data-widget_type=\"heading.default\">\n\t\t\t\t<div class=\"elementor-widget-container\">\n\t\t\t<style>\/*! elementor - v3.10.1 - 17-01-2023 *\/\n.elementor-heading-title{padding:0;margin:0;line-height:1}.elementor-widget-heading .elementor-heading-title[class*=elementor-size-]>a{color:inherit;font-size:inherit;line-height:inherit}.elementor-widget-heading .elementor-heading-title.elementor-size-small{font-size:15px}.elementor-widget-heading .elementor-heading-title.elementor-size-medium{font-size:19px}.elementor-widget-heading .elementor-heading-title.elementor-size-large{font-size:29px}.elementor-widget-heading .elementor-heading-title.elementor-size-xl{font-size:39px}.elementor-widget-heading .elementor-heading-title.elementor-size-xxl{font-size:59px}<\/style><h2 class=\"elementor-heading-title elementor-size-default\">Brusterkrankungen<\/h2>\t\t<\/div>\n\t\t\t\t<\/div>\n\t\t\t\t\t<\/div>\n\t\t<\/div>\n\t\t\t\t\t\t\t<\/div>\n\t\t<\/section>\n\t\t\t\t<section class=\"elementor-section elementor-top-section elementor-element elementor-element-f77a1ad elementor-section-boxed elementor-section-height-default elementor-section-height-default\" data-id=\"f77a1ad\" data-element_type=\"section\">\n\t\t\t\t\t\t<div class=\"elementor-container elementor-column-gap-default\">\n\t\t\t\t\t<div class=\"elementor-column elementor-col-25 elementor-top-column elementor-element elementor-element-cea0685\" data-id=\"cea0685\" data-element_type=\"column\" data-settings=\"{&quot;background_background&quot;:&quot;classic&quot;}\">\n\t\t\t<div class=\"elementor-widget-wrap elementor-element-populated\">\n\t\t\t\t\t\t\t\t<div class=\"elementor-element elementor-element-2bf29e2 elementor-widget elementor-widget-image\" data-id=\"2bf29e2\" data-element_type=\"widget\" data-widget_type=\"image.default\">\n\t\t\t\t<div class=\"elementor-widget-container\">\n\t\t\t<style>\/*! elementor - v3.10.1 - 17-01-2023 *\/\n.elementor-widget-image{text-align:center}.elementor-widget-image a{display:inline-block}.elementor-widget-image a img[src$=\".svg\"]{width:48px}.elementor-widget-image img{vertical-align:middle;display:inline-block}<\/style>\t\t\t\t\t\t\t\t\t\t\t\t<img decoding=\"async\" width=\"596\" height=\"410\" src=\"https:\/\/dalyahealthcare.com\/de\/wp-content\/uploads\/2023\/02\/0019_image265.jpg\" class=\"attachment-full size-full wp-image-2315\" alt=\"\" loading=\"lazy\" srcset=\"https:\/\/dalyahealthcare.com\/de\/wp-content\/uploads\/2023\/02\/0019_image265.jpg 596w, https:\/\/dalyahealthcare.com\/de\/wp-content\/uploads\/2023\/02\/0019_image265-300x206.jpg 300w\" sizes=\"(max-width: 596px) 100vw, 596px\" \/>\t\t\t\t\t\t\t\t\t\t\t\t\t\t\t<\/div>\n\t\t\t\t<\/div>\n\t\t\t\t<div class=\"elementor-element elementor-element-47d6234 elementor-widget elementor-widget-heading\" data-id=\"47d6234\" data-element_type=\"widget\" data-widget_type=\"heading.default\">\n\t\t\t\t<div class=\"elementor-widget-container\">\n\t\t\t<h2 class=\"elementor-heading-title elementor-size-default\">Chronisch obstruktive Lungenerkrankung (COPD)<\/h2>\t\t<\/div>\n\t\t\t\t<\/div>\n\t\t\t\t\t<\/div>\n\t\t<\/div>\n\t\t\t\t<div class=\"elementor-column elementor-col-25 elementor-top-column elementor-element elementor-element-47d6005\" data-id=\"47d6005\" data-element_type=\"column\" data-settings=\"{&quot;background_background&quot;:&quot;classic&quot;}\">\n\t\t\t<div class=\"elementor-widget-wrap elementor-element-populated\">\n\t\t\t\t\t\t\t\t<div class=\"elementor-element elementor-element-b3ebcf6 elementor-widget elementor-widget-image\" data-id=\"b3ebcf6\" data-element_type=\"widget\" data-widget_type=\"image.default\">\n\t\t\t\t<div class=\"elementor-widget-container\">\n\t\t\t\t\t\t\t\t\t\t\t\t\t\t\t<img decoding=\"async\" width=\"596\" height=\"410\" src=\"https:\/\/dalyahealthcare.com\/de\/wp-content\/uploads\/2023\/02\/0018_image266.jpg\" class=\"attachment-full size-full wp-image-2316\" alt=\"\" loading=\"lazy\" srcset=\"https:\/\/dalyahealthcare.com\/de\/wp-content\/uploads\/2023\/02\/0018_image266.jpg 596w, https:\/\/dalyahealthcare.com\/de\/wp-content\/uploads\/2023\/02\/0018_image266-300x206.jpg 300w\" sizes=\"(max-width: 596px) 100vw, 596px\" \/>\t\t\t\t\t\t\t\t\t\t\t\t\t\t\t<\/div>\n\t\t\t\t<\/div>\n\t\t\t\t<div class=\"elementor-element elementor-element-69f72b3 elementor-widget elementor-widget-heading\" data-id=\"69f72b3\" data-element_type=\"widget\" data-widget_type=\"heading.default\">\n\t\t\t\t<div class=\"elementor-widget-container\">\n\t\t\t<h2 class=\"elementor-heading-title elementor-size-default\">Lungenkrebs<\/h2>\t\t<\/div>\n\t\t\t\t<\/div>\n\t\t\t\t\t<\/div>\n\t\t<\/div>\n\t\t\t\t<div class=\"elementor-column elementor-col-25 elementor-top-column elementor-element elementor-element-ec454c6\" data-id=\"ec454c6\" data-element_type=\"column\" data-settings=\"{&quot;background_background&quot;:&quot;classic&quot;}\">\n\t\t\t<div class=\"elementor-widget-wrap elementor-element-populated\">\n\t\t\t\t\t\t\t\t<div class=\"elementor-element elementor-element-b3ebba6 elementor-widget elementor-widget-image\" data-id=\"b3ebba6\" data-element_type=\"widget\" data-widget_type=\"image.default\">\n\t\t\t\t<div class=\"elementor-widget-container\">\n\t\t\t\t\t\t\t\t\t\t\t\t\t\t\t<img decoding=\"async\" width=\"596\" height=\"410\" src=\"https:\/\/dalyahealthcare.com\/de\/wp-content\/uploads\/2023\/02\/0017_image267.jpg\" class=\"attachment-full size-full wp-image-2317\" alt=\"\" loading=\"lazy\" srcset=\"https:\/\/dalyahealthcare.com\/de\/wp-content\/uploads\/2023\/02\/0017_image267.jpg 596w, https:\/\/dalyahealthcare.com\/de\/wp-content\/uploads\/2023\/02\/0017_image267-300x206.jpg 300w\" sizes=\"(max-width: 596px) 100vw, 596px\" \/>\t\t\t\t\t\t\t\t\t\t\t\t\t\t\t<\/div>\n\t\t\t\t<\/div>\n\t\t\t\t<div class=\"elementor-element elementor-element-08d54aa elementor-widget elementor-widget-heading\" data-id=\"08d54aa\" data-element_type=\"widget\" data-widget_type=\"heading.default\">\n\t\t\t\t<div class=\"elementor-widget-container\">\n\t\t\t<h2 class=\"elementor-heading-title elementor-size-default\">Asthma und allergische Lungenerkrankungen<\/h2>\t\t<\/div>\n\t\t\t\t<\/div>\n\t\t\t\t\t<\/div>\n\t\t<\/div>\n\t\t\t\t<div class=\"elementor-column elementor-col-25 elementor-top-column elementor-element elementor-element-1cc55f4\" data-id=\"1cc55f4\" data-element_type=\"column\" data-settings=\"{&quot;background_background&quot;:&quot;classic&quot;}\">\n\t\t\t<div class=\"elementor-widget-wrap elementor-element-populated\">\n\t\t\t\t\t\t\t\t<div class=\"elementor-element elementor-element-ea3c291 elementor-widget elementor-widget-image\" data-id=\"ea3c291\" data-element_type=\"widget\" data-widget_type=\"image.default\">\n\t\t\t\t<div class=\"elementor-widget-container\">\n\t\t\t\t\t\t\t\t\t\t\t\t\t\t\t<img decoding=\"async\" width=\"596\" height=\"410\" src=\"https:\/\/dalyahealthcare.com\/de\/wp-content\/uploads\/2023\/02\/0016_image268.jpg\" class=\"attachment-full size-full wp-image-2318\" alt=\"\" loading=\"lazy\" srcset=\"https:\/\/dalyahealthcare.com\/de\/wp-content\/uploads\/2023\/02\/0016_image268.jpg 596w, https:\/\/dalyahealthcare.com\/de\/wp-content\/uploads\/2023\/02\/0016_image268-300x206.jpg 300w\" sizes=\"(max-width: 596px) 100vw, 596px\" \/>\t\t\t\t\t\t\t\t\t\t\t\t\t\t\t<\/div>\n\t\t\t\t<\/div>\n\t\t\t\t<div class=\"elementor-element elementor-element-d216424 elementor-widget elementor-widget-heading\" data-id=\"d216424\" data-element_type=\"widget\" data-widget_type=\"heading.default\">\n\t\t\t\t<div class=\"elementor-widget-container\">\n\t\t\t<h2 class=\"elementor-heading-title elementor-size-default\">Chronischer Husten<\/h2>\t\t<\/div>\n\t\t\t\t<\/div>\n\t\t\t\t\t<\/div>\n\t\t<\/div>\n\t\t\t\t\t\t\t<\/div>\n\t\t<\/section>\n\t\t\t\t<section class=\"elementor-section elementor-top-section elementor-element elementor-element-8bbeeb7 elementor-section-boxed elementor-section-height-default elementor-section-height-default\" data-id=\"8bbeeb7\" data-element_type=\"section\">\n\t\t\t\t\t\t<div class=\"elementor-container elementor-column-gap-default\">\n\t\t\t\t\t<div class=\"elementor-column elementor-col-25 elementor-top-column elementor-element elementor-element-0c091ac\" data-id=\"0c091ac\" data-element_type=\"column\" data-settings=\"{&quot;background_background&quot;:&quot;classic&quot;}\">\n\t\t\t<div class=\"elementor-widget-wrap elementor-element-populated\">\n\t\t\t\t\t\t\t\t<div class=\"elementor-element elementor-element-ded8deb elementor-widget elementor-widget-image\" data-id=\"ded8deb\" data-element_type=\"widget\" data-widget_type=\"image.default\">\n\t\t\t\t<div class=\"elementor-widget-container\">\n\t\t\t\t\t\t\t\t\t\t\t\t\t\t\t<img decoding=\"async\" width=\"596\" height=\"410\" src=\"https:\/\/dalyahealthcare.com\/de\/wp-content\/uploads\/2023\/02\/0015_image269.jpg\" class=\"attachment-full size-full wp-image-2319\" alt=\"\" loading=\"lazy\" srcset=\"https:\/\/dalyahealthcare.com\/de\/wp-content\/uploads\/2023\/02\/0015_image269.jpg 596w, https:\/\/dalyahealthcare.com\/de\/wp-content\/uploads\/2023\/02\/0015_image269-300x206.jpg 300w\" sizes=\"(max-width: 596px) 100vw, 596px\" \/>\t\t\t\t\t\t\t\t\t\t\t\t\t\t\t<\/div>\n\t\t\t\t<\/div>\n\t\t\t\t<div class=\"elementor-element elementor-element-1ca7199 elementor-widget elementor-widget-heading\" data-id=\"1ca7199\" data-element_type=\"widget\" data-widget_type=\"heading.default\">\n\t\t\t\t<div class=\"elementor-widget-container\">\n\t\t\t<h2 class=\"elementor-heading-title elementor-size-default\">Lungenentz\u00fcndung (Pneumonie)<\/h2>\t\t<\/div>\n\t\t\t\t<\/div>\n\t\t\t\t\t<\/div>\n\t\t<\/div>\n\t\t\t\t<div class=\"elementor-column elementor-col-25 elementor-top-column elementor-element elementor-element-bd4658f\" data-id=\"bd4658f\" data-element_type=\"column\" data-settings=\"{&quot;background_background&quot;:&quot;classic&quot;}\">\n\t\t\t<div class=\"elementor-widget-wrap elementor-element-populated\">\n\t\t\t\t\t\t\t\t<div class=\"elementor-element elementor-element-763cffa elementor-widget elementor-widget-image\" data-id=\"763cffa\" data-element_type=\"widget\" data-widget_type=\"image.default\">\n\t\t\t\t<div class=\"elementor-widget-container\">\n\t\t\t\t\t\t\t\t\t\t\t\t\t\t\t<img decoding=\"async\" width=\"596\" height=\"410\" src=\"https:\/\/dalyahealthcare.com\/de\/wp-content\/uploads\/2023\/02\/0014_image270.jpg\" class=\"attachment-full size-full wp-image-2320\" alt=\"\" loading=\"lazy\" srcset=\"https:\/\/dalyahealthcare.com\/de\/wp-content\/uploads\/2023\/02\/0014_image270.jpg 596w, https:\/\/dalyahealthcare.com\/de\/wp-content\/uploads\/2023\/02\/0014_image270-300x206.jpg 300w\" sizes=\"(max-width: 596px) 100vw, 596px\" \/>\t\t\t\t\t\t\t\t\t\t\t\t\t\t\t<\/div>\n\t\t\t\t<\/div>\n\t\t\t\t<div class=\"elementor-element elementor-element-10fdf1b elementor-widget elementor-widget-heading\" data-id=\"10fdf1b\" data-element_type=\"widget\" data-widget_type=\"heading.default\">\n\t\t\t\t<div class=\"elementor-widget-container\">\n\t\t\t<h2 class=\"elementor-heading-title elementor-size-default\">Lungensterben (Pneumothorax)<\/h2>\t\t<\/div>\n\t\t\t\t<\/div>\n\t\t\t\t\t<\/div>\n\t\t<\/div>\n\t\t\t\t<div class=\"elementor-column elementor-col-25 elementor-top-column elementor-element elementor-element-eb5ec11\" data-id=\"eb5ec11\" data-element_type=\"column\" data-settings=\"{&quot;background_background&quot;:&quot;classic&quot;}\">\n\t\t\t<div class=\"elementor-widget-wrap elementor-element-populated\">\n\t\t\t\t\t\t\t\t<div class=\"elementor-element elementor-element-31208b9 elementor-widget elementor-widget-image\" data-id=\"31208b9\" data-element_type=\"widget\" data-widget_type=\"image.default\">\n\t\t\t\t<div class=\"elementor-widget-container\">\n\t\t\t\t\t\t\t\t\t\t\t\t\t\t\t<img decoding=\"async\" width=\"596\" height=\"410\" src=\"https:\/\/dalyahealthcare.com\/de\/wp-content\/uploads\/2023\/02\/0013_image271.jpg\" class=\"attachment-full size-full wp-image-2321\" alt=\"\" loading=\"lazy\" srcset=\"https:\/\/dalyahealthcare.com\/de\/wp-content\/uploads\/2023\/02\/0013_image271.jpg 596w, https:\/\/dalyahealthcare.com\/de\/wp-content\/uploads\/2023\/02\/0013_image271-300x206.jpg 300w\" sizes=\"(max-width: 596px) 100vw, 596px\" \/>\t\t\t\t\t\t\t\t\t\t\t\t\t\t\t<\/div>\n\t\t\t\t<\/div>\n\t\t\t\t<div class=\"elementor-element elementor-element-4b58e32 elementor-widget elementor-widget-heading\" data-id=\"4b58e32\" data-element_type=\"widget\" data-widget_type=\"heading.default\">\n\t\t\t\t<div class=\"elementor-widget-container\">\n\t\t\t<h2 class=\"elementor-heading-title elementor-size-default\">Lungenembolie<\/h2>\t\t<\/div>\n\t\t\t\t<\/div>\n\t\t\t\t\t<\/div>\n\t\t<\/div>\n\t\t\t\t<div class=\"elementor-column elementor-col-25 elementor-top-column elementor-element elementor-element-94ed6dd\" data-id=\"94ed6dd\" data-element_type=\"column\" data-settings=\"{&quot;background_background&quot;:&quot;classic&quot;}\">\n\t\t\t<div class=\"elementor-widget-wrap elementor-element-populated\">\n\t\t\t\t\t\t\t\t<div class=\"elementor-element elementor-element-fa6c704 elementor-widget elementor-widget-image\" data-id=\"fa6c704\" data-element_type=\"widget\" data-widget_type=\"image.default\">\n\t\t\t\t<div class=\"elementor-widget-container\">\n\t\t\t\t\t\t\t\t\t\t\t\t\t\t\t<img decoding=\"async\" width=\"596\" height=\"410\" src=\"https:\/\/dalyahealthcare.com\/de\/wp-content\/uploads\/2023\/02\/0012_image272.jpg\" class=\"attachment-full size-full wp-image-2322\" alt=\"\" loading=\"lazy\" srcset=\"https:\/\/dalyahealthcare.com\/de\/wp-content\/uploads\/2023\/02\/0012_image272.jpg 596w, https:\/\/dalyahealthcare.com\/de\/wp-content\/uploads\/2023\/02\/0012_image272-300x206.jpg 300w\" sizes=\"(max-width: 596px) 100vw, 596px\" \/>\t\t\t\t\t\t\t\t\t\t\t\t\t\t\t<\/div>\n\t\t\t\t<\/div>\n\t\t\t\t<div class=\"elementor-element elementor-element-5f70411 elementor-widget elementor-widget-heading\" data-id=\"5f70411\" data-element_type=\"widget\" data-widget_type=\"heading.default\">\n\t\t\t\t<div class=\"elementor-widget-container\">\n\t\t\t<h2 class=\"elementor-heading-title elementor-size-default\">Sarkoidose<\/h2>\t\t<\/div>\n\t\t\t\t<\/div>\n\t\t\t\t\t<\/div>\n\t\t<\/div>\n\t\t\t\t\t\t\t<\/div>\n\t\t<\/section>\n\t\t\t\t<section class=\"elementor-section elementor-top-section elementor-element elementor-element-8ed7bbc elementor-section-boxed elementor-section-height-default elementor-section-height-default\" data-id=\"8ed7bbc\" data-element_type=\"section\">\n\t\t\t\t\t\t<div class=\"elementor-container elementor-column-gap-default\">\n\t\t\t\t\t<div class=\"elementor-column elementor-col-25 elementor-top-column elementor-element elementor-element-4a614d1\" data-id=\"4a614d1\" data-element_type=\"column\" data-settings=\"{&quot;background_background&quot;:&quot;classic&quot;}\">\n\t\t\t<div class=\"elementor-widget-wrap elementor-element-populated\">\n\t\t\t\t\t\t\t\t<div class=\"elementor-element elementor-element-3ef615f elementor-widget elementor-widget-image\" data-id=\"3ef615f\" data-element_type=\"widget\" data-widget_type=\"image.default\">\n\t\t\t\t<div class=\"elementor-widget-container\">\n\t\t\t\t\t\t\t\t\t\t\t\t\t\t\t<img decoding=\"async\" width=\"596\" height=\"410\" src=\"https:\/\/dalyahealthcare.com\/de\/wp-content\/uploads\/2023\/02\/0011_image273.jpg\" class=\"attachment-full size-full wp-image-2323\" alt=\"\" loading=\"lazy\" srcset=\"https:\/\/dalyahealthcare.com\/de\/wp-content\/uploads\/2023\/02\/0011_image273.jpg 596w, https:\/\/dalyahealthcare.com\/de\/wp-content\/uploads\/2023\/02\/0011_image273-300x206.jpg 300w\" sizes=\"(max-width: 596px) 100vw, 596px\" \/>\t\t\t\t\t\t\t\t\t\t\t\t\t\t\t<\/div>\n\t\t\t\t<\/div>\n\t\t\t\t<div class=\"elementor-element elementor-element-8689d9e elementor-widget elementor-widget-heading\" data-id=\"8689d9e\" data-element_type=\"widget\" data-widget_type=\"heading.default\">\n\t\t\t\t<div class=\"elementor-widget-container\">\n\t\t\t<h2 class=\"elementor-heading-title elementor-size-default\">Pleuritis<\/h2>\t\t<\/div>\n\t\t\t\t<\/div>\n\t\t\t\t\t<\/div>\n\t\t<\/div>\n\t\t\t\t<div class=\"elementor-column elementor-col-25 elementor-top-column elementor-element elementor-element-ec7792a\" data-id=\"ec7792a\" data-element_type=\"column\" data-settings=\"{&quot;background_background&quot;:&quot;classic&quot;}\">\n\t\t\t<div class=\"elementor-widget-wrap elementor-element-populated\">\n\t\t\t\t\t\t\t\t<div class=\"elementor-element elementor-element-b082f7b elementor-widget elementor-widget-image\" data-id=\"b082f7b\" data-element_type=\"widget\" data-widget_type=\"image.default\">\n\t\t\t\t<div class=\"elementor-widget-container\">\n\t\t\t\t\t\t\t\t\t\t\t\t\t\t\t<img decoding=\"async\" width=\"596\" height=\"410\" src=\"https:\/\/dalyahealthcare.com\/de\/wp-content\/uploads\/2023\/02\/0010_image274.jpg\" class=\"attachment-full size-full wp-image-2324\" alt=\"\" loading=\"lazy\" srcset=\"https:\/\/dalyahealthcare.com\/de\/wp-content\/uploads\/2023\/02\/0010_image274.jpg 596w, https:\/\/dalyahealthcare.com\/de\/wp-content\/uploads\/2023\/02\/0010_image274-300x206.jpg 300w\" sizes=\"(max-width: 596px) 100vw, 596px\" \/>\t\t\t\t\t\t\t\t\t\t\t\t\t\t\t<\/div>\n\t\t\t\t<\/div>\n\t\t\t\t<div class=\"elementor-element elementor-element-42154c3 elementor-widget elementor-widget-heading\" data-id=\"42154c3\" data-element_type=\"widget\" data-widget_type=\"heading.default\">\n\t\t\t\t<div class=\"elementor-widget-container\">\n\t\t\t<h2 class=\"elementor-heading-title elementor-size-default\">Mit dem Rauchen in Zusammenhang stehende Krankheiten und Methoden zum Aufh\u00f6ren<\/h2>\t\t<\/div>\n\t\t\t\t<\/div>\n\t\t\t\t\t<\/div>\n\t\t<\/div>\n\t\t\t\t<div class=\"elementor-column elementor-col-25 elementor-top-column elementor-element elementor-element-766cd10\" data-id=\"766cd10\" data-element_type=\"column\" data-settings=\"{&quot;background_background&quot;:&quot;classic&quot;}\">\n\t\t\t<div class=\"elementor-widget-wrap elementor-element-populated\">\n\t\t\t\t\t\t\t\t<div class=\"elementor-element elementor-element-5580ccc elementor-widget elementor-widget-image\" data-id=\"5580ccc\" data-element_type=\"widget\" data-widget_type=\"image.default\">\n\t\t\t\t<div class=\"elementor-widget-container\">\n\t\t\t\t\t\t\t\t\t\t\t\t\t\t\t<img decoding=\"async\" width=\"596\" height=\"410\" src=\"https:\/\/dalyahealthcare.com\/de\/wp-content\/uploads\/2023\/02\/0009_image275.jpg\" class=\"attachment-full size-full wp-image-2325\" alt=\"\" loading=\"lazy\" srcset=\"https:\/\/dalyahealthcare.com\/de\/wp-content\/uploads\/2023\/02\/0009_image275.jpg 596w, https:\/\/dalyahealthcare.com\/de\/wp-content\/uploads\/2023\/02\/0009_image275-300x206.jpg 300w\" sizes=\"(max-width: 596px) 100vw, 596px\" \/>\t\t\t\t\t\t\t\t\t\t\t\t\t\t\t<\/div>\n\t\t\t\t<\/div>\n\t\t\t\t<div class=\"elementor-element elementor-element-d1ab07e elementor-widget elementor-widget-heading\" data-id=\"d1ab07e\" data-element_type=\"widget\" data-widget_type=\"heading.default\">\n\t\t\t\t<div class=\"elementor-widget-container\">\n\t\t\t<h2 class=\"elementor-heading-title elementor-size-default\">Schlafapnoe<\/h2>\t\t<\/div>\n\t\t\t\t<\/div>\n\t\t\t\t\t<\/div>\n\t\t<\/div>\n\t\t\t\t<div class=\"elementor-column elementor-col-25 elementor-top-column elementor-element elementor-element-aeea285\" data-id=\"aeea285\" data-element_type=\"column\">\n\t\t\t<div class=\"elementor-widget-wrap\">\n\t\t\t\t\t\t\t\t\t<\/div>\n\t\t<\/div>\n\t\t\t\t\t\t\t<\/div>\n\t\t<\/section>\n\t\t\t\t<section class=\"elementor-section elementor-top-section elementor-element elementor-element-61d75eb3 elementor-section-height-min-height elementor-section-boxed elementor-section-height-default elementor-section-items-middle\" data-id=\"61d75eb3\" data-element_type=\"section\">\n\t\t\t\t\t\t<div class=\"elementor-container elementor-column-gap-default\">\n\t\t\t\t\t<div class=\"elementor-column elementor-col-100 elementor-top-column elementor-element elementor-element-4c405633\" data-id=\"4c405633\" data-element_type=\"column\">\n\t\t\t<div class=\"elementor-widget-wrap elementor-element-populated\">\n\t\t\t\t\t\t\t\t<div class=\"elementor-element elementor-element-31d7a18e elementor-widget elementor-widget-text-editor\" data-id=\"31d7a18e\" data-element_type=\"widget\" data-widget_type=\"text-editor.default\">\n\t\t\t\t<div class=\"elementor-widget-container\">\n\t\t\t<style>\/*! elementor - v3.10.1 - 17-01-2023 *\/\n.elementor-widget-text-editor.elementor-drop-cap-view-stacked .elementor-drop-cap{background-color:#818a91;color:#fff}.elementor-widget-text-editor.elementor-drop-cap-view-framed .elementor-drop-cap{color:#818a91;border:3px solid;background-color:transparent}.elementor-widget-text-editor:not(.elementor-drop-cap-view-default) .elementor-drop-cap{margin-top:8px}.elementor-widget-text-editor:not(.elementor-drop-cap-view-default) .elementor-drop-cap-letter{width:1em;height:1em}.elementor-widget-text-editor .elementor-drop-cap{float:left;text-align:center;line-height:1;font-size:50px}.elementor-widget-text-editor .elementor-drop-cap-letter{display:inline-block}<\/style>\t\t\t\t<p>Thoraxerkrankungen ist eine Abteilung, die sich mit der Diagnose und Behandlung von Erkrankungen des Atmungs- und Lungensystems befasst. Mit dieser Abteilung wird es m\u00f6glich, mehr als eine Krankheit zu behandeln. Wir k\u00f6nnen diese Krankheiten und St\u00f6rungen wie folgt auflisten:<\/p>\n<ul>\n<li>Allergische Erkrankungen<\/li>\n<li>Asthma und Bronchitis<\/li>\n<li>Lungenentz\u00fcndung<\/li>\n<li>Chronisch obstruktive Lungenerkrankung<\/li>\n<li>Lungenembolie<\/li>\n<li>Tuberkulose<\/li>\n<li>Verschiedene Probleme nach Rauchsucht<\/li>\n<li>Atmungsst\u00f6rungen im Schlaf<\/li>\n<\/ul>\n<p>Diese und viele andere Probleme werden bei Brusterkrankungen gel\u00f6st. Die fortschrittlichen Werkzeuge in der Abteilung sind die Werkzeuge, die uns die fortschreitende medizinische Wissenschaft und Technologie bietet. Diese Instrumente, die bei Diagnose und Behandlung eine gro\u00dfe Unterst\u00fctzung bieten, liefern radiologische Bildgebung und erm\u00f6glichen Labortests, um genaue Ergebnisse zu liefern.<\/p>\n<p>Die Abteilung f\u00fcr Lungenkrankheiten verwendet w\u00e4hrend der durchgef\u00fchrten Behandlungen mehrere Solo-Lungenfunktionstests. Insbesondere wird der Patient mit Atemwegsbeschwerden diesen Tests unterzogen und eingehend untersucht. Alle Details, wie die Probleme der Atemnot der Menschen, zu lernen, ob diese Probleme vom Herzen oder von der Lunge kommen, werden als Ergebnis dieser Verfahren gelernt. Thorax-\u00c4rzte, die Experten auf ihrem Gebiet sind, werten im Rahmen aller Befunde aus und legen die richtige Behandlungsmethode f\u00fcr Patienten fest. Durch diese Behandlungsmethoden f\u00fchlen sich die Patienten in kurzer Zeit besser. Wenn Sie auch unter Atemwegs- und \u00e4hnlichen Problemen leiden, k\u00f6nnen Sie durch eine Untersuchung in der Abteilung f\u00fcr Brusterkrankungen einen erfolgreichen Behandlungsprozess durchf\u00fchren.<\/p>\t\t\t\t\t\t<\/div>\n\t\t\t\t<\/div>\n\t\t\t\t\t<\/div>\n\t\t<\/div>\n\t\t\t\t\t\t\t<\/div>\n\t\t<\/section>\n\t\t\t\t\t\t\t<\/div>\n\t\t","protected":false},"excerpt":{"rendered":"<p>Dalya Health Care Chronisch obstruktive Lungenerkrankung (COPD) Lungenkrebs Asthma und allergische Lungenerkrankungen Chronischer Husten Lungenentz\u00fcndung (Pneumonie) Lungensterben (Pneumothorax) Lungenembolie Sarkoidose Pleuritis Mit dem Rauchen in Zusammenhang stehende Krankheiten und Methoden zum Aufh\u00f6ren Schlafapnoe Thoraxerkrankungen ist eine Abteilung, die sich mit der Diagnose und Behandlung von Erkrankungen des Atmungs- und Lungensystems befasst. Mit dieser Abteilung wird [&hellip;]<\/p>\n","protected":false},"author":1,"featured_media":223,"parent":0,"menu_order":0,"comment_status":"closed","ping_status":"closed","template":"elementor_header_footer","meta":[],"acf":[],"_links":{"self":[{"href":"https:\/\/dalyahealthcare.com\/de\/wp-json\/wp\/v2\/pages\/193"}],"collection":[{"href":"https:\/\/dalyahealthcare.com\/de\/wp-json\/wp\/v2\/pages"}],"about":[{"href":"https:\/\/dalyahealthcare.com\/de\/wp-json\/wp\/v2\/types\/page"}],"author":[{"embeddable":true,"href":"https:\/\/dalyahealthcare.com\/de\/wp-json\/wp\/v2\/users\/1"}],"replies":[{"embeddable":true,"href":"https:\/\/dalyahealthcare.com\/de\/wp-json\/wp\/v2\/comments?post=193"}],"version-history":[{"count":3,"href":"https:\/\/dalyahealthcare.com\/de\/wp-json\/wp\/v2\/pages\/193\/revisions"}],"predecessor-version":[{"id":2725,"href":"https:\/\/dalyahealthcare.com\/de\/wp-json\/wp\/v2\/pages\/193\/revisions\/2725"}],"wp:featuredmedia":[{"embeddable":true,"href":"https:\/\/dalyahealthcare.com\/de\/wp-json\/wp\/v2\/media\/223"}],"wp:attachment":[{"href":"https:\/\/dalyahealthcare.com\/de\/wp-json\/wp\/v2\/media?parent=193"}],"curies":[{"name":"wp","href":"https:\/\/api.w.org\/{rel}","templated":true}]}}