{"id":191,"date":"2023-01-18T16:06:25","date_gmt":"2023-01-18T13:06:25","guid":{"rendered":"http:\/\/dalyamed.demositeler.xyz\/?page_id=191"},"modified":"2023-02-13T16:43:13","modified_gmt":"2023-02-13T13:43:13","slug":"physiotherapie","status":"publish","type":"page","link":"https:\/\/dalyahealthcare.com\/de\/physiotherapie\/","title":{"rendered":"Physiotherapie"},"content":{"rendered":"\t\t<div data-elementor-type=\"wp-page\" data-elementor-id=\"191\" class=\"elementor elementor-191\">\n\t\t\t\t\t\t\t\t\t<section class=\"elementor-section elementor-top-section elementor-element elementor-element-dfc0a3d elementor-section-height-min-height elementor-section-boxed elementor-section-height-default elementor-section-items-middle elementor-invisible\" data-id=\"dfc0a3d\" data-element_type=\"section\" data-settings=\"{&quot;background_background&quot;:&quot;classic&quot;,&quot;animation&quot;:&quot;slideInDown&quot;}\">\n\t\t\t\t\t\t\t<div class=\"elementor-background-overlay\"><\/div>\n\t\t\t\t\t\t\t<div class=\"elementor-container elementor-column-gap-default\">\n\t\t\t\t\t<div class=\"elementor-column elementor-col-100 elementor-top-column elementor-element elementor-element-d852e24\" data-id=\"d852e24\" data-element_type=\"column\">\n\t\t\t<div class=\"elementor-widget-wrap elementor-element-populated\">\n\t\t\t\t\t\t\t\t<div class=\"elementor-element elementor-element-08f1fc1 elementor-align-flex-start elementor-mobile-align-center elementor-widget elementor-widget-raven-breadcrumbs\" data-id=\"08f1fc1\" data-element_type=\"widget\" data-widget_type=\"raven-breadcrumbs.default\">\n\t\t\t\t<div class=\"elementor-widget-container\">\n\t\t\t<div class=\"raven-breadcrumbs raven-breadcrumbs-navxt\"><div class=\"breadcrumb\" typeof=\"BreadcrumbList\" vocab=\"https:\/\/schema.org\/\"><!-- Breadcrumb NavXT 7.2.0 -->\n<span property=\"itemListElement\" typeof=\"ListItem\"><a property=\"item\" typeof=\"WebPage\" title=\"Go to Dalya Health Care.\" href=\"https:\/\/dalyahealthcare.com\/de\" class=\"home\" aria-current=\"page\"><span property=\"name\">Dalya Health Care<\/span><\/a><meta property=\"position\" content=\"1\"><\/span><\/div><\/div>\t\t<\/div>\n\t\t\t\t<\/div>\n\t\t\t\t<div class=\"elementor-element elementor-element-85b100a elementor-widget elementor-widget-heading\" data-id=\"85b100a\" data-element_type=\"widget\" data-widget_type=\"heading.default\">\n\t\t\t\t<div class=\"elementor-widget-container\">\n\t\t\t<style>\/*! elementor - v3.10.1 - 17-01-2023 *\/\n.elementor-heading-title{padding:0;margin:0;line-height:1}.elementor-widget-heading .elementor-heading-title[class*=elementor-size-]>a{color:inherit;font-size:inherit;line-height:inherit}.elementor-widget-heading .elementor-heading-title.elementor-size-small{font-size:15px}.elementor-widget-heading .elementor-heading-title.elementor-size-medium{font-size:19px}.elementor-widget-heading .elementor-heading-title.elementor-size-large{font-size:29px}.elementor-widget-heading .elementor-heading-title.elementor-size-xl{font-size:39px}.elementor-widget-heading .elementor-heading-title.elementor-size-xxl{font-size:59px}<\/style><h2 class=\"elementor-heading-title elementor-size-default\">Physiotherapie<\/h2>\t\t<\/div>\n\t\t\t\t<\/div>\n\t\t\t\t\t<\/div>\n\t\t<\/div>\n\t\t\t\t\t\t\t<\/div>\n\t\t<\/section>\n\t\t\t\t<section class=\"elementor-section elementor-top-section elementor-element elementor-element-81e2373 elementor-section-boxed elementor-section-height-default elementor-section-height-default\" data-id=\"81e2373\" data-element_type=\"section\">\n\t\t\t\t\t\t<div class=\"elementor-container elementor-column-gap-default\">\n\t\t\t\t\t<div class=\"elementor-column elementor-col-25 elementor-top-column elementor-element elementor-element-5e34113\" data-id=\"5e34113\" data-element_type=\"column\" data-settings=\"{&quot;background_background&quot;:&quot;classic&quot;}\">\n\t\t\t<div class=\"elementor-widget-wrap elementor-element-populated\">\n\t\t\t\t\t\t\t\t<div class=\"elementor-element elementor-element-eab8786 elementor-widget elementor-widget-image\" data-id=\"eab8786\" data-element_type=\"widget\" data-widget_type=\"image.default\">\n\t\t\t\t<div class=\"elementor-widget-container\">\n\t\t\t<style>\/*! elementor - v3.10.1 - 17-01-2023 *\/\n.elementor-widget-image{text-align:center}.elementor-widget-image a{display:inline-block}.elementor-widget-image a img[src$=\".svg\"]{width:48px}.elementor-widget-image img{vertical-align:middle;display:inline-block}<\/style>\t\t\t\t\t\t\t\t\t\t\t\t<img decoding=\"async\" width=\"596\" height=\"410\" src=\"https:\/\/dalyahealthcare.com\/de\/wp-content\/uploads\/2023\/02\/0025_image259.jpg\" class=\"attachment-full size-full wp-image-2304\" alt=\"\" loading=\"lazy\" srcset=\"https:\/\/dalyahealthcare.com\/de\/wp-content\/uploads\/2023\/02\/0025_image259.jpg 596w, https:\/\/dalyahealthcare.com\/de\/wp-content\/uploads\/2023\/02\/0025_image259-300x206.jpg 300w\" sizes=\"(max-width: 596px) 100vw, 596px\" \/>\t\t\t\t\t\t\t\t\t\t\t\t\t\t\t<\/div>\n\t\t\t\t<\/div>\n\t\t\t\t<div class=\"elementor-element elementor-element-1b88b35 elementor-widget elementor-widget-heading\" data-id=\"1b88b35\" data-element_type=\"widget\" data-widget_type=\"heading.default\">\n\t\t\t\t<div class=\"elementor-widget-container\">\n\t\t\t<h2 class=\"elementor-heading-title elementor-size-default\">Physiotherapie des Beckenbodens<\/h2>\t\t<\/div>\n\t\t\t\t<\/div>\n\t\t\t\t\t<\/div>\n\t\t<\/div>\n\t\t\t\t<div class=\"elementor-column elementor-col-25 elementor-top-column elementor-element elementor-element-aafa3eb\" data-id=\"aafa3eb\" data-element_type=\"column\" data-settings=\"{&quot;background_background&quot;:&quot;classic&quot;}\">\n\t\t\t<div class=\"elementor-widget-wrap elementor-element-populated\">\n\t\t\t\t\t\t\t\t<div class=\"elementor-element elementor-element-1e02c15 elementor-widget elementor-widget-image\" data-id=\"1e02c15\" data-element_type=\"widget\" data-widget_type=\"image.default\">\n\t\t\t\t<div class=\"elementor-widget-container\">\n\t\t\t\t\t\t\t\t\t\t\t\t\t\t\t<img decoding=\"async\" width=\"596\" height=\"410\" src=\"https:\/\/dalyahealthcare.com\/de\/wp-content\/uploads\/2023\/02\/0024_image260.jpg\" class=\"attachment-full size-full wp-image-2305\" alt=\"\" loading=\"lazy\" srcset=\"https:\/\/dalyahealthcare.com\/de\/wp-content\/uploads\/2023\/02\/0024_image260.jpg 596w, https:\/\/dalyahealthcare.com\/de\/wp-content\/uploads\/2023\/02\/0024_image260-300x206.jpg 300w\" sizes=\"(max-width: 596px) 100vw, 596px\" \/>\t\t\t\t\t\t\t\t\t\t\t\t\t\t\t<\/div>\n\t\t\t\t<\/div>\n\t\t\t\t<div class=\"elementor-element elementor-element-a005802 elementor-widget elementor-widget-heading\" data-id=\"a005802\" data-element_type=\"widget\" data-widget_type=\"heading.default\">\n\t\t\t\t<div class=\"elementor-widget-container\">\n\t\t\t<h2 class=\"elementor-heading-title elementor-size-default\">Nackenbruch<\/h2>\t\t<\/div>\n\t\t\t\t<\/div>\n\t\t\t\t\t<\/div>\n\t\t<\/div>\n\t\t\t\t<div class=\"elementor-column elementor-col-25 elementor-top-column elementor-element elementor-element-cfad88e\" data-id=\"cfad88e\" data-element_type=\"column\" data-settings=\"{&quot;background_background&quot;:&quot;classic&quot;}\">\n\t\t\t<div class=\"elementor-widget-wrap elementor-element-populated\">\n\t\t\t\t\t\t\t\t<div class=\"elementor-element elementor-element-5e0cf66 elementor-widget elementor-widget-image\" data-id=\"5e0cf66\" data-element_type=\"widget\" data-widget_type=\"image.default\">\n\t\t\t\t<div class=\"elementor-widget-container\">\n\t\t\t\t\t\t\t\t\t\t\t\t\t\t\t<img decoding=\"async\" width=\"596\" height=\"410\" src=\"https:\/\/dalyahealthcare.com\/de\/wp-content\/uploads\/2023\/02\/0023_image261.jpg\" class=\"attachment-full size-full wp-image-2306\" alt=\"\" loading=\"lazy\" srcset=\"https:\/\/dalyahealthcare.com\/de\/wp-content\/uploads\/2023\/02\/0023_image261.jpg 596w, https:\/\/dalyahealthcare.com\/de\/wp-content\/uploads\/2023\/02\/0023_image261-300x206.jpg 300w\" sizes=\"(max-width: 596px) 100vw, 596px\" \/>\t\t\t\t\t\t\t\t\t\t\t\t\t\t\t<\/div>\n\t\t\t\t<\/div>\n\t\t\t\t<div class=\"elementor-element elementor-element-cc6a66b elementor-widget elementor-widget-heading\" data-id=\"cc6a66b\" data-element_type=\"widget\" data-widget_type=\"heading.default\">\n\t\t\t\t<div class=\"elementor-widget-container\">\n\t\t\t<h2 class=\"elementor-heading-title elementor-size-default\">Fersensporn<\/h2>\t\t<\/div>\n\t\t\t\t<\/div>\n\t\t\t\t\t<\/div>\n\t\t<\/div>\n\t\t\t\t<div class=\"elementor-column elementor-col-25 elementor-top-column elementor-element elementor-element-d9e3fa9\" data-id=\"d9e3fa9\" data-element_type=\"column\" data-settings=\"{&quot;background_background&quot;:&quot;classic&quot;}\">\n\t\t\t<div class=\"elementor-widget-wrap elementor-element-populated\">\n\t\t\t\t\t\t\t\t<div class=\"elementor-element elementor-element-cf98edb elementor-widget elementor-widget-image\" data-id=\"cf98edb\" data-element_type=\"widget\" data-widget_type=\"image.default\">\n\t\t\t\t<div class=\"elementor-widget-container\">\n\t\t\t\t\t\t\t\t\t\t\t\t\t\t\t<img decoding=\"async\" width=\"596\" height=\"410\" src=\"https:\/\/dalyahealthcare.com\/de\/wp-content\/uploads\/2023\/02\/0022_image262.jpg\" class=\"attachment-full size-full wp-image-2307\" alt=\"\" loading=\"lazy\" srcset=\"https:\/\/dalyahealthcare.com\/de\/wp-content\/uploads\/2023\/02\/0022_image262.jpg 596w, https:\/\/dalyahealthcare.com\/de\/wp-content\/uploads\/2023\/02\/0022_image262-300x206.jpg 300w\" sizes=\"(max-width: 596px) 100vw, 596px\" \/>\t\t\t\t\t\t\t\t\t\t\t\t\t\t\t<\/div>\n\t\t\t\t<\/div>\n\t\t\t\t<div class=\"elementor-element elementor-element-615d92e elementor-widget elementor-widget-heading\" data-id=\"615d92e\" data-element_type=\"widget\" data-widget_type=\"heading.default\">\n\t\t\t\t<div class=\"elementor-widget-container\">\n\t\t\t<h2 class=\"elementor-heading-title elementor-size-default\">Meniskus<\/h2>\t\t<\/div>\n\t\t\t\t<\/div>\n\t\t\t\t\t<\/div>\n\t\t<\/div>\n\t\t\t\t\t\t\t<\/div>\n\t\t<\/section>\n\t\t\t\t<section class=\"elementor-section elementor-top-section elementor-element elementor-element-d37d974 elementor-section-boxed elementor-section-height-default elementor-section-height-default\" data-id=\"d37d974\" data-element_type=\"section\">\n\t\t\t\t\t\t<div class=\"elementor-container elementor-column-gap-default\">\n\t\t\t\t\t<div class=\"elementor-column elementor-col-25 elementor-top-column elementor-element elementor-element-684fc96\" data-id=\"684fc96\" data-element_type=\"column\" data-settings=\"{&quot;background_background&quot;:&quot;classic&quot;}\">\n\t\t\t<div class=\"elementor-widget-wrap elementor-element-populated\">\n\t\t\t\t\t\t\t\t<div class=\"elementor-element elementor-element-b8eb991 elementor-widget elementor-widget-image\" data-id=\"b8eb991\" data-element_type=\"widget\" data-widget_type=\"image.default\">\n\t\t\t\t<div class=\"elementor-widget-container\">\n\t\t\t\t\t\t\t\t\t\t\t\t\t\t\t<img decoding=\"async\" width=\"596\" height=\"410\" src=\"https:\/\/dalyahealthcare.com\/de\/wp-content\/uploads\/2023\/02\/0021_image263.jpg\" class=\"attachment-full size-full wp-image-2308\" alt=\"\" loading=\"lazy\" srcset=\"https:\/\/dalyahealthcare.com\/de\/wp-content\/uploads\/2023\/02\/0021_image263.jpg 596w, https:\/\/dalyahealthcare.com\/de\/wp-content\/uploads\/2023\/02\/0021_image263-300x206.jpg 300w\" sizes=\"(max-width: 596px) 100vw, 596px\" \/>\t\t\t\t\t\t\t\t\t\t\t\t\t\t\t<\/div>\n\t\t\t\t<\/div>\n\t\t\t\t<div class=\"elementor-element elementor-element-23ebefe elementor-widget elementor-widget-heading\" data-id=\"23ebefe\" data-element_type=\"widget\" data-widget_type=\"heading.default\">\n\t\t\t\t<div class=\"elementor-widget-container\">\n\t\t\t<h2 class=\"elementor-heading-title elementor-size-default\">Verkalkung<\/h2>\t\t<\/div>\n\t\t\t\t<\/div>\n\t\t\t\t\t<\/div>\n\t\t<\/div>\n\t\t\t\t<div class=\"elementor-column elementor-col-25 elementor-top-column elementor-element elementor-element-3e4e874\" data-id=\"3e4e874\" data-element_type=\"column\" data-settings=\"{&quot;background_background&quot;:&quot;classic&quot;}\">\n\t\t\t<div class=\"elementor-widget-wrap elementor-element-populated\">\n\t\t\t\t\t\t\t\t<div class=\"elementor-element elementor-element-9f4cc10 elementor-widget elementor-widget-image\" data-id=\"9f4cc10\" data-element_type=\"widget\" data-widget_type=\"image.default\">\n\t\t\t\t<div class=\"elementor-widget-container\">\n\t\t\t\t\t\t\t\t\t\t\t\t\t\t\t<img decoding=\"async\" src=\"https:\/\/dalyahealthcare.com\/de\/wp-content\/uploads\/elementor\/thumbs\/thumbnail-2023-02-01T162518.278-q1ivfhn4ts8pcmx69f73l8naen8a3jz5ygflrsh402.jpg\" title=\"thumbnail &#8211; 2023-02-01T162518.278\" alt=\"thumbnail - 2023-02-01T162518.278\" loading=\"lazy\" \/>\t\t\t\t\t\t\t\t\t\t\t\t\t\t\t<\/div>\n\t\t\t\t<\/div>\n\t\t\t\t<div class=\"elementor-element elementor-element-521cefe elementor-widget elementor-widget-heading\" data-id=\"521cefe\" data-element_type=\"widget\" data-widget_type=\"heading.default\">\n\t\t\t\t<div class=\"elementor-widget-container\">\n\t\t\t<h2 class=\"elementor-heading-title elementor-size-default\">Schulterrisse<\/h2>\t\t<\/div>\n\t\t\t\t<\/div>\n\t\t\t\t\t<\/div>\n\t\t<\/div>\n\t\t\t\t<div class=\"elementor-column elementor-col-25 elementor-top-column elementor-element elementor-element-c88d1c0\" data-id=\"c88d1c0\" data-element_type=\"column\">\n\t\t\t<div class=\"elementor-widget-wrap\">\n\t\t\t\t\t\t\t\t\t<\/div>\n\t\t<\/div>\n\t\t\t\t<div class=\"elementor-column elementor-col-25 elementor-top-column elementor-element elementor-element-1c593ed\" data-id=\"1c593ed\" data-element_type=\"column\">\n\t\t\t<div class=\"elementor-widget-wrap\">\n\t\t\t\t\t\t\t\t\t<\/div>\n\t\t<\/div>\n\t\t\t\t\t\t\t<\/div>\n\t\t<\/section>\n\t\t\t\t<section class=\"elementor-section elementor-top-section elementor-element elementor-element-31994ca3 elementor-section-height-min-height elementor-section-boxed elementor-section-height-default elementor-section-items-middle\" data-id=\"31994ca3\" data-element_type=\"section\">\n\t\t\t\t\t\t<div class=\"elementor-container elementor-column-gap-default\">\n\t\t\t\t\t<div class=\"elementor-column elementor-col-100 elementor-top-column elementor-element elementor-element-4f47e823\" data-id=\"4f47e823\" data-element_type=\"column\">\n\t\t\t<div class=\"elementor-widget-wrap elementor-element-populated\">\n\t\t\t\t\t\t\t\t<div class=\"elementor-element elementor-element-7c4e3ceb elementor-widget elementor-widget-text-editor\" data-id=\"7c4e3ceb\" data-element_type=\"widget\" data-widget_type=\"text-editor.default\">\n\t\t\t\t<div class=\"elementor-widget-container\">\n\t\t\t<style>\/*! elementor - v3.10.1 - 17-01-2023 *\/\n.elementor-widget-text-editor.elementor-drop-cap-view-stacked .elementor-drop-cap{background-color:#818a91;color:#fff}.elementor-widget-text-editor.elementor-drop-cap-view-framed .elementor-drop-cap{color:#818a91;border:3px solid;background-color:transparent}.elementor-widget-text-editor:not(.elementor-drop-cap-view-default) .elementor-drop-cap{margin-top:8px}.elementor-widget-text-editor:not(.elementor-drop-cap-view-default) .elementor-drop-cap-letter{width:1em;height:1em}.elementor-widget-text-editor .elementor-drop-cap{float:left;text-align:center;line-height:1;font-size:50px}.elementor-widget-text-editor .elementor-drop-cap-letter{display:inline-block}<\/style>\t\t\t\t<p>Die Physiotherapie ist ein Spezialgebiet, das funktionelle und k\u00f6rperliche St\u00f6rungen des Nerven-, Muskel-, Skelett- und Herz-Kreislauf-Systems diagnostiziert und behandelt. Physiotherapie wendet physikalische Techniken und Methoden an, die bei der Behandlung von Patienten durchgef\u00fchrt werden. W\u00e4hrend dieser Anwendungen wird keine Wund- oder L\u00e4sionsbildung am K\u00f6rper beobachtet.<\/p>\n<p>\u00a0<\/p>\n<p>Physiotherapeutische Techniken, die heute angewendet werden, sind Techniken, die mehr als ein Ziel haben. Die Ziele, die mit den Anwendungen erreicht werden sollen, k\u00f6nnen wir wie folgt auflisten:<\/p>\n<p>\u00a0<\/p>\n<ul>\n<li>Signifikante Schmerzlinderung beim Patienten<\/li>\n<li>Vollst\u00e4ndige Beseitigung des gef\u00fchlten Schmerzes<\/li>\n<li>Steigerung der funktionellen Eigenschaften von Menschen<\/li>\n<li>Es auf ein Niveau zu bringen, auf dem wir die Aktivit\u00e4ten, die wir t\u00e4glich ausf\u00fchren, problemlos durchf\u00fchren k\u00f6nnen.<\/li>\n<li>Organfunktionen auf ein gesundes Niveau bringen zu k\u00f6nnen<\/li>\n<li>Als unabh\u00e4ngiges Individuum seinen Platz in der Gesellschaft wiedererlangen<\/li>\n<\/ul>\n<p>\u00a0<\/p>\n<p>Diese und \u00e4hnliche Ziele geh\u00f6ren zu den Hauptzielen der Physiotherapie. Diese in vielen Situationen eingesetzten Techniken werden insbesondere nach orthop\u00e4dischen Erkrankungen, Verletzungen, rheumatischen Beschwerden, akuten und chronischen Schmerzbehandlungen, Sportverletzungen, vorbeugenden Behandlungen, Nachverbrennungen, angeborenen Gelenkerkrankungen und \u00e4hnlichen Problemen eingesetzt. Die Physiotherapie, die meistens bevorzugt wird, weil sie im Allgemeinen nicht chirurgisch ist, umfasst auch Techniken, die seit vielen Jahren angewendet werden. Diese Techniken, die in der Vergangenheit angewendet wurden, werden heute mit Hilfe von Technologie erfolgreich eingesetzt. Sie k\u00f6nnen auch mit Hilfe eines Spezialisten eine erfolgreiche physikalische Therapie durchf\u00fchren und Ihre Behandlung durchf\u00fchren.<\/p>\t\t\t\t\t\t<\/div>\n\t\t\t\t<\/div>\n\t\t\t\t\t<\/div>\n\t\t<\/div>\n\t\t\t\t\t\t\t<\/div>\n\t\t<\/section>\n\t\t\t\t\t\t\t<\/div>\n\t\t","protected":false},"excerpt":{"rendered":"<p>Dalya Health Care Physiotherapie des Beckenbodens Nackenbruch Fersensporn Meniskus Verkalkung Schulterrisse Die Physiotherapie ist ein Spezialgebiet, das funktionelle und k\u00f6rperliche St\u00f6rungen des Nerven-, Muskel-, Skelett- und Herz-Kreislauf-Systems diagnostiziert und behandelt. Physiotherapie wendet physikalische Techniken und Methoden an, die bei der Behandlung von Patienten durchgef\u00fchrt werden. W\u00e4hrend dieser Anwendungen wird keine Wund- oder L\u00e4sionsbildung am K\u00f6rper [&hellip;]<\/p>\n","protected":false},"author":1,"featured_media":229,"parent":0,"menu_order":0,"comment_status":"closed","ping_status":"closed","template":"elementor_header_footer","meta":[],"acf":[],"_links":{"self":[{"href":"https:\/\/dalyahealthcare.com\/de\/wp-json\/wp\/v2\/pages\/191"}],"collection":[{"href":"https:\/\/dalyahealthcare.com\/de\/wp-json\/wp\/v2\/pages"}],"about":[{"href":"https:\/\/dalyahealthcare.com\/de\/wp-json\/wp\/v2\/types\/page"}],"author":[{"embeddable":true,"href":"https:\/\/dalyahealthcare.com\/de\/wp-json\/wp\/v2\/users\/1"}],"replies":[{"embeddable":true,"href":"https:\/\/dalyahealthcare.com\/de\/wp-json\/wp\/v2\/comments?post=191"}],"version-history":[{"count":3,"href":"https:\/\/dalyahealthcare.com\/de\/wp-json\/wp\/v2\/pages\/191\/revisions"}],"predecessor-version":[{"id":2776,"href":"https:\/\/dalyahealthcare.com\/de\/wp-json\/wp\/v2\/pages\/191\/revisions\/2776"}],"wp:featuredmedia":[{"embeddable":true,"href":"https:\/\/dalyahealthcare.com\/de\/wp-json\/wp\/v2\/media\/229"}],"wp:attachment":[{"href":"https:\/\/dalyahealthcare.com\/de\/wp-json\/wp\/v2\/media?parent=191"}],"curies":[{"name":"wp","href":"https:\/\/api.w.org\/{rel}","templated":true}]}}