{"id":187,"date":"2023-01-18T16:05:26","date_gmt":"2023-01-18T13:05:26","guid":{"rendered":"http:\/\/dalyamed.demositeler.xyz\/?page_id=187"},"modified":"2023-02-13T16:49:45","modified_gmt":"2023-02-13T13:49:45","slug":"thermal-spa","status":"publish","type":"page","link":"https:\/\/dalyahealthcare.com\/de\/thermal-spa\/","title":{"rendered":"Thermal SPA"},"content":{"rendered":"\t\t<div data-elementor-type=\"wp-page\" data-elementor-id=\"187\" class=\"elementor elementor-187\">\n\t\t\t\t\t\t\t\t\t<section class=\"elementor-section elementor-top-section elementor-element elementor-element-8f97641 elementor-section-height-min-height elementor-section-boxed elementor-section-height-default elementor-section-items-middle elementor-invisible\" data-id=\"8f97641\" data-element_type=\"section\" data-settings=\"{&quot;background_background&quot;:&quot;classic&quot;,&quot;animation&quot;:&quot;slideInDown&quot;}\">\n\t\t\t\t\t\t\t<div class=\"elementor-background-overlay\"><\/div>\n\t\t\t\t\t\t\t<div class=\"elementor-container elementor-column-gap-default\">\n\t\t\t\t\t<div class=\"elementor-column elementor-col-100 elementor-top-column elementor-element elementor-element-a323a27\" data-id=\"a323a27\" data-element_type=\"column\">\n\t\t\t<div class=\"elementor-widget-wrap elementor-element-populated\">\n\t\t\t\t\t\t\t\t<div class=\"elementor-element elementor-element-6a14748 elementor-align-flex-start elementor-mobile-align-center elementor-widget elementor-widget-raven-breadcrumbs\" data-id=\"6a14748\" data-element_type=\"widget\" data-widget_type=\"raven-breadcrumbs.default\">\n\t\t\t\t<div class=\"elementor-widget-container\">\n\t\t\t<div class=\"raven-breadcrumbs raven-breadcrumbs-navxt\"><div class=\"breadcrumb\" typeof=\"BreadcrumbList\" vocab=\"https:\/\/schema.org\/\"><!-- Breadcrumb NavXT 7.2.0 -->\n<span property=\"itemListElement\" typeof=\"ListItem\"><a property=\"item\" typeof=\"WebPage\" title=\"Go to Dalya Health Care.\" href=\"https:\/\/dalyahealthcare.com\/de\" class=\"home\" aria-current=\"page\"><span property=\"name\">Dalya Health Care<\/span><\/a><meta property=\"position\" content=\"1\"><\/span><\/div><\/div>\t\t<\/div>\n\t\t\t\t<\/div>\n\t\t\t\t<div class=\"elementor-element elementor-element-ca149a0 elementor-widget elementor-widget-heading\" data-id=\"ca149a0\" data-element_type=\"widget\" data-widget_type=\"heading.default\">\n\t\t\t\t<div class=\"elementor-widget-container\">\n\t\t\t<style>\/*! elementor - v3.10.1 - 17-01-2023 *\/\n.elementor-heading-title{padding:0;margin:0;line-height:1}.elementor-widget-heading .elementor-heading-title[class*=elementor-size-]>a{color:inherit;font-size:inherit;line-height:inherit}.elementor-widget-heading .elementor-heading-title.elementor-size-small{font-size:15px}.elementor-widget-heading .elementor-heading-title.elementor-size-medium{font-size:19px}.elementor-widget-heading .elementor-heading-title.elementor-size-large{font-size:29px}.elementor-widget-heading .elementor-heading-title.elementor-size-xl{font-size:39px}.elementor-widget-heading .elementor-heading-title.elementor-size-xxl{font-size:59px}<\/style><h2 class=\"elementor-heading-title elementor-size-default\">Thermal SPA<\/h2>\t\t<\/div>\n\t\t\t\t<\/div>\n\t\t\t\t\t<\/div>\n\t\t<\/div>\n\t\t\t\t\t\t\t<\/div>\n\t\t<\/section>\n\t\t\t\t<section class=\"elementor-section elementor-top-section elementor-element elementor-element-035fb78 elementor-section-boxed elementor-section-height-default elementor-section-height-default\" data-id=\"035fb78\" data-element_type=\"section\">\n\t\t\t\t\t\t<div class=\"elementor-container elementor-column-gap-default\">\n\t\t\t\t\t<div class=\"elementor-column elementor-col-25 elementor-top-column elementor-element elementor-element-739f4c9\" data-id=\"739f4c9\" data-element_type=\"column\" data-settings=\"{&quot;background_background&quot;:&quot;classic&quot;}\">\n\t\t\t<div class=\"elementor-widget-wrap elementor-element-populated\">\n\t\t\t\t\t\t\t\t<div class=\"elementor-element elementor-element-be105b9 elementor-widget elementor-widget-image\" data-id=\"be105b9\" data-element_type=\"widget\" data-widget_type=\"image.default\">\n\t\t\t\t<div class=\"elementor-widget-container\">\n\t\t\t<style>\/*! elementor - v3.10.1 - 17-01-2023 *\/\n.elementor-widget-image{text-align:center}.elementor-widget-image a{display:inline-block}.elementor-widget-image a img[src$=\".svg\"]{width:48px}.elementor-widget-image img{vertical-align:middle;display:inline-block}<\/style>\t\t\t\t\t\t\t\t\t\t\t\t<img decoding=\"async\" width=\"596\" height=\"410\" src=\"https:\/\/dalyahealthcare.com\/de\/wp-content\/uploads\/2023\/02\/0047_image237.jpg\" class=\"attachment-full size-full wp-image-2273\" alt=\"\" loading=\"lazy\" srcset=\"https:\/\/dalyahealthcare.com\/de\/wp-content\/uploads\/2023\/02\/0047_image237.jpg 596w, https:\/\/dalyahealthcare.com\/de\/wp-content\/uploads\/2023\/02\/0047_image237-300x206.jpg 300w\" sizes=\"(max-width: 596px) 100vw, 596px\" \/>\t\t\t\t\t\t\t\t\t\t\t\t\t\t\t<\/div>\n\t\t\t\t<\/div>\n\t\t\t\t<div class=\"elementor-element elementor-element-4d7ac90 elementor-widget elementor-widget-heading\" data-id=\"4d7ac90\" data-element_type=\"widget\" data-widget_type=\"heading.default\">\n\t\t\t\t<div class=\"elementor-widget-container\">\n\t\t\t<h2 class=\"elementor-heading-title elementor-size-default\">Thermal-Physiotherapie- und Rehabilitationszentrum<\/h2>\t\t<\/div>\n\t\t\t\t<\/div>\n\t\t\t\t\t<\/div>\n\t\t<\/div>\n\t\t\t\t<div class=\"elementor-column elementor-col-25 elementor-top-column elementor-element elementor-element-5ad3a23\" data-id=\"5ad3a23\" data-element_type=\"column\" data-settings=\"{&quot;background_background&quot;:&quot;classic&quot;}\">\n\t\t\t<div class=\"elementor-widget-wrap elementor-element-populated\">\n\t\t\t\t\t\t\t\t<div class=\"elementor-element elementor-element-f119703 elementor-widget elementor-widget-image\" data-id=\"f119703\" data-element_type=\"widget\" data-widget_type=\"image.default\">\n\t\t\t\t<div class=\"elementor-widget-container\">\n\t\t\t\t\t\t\t\t\t\t\t\t\t\t\t<img decoding=\"async\" src=\"https:\/\/dalyahealthcare.com\/de\/wp-content\/uploads\/elementor\/thumbs\/5e1853fec03c0e20eca4e794-q1r1wbkllwrcib0coau9wnw4bo2p0c6kaaygpco7pg.webp\" title=\"5e1853fec03c0e20eca4e794\" alt=\"5e1853fec03c0e20eca4e794\" loading=\"lazy\" \/>\t\t\t\t\t\t\t\t\t\t\t\t\t\t\t<\/div>\n\t\t\t\t<\/div>\n\t\t\t\t<div class=\"elementor-element elementor-element-c0c39ad elementor-widget elementor-widget-heading\" data-id=\"c0c39ad\" data-element_type=\"widget\" data-widget_type=\"heading.default\">\n\t\t\t\t<div class=\"elementor-widget-container\">\n\t\t\t<h2 class=\"elementor-heading-title elementor-size-default\">Massage<\/h2>\t\t<\/div>\n\t\t\t\t<\/div>\n\t\t\t\t\t<\/div>\n\t\t<\/div>\n\t\t\t\t<div class=\"elementor-column elementor-col-25 elementor-top-column elementor-element elementor-element-5f611f7\" data-id=\"5f611f7\" data-element_type=\"column\" data-settings=\"{&quot;background_background&quot;:&quot;classic&quot;}\">\n\t\t\t<div class=\"elementor-widget-wrap elementor-element-populated\">\n\t\t\t\t\t\t\t\t<div class=\"elementor-element elementor-element-5bafcc9 elementor-widget elementor-widget-image\" data-id=\"5bafcc9\" data-element_type=\"widget\" data-widget_type=\"image.default\">\n\t\t\t\t<div class=\"elementor-widget-container\">\n\t\t\t\t\t\t\t\t\t\t\t\t\t\t\t<img decoding=\"async\" src=\"https:\/\/dalyahealthcare.com\/de\/wp-content\/uploads\/elementor\/thumbs\/hidroterapi-2-q1r1xr9q1sq48ux9af6r7sugzuzvrovsteu63kjk78.webp\" title=\"hidroterapi-2\" alt=\"hidroterapi-2\" loading=\"lazy\" \/>\t\t\t\t\t\t\t\t\t\t\t\t\t\t\t<\/div>\n\t\t\t\t<\/div>\n\t\t\t\t<div class=\"elementor-element elementor-element-a4d60f4 elementor-widget elementor-widget-heading\" data-id=\"a4d60f4\" data-element_type=\"widget\" data-widget_type=\"heading.default\">\n\t\t\t\t<div class=\"elementor-widget-container\">\n\t\t\t<h2 class=\"elementor-heading-title elementor-size-default\">Hydrotherapie<\/h2>\t\t<\/div>\n\t\t\t\t<\/div>\n\t\t\t\t\t<\/div>\n\t\t<\/div>\n\t\t\t\t<div class=\"elementor-column elementor-col-25 elementor-top-column elementor-element elementor-element-1aa3da4\" data-id=\"1aa3da4\" data-element_type=\"column\" data-settings=\"{&quot;background_background&quot;:&quot;classic&quot;}\">\n\t\t\t<div class=\"elementor-widget-wrap elementor-element-populated\">\n\t\t\t\t\t\t\t\t<div class=\"elementor-element elementor-element-fda9d08 elementor-widget elementor-widget-image\" data-id=\"fda9d08\" data-element_type=\"widget\" data-widget_type=\"image.default\">\n\t\t\t\t<div class=\"elementor-widget-container\">\n\t\t\t\t\t\t\t\t\t\t\t\t\t\t\t<img decoding=\"async\" src=\"https:\/\/dalyahealthcare.com\/de\/wp-content\/uploads\/elementor\/thumbs\/038a6db3890d574a4120bb315657a537i-q1r1yyias6db2x6g9xvlehxobl2rlrngbcui6arg90.jpg\" title=\"038a6db3890d574a4120bb315657a537i\" alt=\"038a6db3890d574a4120bb315657a537i\" loading=\"lazy\" \/>\t\t\t\t\t\t\t\t\t\t\t\t\t\t\t<\/div>\n\t\t\t\t<\/div>\n\t\t\t\t<div class=\"elementor-element elementor-element-b85b62b elementor-widget elementor-widget-heading\" data-id=\"b85b62b\" data-element_type=\"widget\" data-widget_type=\"heading.default\">\n\t\t\t\t<div class=\"elementor-widget-container\">\n\t\t\t<h2 class=\"elementor-heading-title elementor-size-default\">Wartung<\/h2>\t\t<\/div>\n\t\t\t\t<\/div>\n\t\t\t\t\t<\/div>\n\t\t<\/div>\n\t\t\t\t\t\t\t<\/div>\n\t\t<\/section>\n\t\t\t\t<section class=\"elementor-section elementor-top-section elementor-element elementor-element-14f66a8 elementor-section-boxed elementor-section-height-default elementor-section-height-default\" data-id=\"14f66a8\" data-element_type=\"section\">\n\t\t\t\t\t\t<div class=\"elementor-container elementor-column-gap-default\">\n\t\t\t\t\t<div class=\"elementor-column elementor-col-25 elementor-top-column elementor-element elementor-element-17f4355\" data-id=\"17f4355\" data-element_type=\"column\" data-settings=\"{&quot;background_background&quot;:&quot;classic&quot;}\">\n\t\t\t<div class=\"elementor-widget-wrap elementor-element-populated\">\n\t\t\t\t\t\t\t\t<div class=\"elementor-element elementor-element-e1d123c elementor-widget elementor-widget-image\" data-id=\"e1d123c\" data-element_type=\"widget\" data-widget_type=\"image.default\">\n\t\t\t\t<div class=\"elementor-widget-container\">\n\t\t\t\t\t\t\t\t\t\t\t\t\t\t\t<img decoding=\"async\" width=\"1500\" height=\"900\" src=\"https:\/\/dalyahealthcare.com\/de\/wp-content\/uploads\/2023\/02\/aromaterapi-masaj-salonu-antalya-lara-spa-hamam.jpg\" class=\"attachment-full size-full wp-image-2370\" alt=\"\" loading=\"lazy\" srcset=\"https:\/\/dalyahealthcare.com\/de\/wp-content\/uploads\/2023\/02\/aromaterapi-masaj-salonu-antalya-lara-spa-hamam.jpg 1500w, https:\/\/dalyahealthcare.com\/de\/wp-content\/uploads\/2023\/02\/aromaterapi-masaj-salonu-antalya-lara-spa-hamam-300x180.jpg 300w, https:\/\/dalyahealthcare.com\/de\/wp-content\/uploads\/2023\/02\/aromaterapi-masaj-salonu-antalya-lara-spa-hamam-1024x614.jpg 1024w, https:\/\/dalyahealthcare.com\/de\/wp-content\/uploads\/2023\/02\/aromaterapi-masaj-salonu-antalya-lara-spa-hamam-768x461.jpg 768w\" sizes=\"(max-width: 1500px) 100vw, 1500px\" \/>\t\t\t\t\t\t\t\t\t\t\t\t\t\t\t<\/div>\n\t\t\t\t<\/div>\n\t\t\t\t<div class=\"elementor-element elementor-element-a5f154a elementor-widget elementor-widget-heading\" data-id=\"a5f154a\" data-element_type=\"widget\" data-widget_type=\"heading.default\">\n\t\t\t\t<div class=\"elementor-widget-container\">\n\t\t\t<h2 class=\"elementor-heading-title elementor-size-default\">Aroma\u00f6lmassagen<\/h2>\t\t<\/div>\n\t\t\t\t<\/div>\n\t\t\t\t\t<\/div>\n\t\t<\/div>\n\t\t\t\t<div class=\"elementor-column elementor-col-25 elementor-top-column elementor-element elementor-element-8d646d9\" data-id=\"8d646d9\" data-element_type=\"column\">\n\t\t\t<div class=\"elementor-widget-wrap\">\n\t\t\t\t\t\t\t\t\t<\/div>\n\t\t<\/div>\n\t\t\t\t<div class=\"elementor-column elementor-col-25 elementor-top-column elementor-element elementor-element-1c15814\" data-id=\"1c15814\" data-element_type=\"column\">\n\t\t\t<div class=\"elementor-widget-wrap\">\n\t\t\t\t\t\t\t\t\t<\/div>\n\t\t<\/div>\n\t\t\t\t<div class=\"elementor-column elementor-col-25 elementor-top-column elementor-element elementor-element-d9b4855\" data-id=\"d9b4855\" data-element_type=\"column\">\n\t\t\t<div class=\"elementor-widget-wrap\">\n\t\t\t\t\t\t\t\t\t<\/div>\n\t\t<\/div>\n\t\t\t\t\t\t\t<\/div>\n\t\t<\/section>\n\t\t\t\t<section class=\"elementor-section elementor-top-section elementor-element elementor-element-5ccb4e31 elementor-section-height-min-height elementor-section-boxed elementor-section-height-default elementor-section-items-middle\" data-id=\"5ccb4e31\" data-element_type=\"section\">\n\t\t\t\t\t\t<div class=\"elementor-container elementor-column-gap-default\">\n\t\t\t\t\t<div class=\"elementor-column elementor-col-100 elementor-top-column elementor-element elementor-element-6074599a\" data-id=\"6074599a\" data-element_type=\"column\">\n\t\t\t<div class=\"elementor-widget-wrap elementor-element-populated\">\n\t\t\t\t\t\t\t\t<div class=\"elementor-element elementor-element-1797b9e2 elementor-widget elementor-widget-text-editor\" data-id=\"1797b9e2\" data-element_type=\"widget\" data-widget_type=\"text-editor.default\">\n\t\t\t\t<div class=\"elementor-widget-container\">\n\t\t\t<style>\/*! elementor - v3.10.1 - 17-01-2023 *\/\n.elementor-widget-text-editor.elementor-drop-cap-view-stacked .elementor-drop-cap{background-color:#818a91;color:#fff}.elementor-widget-text-editor.elementor-drop-cap-view-framed .elementor-drop-cap{color:#818a91;border:3px solid;background-color:transparent}.elementor-widget-text-editor:not(.elementor-drop-cap-view-default) .elementor-drop-cap{margin-top:8px}.elementor-widget-text-editor:not(.elementor-drop-cap-view-default) .elementor-drop-cap-letter{width:1em;height:1em}.elementor-widget-text-editor .elementor-drop-cap{float:left;text-align:center;line-height:1;font-size:50px}.elementor-widget-text-editor .elementor-drop-cap-letter{display:inline-block}<\/style>\t\t\t\t<p>Thermenbereiche sind Bereiche, die sich ausbreiten und Aufmerksamkeit erregen. Menschen, die sich k\u00f6rperlich und seelisch in einer Behandlungsphase befinden, bevorzugen diese Thermenbereiche, um ihre Heilungsprozesse zu einem viel positiveren Verlauf zu verbreiten und zu beschleunigen. Thermen sind Bereiche, in denen mehr als ein Antrag gestellt wird. Wir k\u00f6nnen die Techniken, die in diesen Bereichen hergestellt und angewendet werden, wie folgt auflisten:<\/p>\n<ul>\n<li>Hydrotherapie<\/li>\n<li>Massagen<\/li>\n<li>Wartung<\/li>\n<li>Aroma\u00f6lmassagen<\/li>\n<\/ul>\n<p>Diese und verschiedene andere Techniken werden angewendet, indem sie ganz nach den Bed\u00fcrfnissen der Patienten bestimmt werden. Auf diese Weise wird in den Erholungsprozessen ein positiver Verlauf genommen.<\/p>\n<p>Die im Thermal SPA angewandten Techniken sind gut f\u00fcr viele Probleme wie Hautpflege, Cellulite-Behandlung und \u00fcberm\u00e4\u00dfigen Stress. Mit den Massagen in diesem Bereich werden Sie sich wohlf\u00fchlen und entspannen, indem Sie dem Stress des Tages entfliehen. Thermal SPA hat bei richtiger Anwendung viele positive Wirkungen auf den Menschen. Dies sind Vorteile wie die Beschleunigung der Durchblutung, das L\u00f6sen rheumatischer Erkrankungen, das Entfernen von Giftstoffen aus dem K\u00f6rper, das regelm\u00e4\u00dfige Arbeiten des Verdauungssystems, das Entspannen der Muskeln, das Entfernen von geistiger M\u00fcdigkeit aus dem K\u00f6rper und das Bringen des K\u00f6rpers in Form. Die Tatsache, dass die angewandten Techniken nicht chirurgisch sind, sorgt auch daf\u00fcr, dass das Thermal SPA heute sehr bevorzugt wird.<\/p>\n<p>Thermal SPA, das viele der verschiedenen Massagearten umfasst, wendet diese Techniken ganz nach den Beschwerden und Bed\u00fcrfnissen der Menschen an. Diese Anwendungen an vielen Stellen des K\u00f6rpers erm\u00f6glichen Ihnen in kurzer Zeit einen viel vitaleren K\u00f6rper.<\/p>\t\t\t\t\t\t<\/div>\n\t\t\t\t<\/div>\n\t\t\t\t\t<\/div>\n\t\t<\/div>\n\t\t\t\t\t\t\t<\/div>\n\t\t<\/section>\n\t\t\t\t\t\t\t<\/div>\n\t\t","protected":false},"excerpt":{"rendered":"<p>Dalya Health Care Thermal-Physiotherapie- und Rehabilitationszentrum Massage Hydrotherapie Wartung Aroma\u00f6lmassagen Thermenbereiche sind Bereiche, die sich ausbreiten und Aufmerksamkeit erregen. Menschen, die sich k\u00f6rperlich und seelisch in einer Behandlungsphase befinden, bevorzugen diese Thermenbereiche, um ihre Heilungsprozesse zu einem viel positiveren Verlauf zu verbreiten und zu beschleunigen. Thermen sind Bereiche, in denen mehr als ein Antrag gestellt [&hellip;]<\/p>\n","protected":false},"author":1,"featured_media":233,"parent":0,"menu_order":0,"comment_status":"closed","ping_status":"closed","template":"elementor_header_footer","meta":[],"acf":[],"_links":{"self":[{"href":"https:\/\/dalyahealthcare.com\/de\/wp-json\/wp\/v2\/pages\/187"}],"collection":[{"href":"https:\/\/dalyahealthcare.com\/de\/wp-json\/wp\/v2\/pages"}],"about":[{"href":"https:\/\/dalyahealthcare.com\/de\/wp-json\/wp\/v2\/types\/page"}],"author":[{"embeddable":true,"href":"https:\/\/dalyahealthcare.com\/de\/wp-json\/wp\/v2\/users\/1"}],"replies":[{"embeddable":true,"href":"https:\/\/dalyahealthcare.com\/de\/wp-json\/wp\/v2\/comments?post=187"}],"version-history":[{"count":3,"href":"https:\/\/dalyahealthcare.com\/de\/wp-json\/wp\/v2\/pages\/187\/revisions"}],"predecessor-version":[{"id":2782,"href":"https:\/\/dalyahealthcare.com\/de\/wp-json\/wp\/v2\/pages\/187\/revisions\/2782"}],"wp:featuredmedia":[{"embeddable":true,"href":"https:\/\/dalyahealthcare.com\/de\/wp-json\/wp\/v2\/media\/233"}],"wp:attachment":[{"href":"https:\/\/dalyahealthcare.com\/de\/wp-json\/wp\/v2\/media?parent=187"}],"curies":[{"name":"wp","href":"https:\/\/api.w.org\/{rel}","templated":true}]}}