{"id":179,"date":"2023-01-18T16:02:47","date_gmt":"2023-01-18T13:02:47","guid":{"rendered":"http:\/\/dalyamed.demositeler.xyz\/?page_id=179"},"modified":"2023-02-24T18:05:56","modified_gmt":"2023-02-24T15:05:56","slug":"orthopadie","status":"publish","type":"page","link":"https:\/\/dalyahealthcare.com\/de\/orthopadie\/","title":{"rendered":"Orthop\u00e4die"},"content":{"rendered":"\t\t<div data-elementor-type=\"wp-page\" data-elementor-id=\"179\" class=\"elementor elementor-179\">\n\t\t\t\t\t\t\t\t\t<section class=\"elementor-section elementor-top-section elementor-element elementor-element-99982ac elementor-section-height-min-height elementor-section-boxed elementor-section-height-default elementor-section-items-middle elementor-invisible\" data-id=\"99982ac\" data-element_type=\"section\" data-settings=\"{&quot;background_background&quot;:&quot;classic&quot;,&quot;animation&quot;:&quot;slideInDown&quot;}\">\n\t\t\t\t\t\t\t<div class=\"elementor-background-overlay\"><\/div>\n\t\t\t\t\t\t\t<div class=\"elementor-container elementor-column-gap-default\">\n\t\t\t\t\t<div class=\"elementor-column elementor-col-100 elementor-top-column elementor-element elementor-element-c2cb92a\" data-id=\"c2cb92a\" data-element_type=\"column\">\n\t\t\t<div class=\"elementor-widget-wrap elementor-element-populated\">\n\t\t\t\t\t\t\t\t<div class=\"elementor-element elementor-element-b08f09d elementor-align-flex-start elementor-mobile-align-center elementor-widget elementor-widget-raven-breadcrumbs\" data-id=\"b08f09d\" data-element_type=\"widget\" data-widget_type=\"raven-breadcrumbs.default\">\n\t\t\t\t<div class=\"elementor-widget-container\">\n\t\t\t<div class=\"raven-breadcrumbs raven-breadcrumbs-navxt\"><div class=\"breadcrumb\" typeof=\"BreadcrumbList\" vocab=\"https:\/\/schema.org\/\"><!-- Breadcrumb NavXT 7.2.0 -->\n<span property=\"itemListElement\" typeof=\"ListItem\"><a property=\"item\" typeof=\"WebPage\" title=\"Go to Dalya Health Care.\" href=\"https:\/\/dalyahealthcare.com\/de\" class=\"home\" aria-current=\"page\"><span property=\"name\">Dalya Health Care<\/span><\/a><meta property=\"position\" content=\"1\"><\/span><\/div><\/div>\t\t<\/div>\n\t\t\t\t<\/div>\n\t\t\t\t<div class=\"elementor-element elementor-element-acaf95b elementor-widget elementor-widget-heading\" data-id=\"acaf95b\" data-element_type=\"widget\" data-widget_type=\"heading.default\">\n\t\t\t\t<div class=\"elementor-widget-container\">\n\t\t\t<style>\/*! elementor - v3.10.1 - 17-01-2023 *\/\n.elementor-heading-title{padding:0;margin:0;line-height:1}.elementor-widget-heading .elementor-heading-title[class*=elementor-size-]>a{color:inherit;font-size:inherit;line-height:inherit}.elementor-widget-heading .elementor-heading-title.elementor-size-small{font-size:15px}.elementor-widget-heading .elementor-heading-title.elementor-size-medium{font-size:19px}.elementor-widget-heading .elementor-heading-title.elementor-size-large{font-size:29px}.elementor-widget-heading .elementor-heading-title.elementor-size-xl{font-size:39px}.elementor-widget-heading .elementor-heading-title.elementor-size-xxl{font-size:59px}<\/style><h2 class=\"elementor-heading-title elementor-size-default\">Orthop\u00e4die<\/h2>\t\t<\/div>\n\t\t\t\t<\/div>\n\t\t\t\t\t<\/div>\n\t\t<\/div>\n\t\t\t\t\t\t\t<\/div>\n\t\t<\/section>\n\t\t\t\t<section class=\"elementor-section elementor-top-section elementor-element elementor-element-3e0984a elementor-section-boxed elementor-section-height-default elementor-section-height-default\" data-id=\"3e0984a\" data-element_type=\"section\">\n\t\t\t\t\t\t<div class=\"elementor-container elementor-column-gap-default\">\n\t\t\t\t\t<div class=\"elementor-column elementor-col-25 elementor-top-column elementor-element elementor-element-f90f65a\" data-id=\"f90f65a\" data-element_type=\"column\" data-settings=\"{&quot;background_background&quot;:&quot;classic&quot;}\">\n\t\t\t<div class=\"elementor-widget-wrap elementor-element-populated\">\n\t\t\t\t\t\t\t\t<div class=\"elementor-element elementor-element-ad14d6d elementor-widget elementor-widget-image\" data-id=\"ad14d6d\" data-element_type=\"widget\" data-widget_type=\"image.default\">\n\t\t\t\t<div class=\"elementor-widget-container\">\n\t\t\t<style>\/*! elementor - v3.10.1 - 17-01-2023 *\/\n.elementor-widget-image{text-align:center}.elementor-widget-image a{display:inline-block}.elementor-widget-image a img[src$=\".svg\"]{width:48px}.elementor-widget-image img{vertical-align:middle;display:inline-block}<\/style>\t\t\t\t\t\t\t\t\t\t\t\t<img decoding=\"async\" width=\"596\" height=\"410\" src=\"https:\/\/dalyahealthcare.com\/de\/wp-content\/uploads\/2023\/02\/0117_image167.jpg\" class=\"attachment-full size-full wp-image-2207\" alt=\"\" loading=\"lazy\" srcset=\"https:\/\/dalyahealthcare.com\/de\/wp-content\/uploads\/2023\/02\/0117_image167.jpg 596w, https:\/\/dalyahealthcare.com\/de\/wp-content\/uploads\/2023\/02\/0117_image167-300x206.jpg 300w\" sizes=\"(max-width: 596px) 100vw, 596px\" \/>\t\t\t\t\t\t\t\t\t\t\t\t\t\t\t<\/div>\n\t\t\t\t<\/div>\n\t\t\t\t<div class=\"elementor-element elementor-element-a5ee55e elementor-widget elementor-widget-heading\" data-id=\"a5ee55e\" data-element_type=\"widget\" data-widget_type=\"heading.default\">\n\t\t\t\t<div class=\"elementor-widget-container\">\n\t\t\t<h2 class=\"elementor-heading-title elementor-size-default\">Arthroskopische (geschlossene) Schulterchirurgie<\/h2>\t\t<\/div>\n\t\t\t\t<\/div>\n\t\t\t\t\t<\/div>\n\t\t<\/div>\n\t\t\t\t<div class=\"elementor-column elementor-col-25 elementor-top-column elementor-element elementor-element-f0af8df\" data-id=\"f0af8df\" data-element_type=\"column\" data-settings=\"{&quot;background_background&quot;:&quot;classic&quot;}\">\n\t\t\t<div class=\"elementor-widget-wrap elementor-element-populated\">\n\t\t\t\t\t\t\t\t<div class=\"elementor-element elementor-element-2daca6f elementor-widget elementor-widget-image\" data-id=\"2daca6f\" data-element_type=\"widget\" data-widget_type=\"image.default\">\n\t\t\t\t<div class=\"elementor-widget-container\">\n\t\t\t\t\t\t\t\t\t\t\t\t\t\t\t<img decoding=\"async\" width=\"596\" height=\"410\" src=\"https:\/\/dalyahealthcare.com\/de\/wp-content\/uploads\/2023\/02\/0116_image168.jpg\" class=\"attachment-full size-full wp-image-2208\" alt=\"\" loading=\"lazy\" srcset=\"https:\/\/dalyahealthcare.com\/de\/wp-content\/uploads\/2023\/02\/0116_image168.jpg 596w, https:\/\/dalyahealthcare.com\/de\/wp-content\/uploads\/2023\/02\/0116_image168-300x206.jpg 300w\" sizes=\"(max-width: 596px) 100vw, 596px\" \/>\t\t\t\t\t\t\t\t\t\t\t\t\t\t\t<\/div>\n\t\t\t\t<\/div>\n\t\t\t\t<div class=\"elementor-element elementor-element-76622d5 elementor-widget elementor-widget-heading\" data-id=\"76622d5\" data-element_type=\"widget\" data-widget_type=\"heading.default\">\n\t\t\t\t<div class=\"elementor-widget-container\">\n\t\t\t<h2 class=\"elementor-heading-title elementor-size-default\">Arthroskopische (geschlossene) Knieoperation<\/h2>\t\t<\/div>\n\t\t\t\t<\/div>\n\t\t\t\t\t<\/div>\n\t\t<\/div>\n\t\t\t\t<div class=\"elementor-column elementor-col-25 elementor-top-column elementor-element elementor-element-4ba9c82\" data-id=\"4ba9c82\" data-element_type=\"column\" data-settings=\"{&quot;background_background&quot;:&quot;classic&quot;}\">\n\t\t\t<div class=\"elementor-widget-wrap elementor-element-populated\">\n\t\t\t\t\t\t\t\t<div class=\"elementor-element elementor-element-0c0e646 elementor-widget elementor-widget-image\" data-id=\"0c0e646\" data-element_type=\"widget\" data-widget_type=\"image.default\">\n\t\t\t\t<div class=\"elementor-widget-container\">\n\t\t\t\t\t\t\t\t\t\t\t\t\t\t\t<img decoding=\"async\" width=\"596\" height=\"410\" src=\"https:\/\/dalyahealthcare.com\/de\/wp-content\/uploads\/2023\/02\/0115_image169.jpg\" class=\"attachment-full size-full wp-image-2209\" alt=\"\" loading=\"lazy\" srcset=\"https:\/\/dalyahealthcare.com\/de\/wp-content\/uploads\/2023\/02\/0115_image169.jpg 596w, https:\/\/dalyahealthcare.com\/de\/wp-content\/uploads\/2023\/02\/0115_image169-300x206.jpg 300w\" sizes=\"(max-width: 596px) 100vw, 596px\" \/>\t\t\t\t\t\t\t\t\t\t\t\t\t\t\t<\/div>\n\t\t\t\t<\/div>\n\t\t\t\t<div class=\"elementor-element elementor-element-77af566 elementor-widget elementor-widget-heading\" data-id=\"77af566\" data-element_type=\"widget\" data-widget_type=\"heading.default\">\n\t\t\t\t<div class=\"elementor-widget-container\">\n\t\t\t<h2 class=\"elementor-heading-title elementor-size-default\">Arthroskopische (geschlossene) Sprunggelenkschirurgie<\/h2>\t\t<\/div>\n\t\t\t\t<\/div>\n\t\t\t\t\t<\/div>\n\t\t<\/div>\n\t\t\t\t<div class=\"elementor-column elementor-col-25 elementor-top-column elementor-element elementor-element-2c8cd0a\" data-id=\"2c8cd0a\" data-element_type=\"column\" data-settings=\"{&quot;background_background&quot;:&quot;classic&quot;}\">\n\t\t\t<div class=\"elementor-widget-wrap elementor-element-populated\">\n\t\t\t\t\t\t\t\t<div class=\"elementor-element elementor-element-2594a2f elementor-widget elementor-widget-image\" data-id=\"2594a2f\" data-element_type=\"widget\" data-widget_type=\"image.default\">\n\t\t\t\t<div class=\"elementor-widget-container\">\n\t\t\t\t\t\t\t\t\t\t\t\t\t\t\t<img decoding=\"async\" width=\"596\" height=\"410\" src=\"https:\/\/dalyahealthcare.com\/de\/wp-content\/uploads\/2023\/02\/0114_image170.jpg\" class=\"attachment-full size-full wp-image-2210\" alt=\"\" loading=\"lazy\" srcset=\"https:\/\/dalyahealthcare.com\/de\/wp-content\/uploads\/2023\/02\/0114_image170.jpg 596w, https:\/\/dalyahealthcare.com\/de\/wp-content\/uploads\/2023\/02\/0114_image170-300x206.jpg 300w\" sizes=\"(max-width: 596px) 100vw, 596px\" \/>\t\t\t\t\t\t\t\t\t\t\t\t\t\t\t<\/div>\n\t\t\t\t<\/div>\n\t\t\t\t<div class=\"elementor-element elementor-element-e43941d elementor-widget elementor-widget-heading\" data-id=\"e43941d\" data-element_type=\"widget\" data-widget_type=\"heading.default\">\n\t\t\t\t<div class=\"elementor-widget-container\">\n\t\t\t<h2 class=\"elementor-heading-title elementor-size-default\">Knieimplantatchirurgie<\/h2>\t\t<\/div>\n\t\t\t\t<\/div>\n\t\t\t\t\t<\/div>\n\t\t<\/div>\n\t\t\t\t\t\t\t<\/div>\n\t\t<\/section>\n\t\t\t\t<section class=\"elementor-section elementor-top-section elementor-element elementor-element-42a202f elementor-section-boxed elementor-section-height-default elementor-section-height-default\" data-id=\"42a202f\" data-element_type=\"section\">\n\t\t\t\t\t\t<div class=\"elementor-container elementor-column-gap-default\">\n\t\t\t\t\t<div class=\"elementor-column elementor-col-25 elementor-top-column elementor-element elementor-element-ab09fcb\" data-id=\"ab09fcb\" data-element_type=\"column\" data-settings=\"{&quot;background_background&quot;:&quot;classic&quot;}\">\n\t\t\t<div class=\"elementor-widget-wrap elementor-element-populated\">\n\t\t\t\t\t\t\t\t<div class=\"elementor-element elementor-element-6709111 elementor-widget elementor-widget-image\" data-id=\"6709111\" data-element_type=\"widget\" data-widget_type=\"image.default\">\n\t\t\t\t<div class=\"elementor-widget-container\">\n\t\t\t\t\t\t\t\t\t\t\t\t\t\t\t<img decoding=\"async\" width=\"596\" height=\"410\" src=\"https:\/\/dalyahealthcare.com\/de\/wp-content\/uploads\/2023\/02\/0113_image171.jpg\" class=\"attachment-full size-full wp-image-2211\" alt=\"\" loading=\"lazy\" srcset=\"https:\/\/dalyahealthcare.com\/de\/wp-content\/uploads\/2023\/02\/0113_image171.jpg 596w, https:\/\/dalyahealthcare.com\/de\/wp-content\/uploads\/2023\/02\/0113_image171-300x206.jpg 300w\" sizes=\"(max-width: 596px) 100vw, 596px\" \/>\t\t\t\t\t\t\t\t\t\t\t\t\t\t\t<\/div>\n\t\t\t\t<\/div>\n\t\t\t\t<div class=\"elementor-element elementor-element-38607be elementor-widget elementor-widget-heading\" data-id=\"38607be\" data-element_type=\"widget\" data-widget_type=\"heading.default\">\n\t\t\t\t<div class=\"elementor-widget-container\">\n\t\t\t<h2 class=\"elementor-heading-title elementor-size-default\">H\u00fcftoperation<\/h2>\t\t<\/div>\n\t\t\t\t<\/div>\n\t\t\t\t\t<\/div>\n\t\t<\/div>\n\t\t\t\t<div class=\"elementor-column elementor-col-25 elementor-top-column elementor-element elementor-element-58c7720\" data-id=\"58c7720\" data-element_type=\"column\" data-settings=\"{&quot;background_background&quot;:&quot;classic&quot;}\">\n\t\t\t<div class=\"elementor-widget-wrap elementor-element-populated\">\n\t\t\t\t\t\t\t\t<div class=\"elementor-element elementor-element-5c4b387 elementor-widget elementor-widget-image\" data-id=\"5c4b387\" data-element_type=\"widget\" data-widget_type=\"image.default\">\n\t\t\t\t<div class=\"elementor-widget-container\">\n\t\t\t\t\t\t\t\t\t\t\t\t\t\t\t<img decoding=\"async\" width=\"596\" height=\"410\" src=\"https:\/\/dalyahealthcare.com\/de\/wp-content\/uploads\/2023\/02\/0112_image172.jpg\" class=\"attachment-full size-full wp-image-2212\" alt=\"\" loading=\"lazy\" srcset=\"https:\/\/dalyahealthcare.com\/de\/wp-content\/uploads\/2023\/02\/0112_image172.jpg 596w, https:\/\/dalyahealthcare.com\/de\/wp-content\/uploads\/2023\/02\/0112_image172-300x206.jpg 300w\" sizes=\"(max-width: 596px) 100vw, 596px\" \/>\t\t\t\t\t\t\t\t\t\t\t\t\t\t\t<\/div>\n\t\t\t\t<\/div>\n\t\t\t\t<div class=\"elementor-element elementor-element-2b5bd05 elementor-widget elementor-widget-heading\" data-id=\"2b5bd05\" data-element_type=\"widget\" data-widget_type=\"heading.default\">\n\t\t\t\t<div class=\"elementor-widget-container\">\n\t\t\t<h2 class=\"elementor-heading-title elementor-size-default\">Schulterimplantatchirurgie<\/h2>\t\t<\/div>\n\t\t\t\t<\/div>\n\t\t\t\t\t<\/div>\n\t\t<\/div>\n\t\t\t\t<div class=\"elementor-column elementor-col-25 elementor-top-column elementor-element elementor-element-e876193\" data-id=\"e876193\" data-element_type=\"column\" data-settings=\"{&quot;background_background&quot;:&quot;classic&quot;}\">\n\t\t\t<div class=\"elementor-widget-wrap elementor-element-populated\">\n\t\t\t\t\t\t\t\t<div class=\"elementor-element elementor-element-f2704a6 elementor-widget elementor-widget-image\" data-id=\"f2704a6\" data-element_type=\"widget\" data-widget_type=\"image.default\">\n\t\t\t\t<div class=\"elementor-widget-container\">\n\t\t\t\t\t\t\t\t\t\t\t\t\t\t\t<img decoding=\"async\" width=\"596\" height=\"410\" src=\"https:\/\/dalyahealthcare.com\/de\/wp-content\/uploads\/2023\/02\/0111_image173.jpg\" class=\"attachment-full size-full wp-image-2213\" alt=\"\" loading=\"lazy\" srcset=\"https:\/\/dalyahealthcare.com\/de\/wp-content\/uploads\/2023\/02\/0111_image173.jpg 596w, https:\/\/dalyahealthcare.com\/de\/wp-content\/uploads\/2023\/02\/0111_image173-300x206.jpg 300w\" sizes=\"(max-width: 596px) 100vw, 596px\" \/>\t\t\t\t\t\t\t\t\t\t\t\t\t\t\t<\/div>\n\t\t\t\t<\/div>\n\t\t\t\t<div class=\"elementor-element elementor-element-efeba7e elementor-widget elementor-widget-heading\" data-id=\"efeba7e\" data-element_type=\"widget\" data-widget_type=\"heading.default\">\n\t\t\t\t<div class=\"elementor-widget-container\">\n\t\t\t<h2 class=\"elementor-heading-title elementor-size-default\">Deformit\u00e4tschirurgie<\/h2>\t\t<\/div>\n\t\t\t\t<\/div>\n\t\t\t\t\t<\/div>\n\t\t<\/div>\n\t\t\t\t<div class=\"elementor-column elementor-col-25 elementor-top-column elementor-element elementor-element-a278d37\" data-id=\"a278d37\" data-element_type=\"column\" data-settings=\"{&quot;background_background&quot;:&quot;classic&quot;}\">\n\t\t\t<div class=\"elementor-widget-wrap elementor-element-populated\">\n\t\t\t\t\t\t\t\t<div class=\"elementor-element elementor-element-21f01cd elementor-widget elementor-widget-image\" data-id=\"21f01cd\" data-element_type=\"widget\" data-widget_type=\"image.default\">\n\t\t\t\t<div class=\"elementor-widget-container\">\n\t\t\t\t\t\t\t\t\t\t\t\t\t\t\t<img decoding=\"async\" width=\"596\" height=\"410\" src=\"https:\/\/dalyahealthcare.com\/de\/wp-content\/uploads\/2023\/02\/0110_image174.jpg\" class=\"attachment-full size-full wp-image-2214\" alt=\"\" loading=\"lazy\" srcset=\"https:\/\/dalyahealthcare.com\/de\/wp-content\/uploads\/2023\/02\/0110_image174.jpg 596w, https:\/\/dalyahealthcare.com\/de\/wp-content\/uploads\/2023\/02\/0110_image174-300x206.jpg 300w\" sizes=\"(max-width: 596px) 100vw, 596px\" \/>\t\t\t\t\t\t\t\t\t\t\t\t\t\t\t<\/div>\n\t\t\t\t<\/div>\n\t\t\t\t<div class=\"elementor-element elementor-element-4a40699 elementor-widget elementor-widget-heading\" data-id=\"4a40699\" data-element_type=\"widget\" data-widget_type=\"heading.default\">\n\t\t\t\t<div class=\"elementor-widget-container\">\n\t\t\t<h2 class=\"elementor-heading-title elementor-size-default\">Unfallchirurgie (obere und untere Extremit\u00e4t)<\/h2>\t\t<\/div>\n\t\t\t\t<\/div>\n\t\t\t\t\t<\/div>\n\t\t<\/div>\n\t\t\t\t\t\t\t<\/div>\n\t\t<\/section>\n\t\t\t\t<section class=\"elementor-section elementor-top-section elementor-element elementor-element-ddb1bfd elementor-section-boxed elementor-section-height-default elementor-section-height-default\" data-id=\"ddb1bfd\" data-element_type=\"section\">\n\t\t\t\t\t\t<div class=\"elementor-container elementor-column-gap-default\">\n\t\t\t\t\t<div class=\"elementor-column elementor-col-25 elementor-top-column elementor-element elementor-element-d7dfc6d\" data-id=\"d7dfc6d\" data-element_type=\"column\" data-settings=\"{&quot;background_background&quot;:&quot;classic&quot;}\">\n\t\t\t<div class=\"elementor-widget-wrap elementor-element-populated\">\n\t\t\t\t\t\t\t\t<div class=\"elementor-element elementor-element-fc53c5e elementor-widget elementor-widget-image\" data-id=\"fc53c5e\" data-element_type=\"widget\" data-widget_type=\"image.default\">\n\t\t\t\t<div class=\"elementor-widget-container\">\n\t\t\t\t\t\t\t\t\t\t\t\t\t\t\t<img decoding=\"async\" width=\"596\" height=\"410\" src=\"https:\/\/dalyahealthcare.com\/de\/wp-content\/uploads\/2023\/02\/0109_image175.jpg\" class=\"attachment-full size-full wp-image-2218\" alt=\"\" loading=\"lazy\" srcset=\"https:\/\/dalyahealthcare.com\/de\/wp-content\/uploads\/2023\/02\/0109_image175.jpg 596w, https:\/\/dalyahealthcare.com\/de\/wp-content\/uploads\/2023\/02\/0109_image175-300x206.jpg 300w\" sizes=\"(max-width: 596px) 100vw, 596px\" \/>\t\t\t\t\t\t\t\t\t\t\t\t\t\t\t<\/div>\n\t\t\t\t<\/div>\n\t\t\t\t<div class=\"elementor-element elementor-element-5112def elementor-widget elementor-widget-heading\" data-id=\"5112def\" data-element_type=\"widget\" data-widget_type=\"heading.default\">\n\t\t\t\t<div class=\"elementor-widget-container\">\n\t\t\t<h2 class=\"elementor-heading-title elementor-size-default\">Nervenkompressionschirurgie<\/h2>\t\t<\/div>\n\t\t\t\t<\/div>\n\t\t\t\t\t<\/div>\n\t\t<\/div>\n\t\t\t\t<div class=\"elementor-column elementor-col-25 elementor-top-column elementor-element elementor-element-cc1d8cc\" data-id=\"cc1d8cc\" data-element_type=\"column\" data-settings=\"{&quot;background_background&quot;:&quot;classic&quot;}\">\n\t\t\t<div class=\"elementor-widget-wrap elementor-element-populated\">\n\t\t\t\t\t\t\t\t<div class=\"elementor-element elementor-element-dfc5848 elementor-widget elementor-widget-image\" data-id=\"dfc5848\" data-element_type=\"widget\" data-widget_type=\"image.default\">\n\t\t\t\t<div class=\"elementor-widget-container\">\n\t\t\t\t\t\t\t\t\t\t\t\t\t\t\t<img decoding=\"async\" width=\"596\" height=\"410\" src=\"https:\/\/dalyahealthcare.com\/de\/wp-content\/uploads\/2023\/02\/0108_image176.jpg\" class=\"attachment-full size-full wp-image-2219\" alt=\"\" loading=\"lazy\" srcset=\"https:\/\/dalyahealthcare.com\/de\/wp-content\/uploads\/2023\/02\/0108_image176.jpg 596w, https:\/\/dalyahealthcare.com\/de\/wp-content\/uploads\/2023\/02\/0108_image176-300x206.jpg 300w\" sizes=\"(max-width: 596px) 100vw, 596px\" \/>\t\t\t\t\t\t\t\t\t\t\t\t\t\t\t<\/div>\n\t\t\t\t<\/div>\n\t\t\t\t<div class=\"elementor-element elementor-element-ba8ecf5 elementor-widget elementor-widget-heading\" data-id=\"ba8ecf5\" data-element_type=\"widget\" data-widget_type=\"heading.default\">\n\t\t\t\t<div class=\"elementor-widget-container\">\n\t\t\t<h2 class=\"elementor-heading-title elementor-size-default\">Behandlung von Athletengesundheit und Sportverletzungen<\/h2>\t\t<\/div>\n\t\t\t\t<\/div>\n\t\t\t\t\t<\/div>\n\t\t<\/div>\n\t\t\t\t<div class=\"elementor-column elementor-col-25 elementor-top-column elementor-element elementor-element-20f4e1a\" data-id=\"20f4e1a\" data-element_type=\"column\" data-settings=\"{&quot;background_background&quot;:&quot;classic&quot;}\">\n\t\t\t<div class=\"elementor-widget-wrap elementor-element-populated\">\n\t\t\t\t\t\t\t\t<div class=\"elementor-element elementor-element-f7c5a64 elementor-widget elementor-widget-image\" data-id=\"f7c5a64\" data-element_type=\"widget\" data-widget_type=\"image.default\">\n\t\t\t\t<div class=\"elementor-widget-container\">\n\t\t\t\t\t\t\t\t\t\t\t\t\t\t\t<img decoding=\"async\" width=\"596\" height=\"410\" src=\"https:\/\/dalyahealthcare.com\/de\/wp-content\/uploads\/2023\/02\/224586325.jpg\" class=\"attachment-full size-full wp-image-2942\" alt=\"\" loading=\"lazy\" srcset=\"https:\/\/dalyahealthcare.com\/de\/wp-content\/uploads\/2023\/02\/224586325.jpg 596w, https:\/\/dalyahealthcare.com\/de\/wp-content\/uploads\/2023\/02\/224586325-300x206.jpg 300w\" sizes=\"(max-width: 596px) 100vw, 596px\" \/>\t\t\t\t\t\t\t\t\t\t\t\t\t\t\t<\/div>\n\t\t\t\t<\/div>\n\t\t\t\t<div class=\"elementor-element elementor-element-3a3ba7d elementor-widget elementor-widget-heading\" data-id=\"3a3ba7d\" data-element_type=\"widget\" data-widget_type=\"heading.default\">\n\t\t\t\t<div class=\"elementor-widget-container\">\n\t\t\t<h2 class=\"elementor-heading-title elementor-size-default\">Robotische Kniechirurgie<\/h2>\t\t<\/div>\n\t\t\t\t<\/div>\n\t\t\t\t\t<\/div>\n\t\t<\/div>\n\t\t\t\t<div class=\"elementor-column elementor-col-25 elementor-top-column elementor-element elementor-element-2804f48\" data-id=\"2804f48\" data-element_type=\"column\">\n\t\t\t<div class=\"elementor-widget-wrap\">\n\t\t\t\t\t\t\t\t\t<\/div>\n\t\t<\/div>\n\t\t\t\t\t\t\t<\/div>\n\t\t<\/section>\n\t\t\t\t<section class=\"elementor-section elementor-top-section elementor-element elementor-element-4712d829 elementor-section-height-min-height elementor-section-boxed elementor-section-height-default elementor-section-items-middle\" data-id=\"4712d829\" data-element_type=\"section\">\n\t\t\t\t\t\t<div class=\"elementor-container elementor-column-gap-default\">\n\t\t\t\t\t<div class=\"elementor-column elementor-col-100 elementor-top-column elementor-element elementor-element-1bd5240c\" data-id=\"1bd5240c\" data-element_type=\"column\">\n\t\t\t<div class=\"elementor-widget-wrap elementor-element-populated\">\n\t\t\t\t\t\t\t\t<div class=\"elementor-element elementor-element-4070120f elementor-widget elementor-widget-text-editor\" data-id=\"4070120f\" data-element_type=\"widget\" data-widget_type=\"text-editor.default\">\n\t\t\t\t<div class=\"elementor-widget-container\">\n\t\t\t<style>\/*! elementor - v3.10.1 - 17-01-2023 *\/\n.elementor-widget-text-editor.elementor-drop-cap-view-stacked .elementor-drop-cap{background-color:#818a91;color:#fff}.elementor-widget-text-editor.elementor-drop-cap-view-framed .elementor-drop-cap{color:#818a91;border:3px solid;background-color:transparent}.elementor-widget-text-editor:not(.elementor-drop-cap-view-default) .elementor-drop-cap{margin-top:8px}.elementor-widget-text-editor:not(.elementor-drop-cap-view-default) .elementor-drop-cap-letter{width:1em;height:1em}.elementor-widget-text-editor .elementor-drop-cap{float:left;text-align:center;line-height:1;font-size:50px}.elementor-widget-text-editor .elementor-drop-cap-letter{display:inline-block}<\/style>\t\t\t\t<p>Die Orthop\u00e4die ist eine Abteilung, die Erkrankungen des Skelett- und Muskelsystems des Menschen diagnostiziert und behandelt. Neben diesen Verfahren zielt sie auf die Behandlung von K\u00f6rpersch\u00e4den bei Unf\u00e4llen und Verletzungen infolge chirurgischer Eingriffe ab. Operationen, die im Bereich der Orthop\u00e4die durchgef\u00fchrt werden, werden von Chirurgen durchgef\u00fchrt, die auf diesem Gebiet spezialisiert sind. Bei dieser Behandlung kann bei Bedarf eine gemeinsame Studie mit den Abteilungen f\u00fcr Rehabilitation und Physiotherapie durchgef\u00fchrt werden.<\/p>\n<p>In der orthop\u00e4dischen Abteilung k\u00f6nnen verschiedene Behandlungsverfahren angewendet werden. Wir k\u00f6nnen sie wie folgt auflisten:<\/p>\n<p>\u00a0<\/p>\n<p><strong>Meniskusriss:<\/strong><\/p>\n<p>Meniskusrisse, die durch pl\u00f6tzliches Drehen am Knie und pl\u00f6tzliches B\u00fccken verursacht werden, verursachen Schwellungen am Knie und verursachen Schmerzen. Dieses Problem kann in der orthop\u00e4dischen Abteilung mit verschiedenen Behandlungen behoben werden.<\/p>\n<p><strong>B\u00e4nderriss:<\/strong><\/p>\n<p>Bandrisse und Verletzungen des inneren seitlichen und vorderen Kreuzbandes k\u00f6nnen mit einem einfachen Behandlungsschritt behoben werden.<\/p>\n<p><strong>H\u00fcft- und Kniegelenkprothese:<\/strong><\/p>\n<p>Verkalkungen, Luxationen und \u00e4hnliche Erkrankungen an Knie und H\u00fcfte k\u00f6nnen mit orthop\u00e4dischen Eingriffen behandelt werden.<\/p>\n<p><strong>Trauma:<\/strong><\/p>\n<p>Probleme wie Luxationen, Frakturen, Muskel- und Sehnenrisse, die durch verschiedene Traumata verursacht werden, werden durch die Wahl der richtigen Behandlungsmethoden behoben.<\/p>\n<p>Viele andere Bereiche wie Kinder-, Wirbels\u00e4ulen-, Deformit\u00e4ts- und Handchirurgie werden innerhalb der orthop\u00e4dischen Abteilung evaluiert. Mit den durchzuf\u00fchrenden Untersuchungen werden die Probleme in diesen Abteilungen ermittelt und die genaueste Behandlungsmethode bevorzugt.\u00a0<\/p>\t\t\t\t\t\t<\/div>\n\t\t\t\t<\/div>\n\t\t\t\t\t<\/div>\n\t\t<\/div>\n\t\t\t\t\t\t\t<\/div>\n\t\t<\/section>\n\t\t\t\t\t\t\t<\/div>\n\t\t","protected":false},"excerpt":{"rendered":"<p>Dalya Health Care Arthroskopische (geschlossene) Schulterchirurgie Arthroskopische (geschlossene) Knieoperation Arthroskopische (geschlossene) Sprunggelenkschirurgie Knieimplantatchirurgie H\u00fcftoperation Schulterimplantatchirurgie Deformit\u00e4tschirurgie Unfallchirurgie (obere und untere Extremit\u00e4t) Nervenkompressionschirurgie Behandlung von Athletengesundheit und Sportverletzungen Robotische Kniechirurgie Die Orthop\u00e4die ist eine Abteilung, die Erkrankungen des Skelett- und Muskelsystems des Menschen diagnostiziert und behandelt. Neben diesen Verfahren zielt sie auf die Behandlung von K\u00f6rpersch\u00e4den [&hellip;]<\/p>\n","protected":false},"author":1,"featured_media":227,"parent":0,"menu_order":0,"comment_status":"closed","ping_status":"closed","template":"elementor_header_footer","meta":[],"acf":[],"_links":{"self":[{"href":"https:\/\/dalyahealthcare.com\/de\/wp-json\/wp\/v2\/pages\/179"}],"collection":[{"href":"https:\/\/dalyahealthcare.com\/de\/wp-json\/wp\/v2\/pages"}],"about":[{"href":"https:\/\/dalyahealthcare.com\/de\/wp-json\/wp\/v2\/types\/page"}],"author":[{"embeddable":true,"href":"https:\/\/dalyahealthcare.com\/de\/wp-json\/wp\/v2\/users\/1"}],"replies":[{"embeddable":true,"href":"https:\/\/dalyahealthcare.com\/de\/wp-json\/wp\/v2\/comments?post=179"}],"version-history":[{"count":3,"href":"https:\/\/dalyahealthcare.com\/de\/wp-json\/wp\/v2\/pages\/179\/revisions"}],"predecessor-version":[{"id":2945,"href":"https:\/\/dalyahealthcare.com\/de\/wp-json\/wp\/v2\/pages\/179\/revisions\/2945"}],"wp:featuredmedia":[{"embeddable":true,"href":"https:\/\/dalyahealthcare.com\/de\/wp-json\/wp\/v2\/media\/227"}],"wp:attachment":[{"href":"https:\/\/dalyahealthcare.com\/de\/wp-json\/wp\/v2\/media?parent=179"}],"curies":[{"name":"wp","href":"https:\/\/api.w.org\/{rel}","templated":true}]}}