{"id":1518,"date":"2023-01-31T16:01:48","date_gmt":"2023-01-31T13:01:48","guid":{"rendered":"http:\/\/dalyamed.demositeler.xyz\/?page_id=1518"},"modified":"2023-02-13T14:38:23","modified_gmt":"2023-02-13T11:38:23","slug":"herz-kreislauf-chirurgie","status":"publish","type":"page","link":"https:\/\/dalyahealthcare.com\/de\/herz-kreislauf-chirurgie\/","title":{"rendered":"Herz-Kreislauf-Chirurgie"},"content":{"rendered":"\t\t<div data-elementor-type=\"wp-page\" data-elementor-id=\"1518\" class=\"elementor elementor-1518\">\n\t\t\t\t\t\t\t\t\t<section class=\"elementor-section elementor-top-section elementor-element elementor-element-1c1a32e elementor-section-height-min-height elementor-section-boxed elementor-section-height-default elementor-section-items-middle elementor-invisible\" data-id=\"1c1a32e\" data-element_type=\"section\" data-settings=\"{&quot;background_background&quot;:&quot;classic&quot;,&quot;animation&quot;:&quot;slideInDown&quot;}\">\n\t\t\t\t\t\t\t<div class=\"elementor-background-overlay\"><\/div>\n\t\t\t\t\t\t\t<div class=\"elementor-container elementor-column-gap-default\">\n\t\t\t\t\t<div class=\"elementor-column elementor-col-100 elementor-top-column elementor-element elementor-element-f4f73de\" data-id=\"f4f73de\" data-element_type=\"column\">\n\t\t\t<div class=\"elementor-widget-wrap elementor-element-populated\">\n\t\t\t\t\t\t\t\t<div class=\"elementor-element elementor-element-31c82bb elementor-align-flex-start elementor-mobile-align-center elementor-widget elementor-widget-raven-breadcrumbs\" data-id=\"31c82bb\" data-element_type=\"widget\" data-widget_type=\"raven-breadcrumbs.default\">\n\t\t\t\t<div class=\"elementor-widget-container\">\n\t\t\t<div class=\"raven-breadcrumbs raven-breadcrumbs-navxt\"><div class=\"breadcrumb\" typeof=\"BreadcrumbList\" vocab=\"https:\/\/schema.org\/\"><!-- Breadcrumb NavXT 7.2.0 -->\n<span property=\"itemListElement\" typeof=\"ListItem\"><a property=\"item\" typeof=\"WebPage\" title=\"Go to Dalya Health Care.\" href=\"https:\/\/dalyahealthcare.com\/de\" class=\"home\" aria-current=\"page\"><span property=\"name\">Dalya Health Care<\/span><\/a><meta property=\"position\" content=\"1\"><\/span><\/div><\/div>\t\t<\/div>\n\t\t\t\t<\/div>\n\t\t\t\t<div class=\"elementor-element elementor-element-3010f7e elementor-widget elementor-widget-heading\" data-id=\"3010f7e\" data-element_type=\"widget\" data-widget_type=\"heading.default\">\n\t\t\t\t<div class=\"elementor-widget-container\">\n\t\t\t<style>\/*! elementor - v3.10.1 - 17-01-2023 *\/\n.elementor-heading-title{padding:0;margin:0;line-height:1}.elementor-widget-heading .elementor-heading-title[class*=elementor-size-]>a{color:inherit;font-size:inherit;line-height:inherit}.elementor-widget-heading .elementor-heading-title.elementor-size-small{font-size:15px}.elementor-widget-heading .elementor-heading-title.elementor-size-medium{font-size:19px}.elementor-widget-heading .elementor-heading-title.elementor-size-large{font-size:29px}.elementor-widget-heading .elementor-heading-title.elementor-size-xl{font-size:39px}.elementor-widget-heading .elementor-heading-title.elementor-size-xxl{font-size:59px}<\/style><h2 class=\"elementor-heading-title elementor-size-default\">Herz-Kreislauf-Chirurgie<\/h2>\t\t<\/div>\n\t\t\t\t<\/div>\n\t\t\t\t\t<\/div>\n\t\t<\/div>\n\t\t\t\t\t\t\t<\/div>\n\t\t<\/section>\n\t\t\t\t<section class=\"elementor-section elementor-top-section elementor-element elementor-element-2ba0fa5 elementor-section-boxed elementor-section-height-default elementor-section-height-default\" data-id=\"2ba0fa5\" data-element_type=\"section\">\n\t\t\t\t\t\t<div class=\"elementor-container elementor-column-gap-default\">\n\t\t\t\t\t<div class=\"elementor-column elementor-col-100 elementor-top-column elementor-element elementor-element-2042fae\" data-id=\"2042fae\" data-element_type=\"column\">\n\t\t\t<div class=\"elementor-widget-wrap elementor-element-populated\">\n\t\t\t\t\t\t\t\t<div class=\"elementor-element elementor-element-45486e9 elementor-widget elementor-widget-heading\" data-id=\"45486e9\" data-element_type=\"widget\" data-widget_type=\"heading.default\">\n\t\t\t\t<div class=\"elementor-widget-container\">\n\t\t\t<h2 class=\"elementor-heading-title elementor-size-default\">Anwendungen in der Herz-Kreislauf-Chirurgie<\/h2>\t\t<\/div>\n\t\t\t\t<\/div>\n\t\t\t\t\t<\/div>\n\t\t<\/div>\n\t\t\t\t\t\t\t<\/div>\n\t\t<\/section>\n\t\t\t\t<section class=\"elementor-section elementor-top-section elementor-element elementor-element-dd9d32e elementor-section-boxed elementor-section-height-default elementor-section-height-default\" data-id=\"dd9d32e\" data-element_type=\"section\">\n\t\t\t\t\t\t<div class=\"elementor-container elementor-column-gap-default\">\n\t\t\t\t\t<div class=\"elementor-column elementor-col-25 elementor-top-column elementor-element elementor-element-944f174\" data-id=\"944f174\" data-element_type=\"column\" data-settings=\"{&quot;background_background&quot;:&quot;classic&quot;}\">\n\t\t\t<div class=\"elementor-widget-wrap elementor-element-populated\">\n\t\t\t\t\t\t\t\t<div class=\"elementor-element elementor-element-93be4db elementor-widget elementor-widget-image\" data-id=\"93be4db\" data-element_type=\"widget\" data-widget_type=\"image.default\">\n\t\t\t\t<div class=\"elementor-widget-container\">\n\t\t\t<style>\/*! elementor - v3.10.1 - 17-01-2023 *\/\n.elementor-widget-image{text-align:center}.elementor-widget-image a{display:inline-block}.elementor-widget-image a img[src$=\".svg\"]{width:48px}.elementor-widget-image img{vertical-align:middle;display:inline-block}<\/style>\t\t\t\t\t\t\t\t\t\t\t\t<img decoding=\"async\" width=\"596\" height=\"410\" src=\"https:\/\/dalyahealthcare.com\/de\/wp-content\/uploads\/2023\/02\/0129_image155.jpg\" class=\"attachment-full size-full wp-image-2189\" alt=\"\" loading=\"lazy\" srcset=\"https:\/\/dalyahealthcare.com\/de\/wp-content\/uploads\/2023\/02\/0129_image155.jpg 596w, https:\/\/dalyahealthcare.com\/de\/wp-content\/uploads\/2023\/02\/0129_image155-300x206.jpg 300w\" sizes=\"(max-width: 596px) 100vw, 596px\" \/>\t\t\t\t\t\t\t\t\t\t\t\t\t\t\t<\/div>\n\t\t\t\t<\/div>\n\t\t\t\t<div class=\"elementor-element elementor-element-634912c elementor-widget elementor-widget-heading\" data-id=\"634912c\" data-element_type=\"widget\" data-widget_type=\"heading.default\">\n\t\t\t\t<div class=\"elementor-widget-container\">\n\t\t\t<h2 class=\"elementor-heading-title elementor-size-default\">Koronar-Bypass<\/h2>\t\t<\/div>\n\t\t\t\t<\/div>\n\t\t\t\t\t<\/div>\n\t\t<\/div>\n\t\t\t\t<div class=\"elementor-column elementor-col-25 elementor-top-column elementor-element elementor-element-141d45c\" data-id=\"141d45c\" data-element_type=\"column\" data-settings=\"{&quot;background_background&quot;:&quot;classic&quot;}\">\n\t\t\t<div class=\"elementor-widget-wrap elementor-element-populated\">\n\t\t\t\t\t\t\t\t<div class=\"elementor-element elementor-element-126446c elementor-widget elementor-widget-image\" data-id=\"126446c\" data-element_type=\"widget\" data-widget_type=\"image.default\">\n\t\t\t\t<div class=\"elementor-widget-container\">\n\t\t\t\t\t\t\t\t\t\t\t\t\t\t\t<img decoding=\"async\" width=\"596\" height=\"410\" src=\"https:\/\/dalyahealthcare.com\/de\/wp-content\/uploads\/2023\/02\/0128_image156.jpg\" class=\"attachment-full size-full wp-image-2190\" alt=\"\" loading=\"lazy\" srcset=\"https:\/\/dalyahealthcare.com\/de\/wp-content\/uploads\/2023\/02\/0128_image156.jpg 596w, https:\/\/dalyahealthcare.com\/de\/wp-content\/uploads\/2023\/02\/0128_image156-300x206.jpg 300w\" sizes=\"(max-width: 596px) 100vw, 596px\" \/>\t\t\t\t\t\t\t\t\t\t\t\t\t\t\t<\/div>\n\t\t\t\t<\/div>\n\t\t\t\t<div class=\"elementor-element elementor-element-5bde4eb elementor-widget elementor-widget-heading\" data-id=\"5bde4eb\" data-element_type=\"widget\" data-widget_type=\"heading.default\">\n\t\t\t\t<div class=\"elementor-widget-container\">\n\t\t\t<h2 class=\"elementor-heading-title elementor-size-default\">Reparatur und Austausch von Herzklappen<\/h2>\t\t<\/div>\n\t\t\t\t<\/div>\n\t\t\t\t\t<\/div>\n\t\t<\/div>\n\t\t\t\t<div class=\"elementor-column elementor-col-25 elementor-top-column elementor-element elementor-element-d402af3\" data-id=\"d402af3\" data-element_type=\"column\" data-settings=\"{&quot;background_background&quot;:&quot;classic&quot;}\">\n\t\t\t<div class=\"elementor-widget-wrap elementor-element-populated\">\n\t\t\t\t\t\t\t\t<div class=\"elementor-element elementor-element-bcf0a86 elementor-widget elementor-widget-image\" data-id=\"bcf0a86\" data-element_type=\"widget\" data-widget_type=\"image.default\">\n\t\t\t\t<div class=\"elementor-widget-container\">\n\t\t\t\t\t\t\t\t\t\t\t\t\t\t\t<img decoding=\"async\" width=\"596\" height=\"410\" src=\"https:\/\/dalyahealthcare.com\/de\/wp-content\/uploads\/2023\/02\/0127_image157.jpg\" class=\"attachment-full size-full wp-image-2191\" alt=\"\" loading=\"lazy\" srcset=\"https:\/\/dalyahealthcare.com\/de\/wp-content\/uploads\/2023\/02\/0127_image157.jpg 596w, https:\/\/dalyahealthcare.com\/de\/wp-content\/uploads\/2023\/02\/0127_image157-300x206.jpg 300w\" sizes=\"(max-width: 596px) 100vw, 596px\" \/>\t\t\t\t\t\t\t\t\t\t\t\t\t\t\t<\/div>\n\t\t\t\t<\/div>\n\t\t\t\t<div class=\"elementor-element elementor-element-d4c2697 elementor-widget elementor-widget-heading\" data-id=\"d4c2697\" data-element_type=\"widget\" data-widget_type=\"heading.default\">\n\t\t\t\t<div class=\"elementor-widget-container\">\n\t\t\t<h2 class=\"elementor-heading-title elementor-size-default\">Herzklappenchirurgie<\/h2>\t\t<\/div>\n\t\t\t\t<\/div>\n\t\t\t\t\t<\/div>\n\t\t<\/div>\n\t\t\t\t<div class=\"elementor-column elementor-col-25 elementor-top-column elementor-element elementor-element-0ff4e0c\" data-id=\"0ff4e0c\" data-element_type=\"column\" data-settings=\"{&quot;background_background&quot;:&quot;classic&quot;}\">\n\t\t\t<div class=\"elementor-widget-wrap elementor-element-populated\">\n\t\t\t\t\t\t\t\t<div class=\"elementor-element elementor-element-eb40bc6 elementor-widget elementor-widget-image\" data-id=\"eb40bc6\" data-element_type=\"widget\" data-widget_type=\"image.default\">\n\t\t\t\t<div class=\"elementor-widget-container\">\n\t\t\t\t\t\t\t\t\t\t\t\t\t\t\t<img decoding=\"async\" width=\"596\" height=\"410\" src=\"https:\/\/dalyahealthcare.com\/de\/wp-content\/uploads\/2023\/02\/0126_image158.jpg\" class=\"attachment-full size-full wp-image-2192\" alt=\"\" loading=\"lazy\" srcset=\"https:\/\/dalyahealthcare.com\/de\/wp-content\/uploads\/2023\/02\/0126_image158.jpg 596w, https:\/\/dalyahealthcare.com\/de\/wp-content\/uploads\/2023\/02\/0126_image158-300x206.jpg 300w\" sizes=\"(max-width: 596px) 100vw, 596px\" \/>\t\t\t\t\t\t\t\t\t\t\t\t\t\t\t<\/div>\n\t\t\t\t<\/div>\n\t\t\t\t<div class=\"elementor-element elementor-element-68ab871 elementor-widget elementor-widget-heading\" data-id=\"68ab871\" data-element_type=\"widget\" data-widget_type=\"heading.default\">\n\t\t\t\t<div class=\"elementor-widget-container\">\n\t\t\t<h2 class=\"elementor-heading-title elementor-size-default\">Chirurgie des Aortenaneurysmas<\/h2>\t\t<\/div>\n\t\t\t\t<\/div>\n\t\t\t\t\t<\/div>\n\t\t<\/div>\n\t\t\t\t\t\t\t<\/div>\n\t\t<\/section>\n\t\t\t\t<section class=\"elementor-section elementor-top-section elementor-element elementor-element-4a024f0 elementor-section-boxed elementor-section-height-default elementor-section-height-default\" data-id=\"4a024f0\" data-element_type=\"section\">\n\t\t\t\t\t\t<div class=\"elementor-container elementor-column-gap-default\">\n\t\t\t\t\t<div class=\"elementor-column elementor-col-25 elementor-top-column elementor-element elementor-element-0a33c27\" data-id=\"0a33c27\" data-element_type=\"column\" data-settings=\"{&quot;background_background&quot;:&quot;classic&quot;}\">\n\t\t\t<div class=\"elementor-widget-wrap elementor-element-populated\">\n\t\t\t\t\t\t\t\t<div class=\"elementor-element elementor-element-7b559a7 elementor-widget elementor-widget-image\" data-id=\"7b559a7\" data-element_type=\"widget\" data-widget_type=\"image.default\">\n\t\t\t\t<div class=\"elementor-widget-container\">\n\t\t\t\t\t\t\t\t\t\t\t\t\t\t\t<img decoding=\"async\" width=\"596\" height=\"410\" src=\"https:\/\/dalyahealthcare.com\/de\/wp-content\/uploads\/2023\/02\/0125_image159.jpg\" class=\"attachment-full size-full wp-image-2194\" alt=\"\" loading=\"lazy\" srcset=\"https:\/\/dalyahealthcare.com\/de\/wp-content\/uploads\/2023\/02\/0125_image159.jpg 596w, https:\/\/dalyahealthcare.com\/de\/wp-content\/uploads\/2023\/02\/0125_image159-300x206.jpg 300w\" sizes=\"(max-width: 596px) 100vw, 596px\" \/>\t\t\t\t\t\t\t\t\t\t\t\t\t\t\t<\/div>\n\t\t\t\t<\/div>\n\t\t\t\t<div class=\"elementor-element elementor-element-3e373e9 elementor-widget elementor-widget-heading\" data-id=\"3e373e9\" data-element_type=\"widget\" data-widget_type=\"heading.default\">\n\t\t\t\t<div class=\"elementor-widget-container\">\n\t\t\t<h2 class=\"elementor-heading-title elementor-size-default\">Reparaturen von linksventrikul\u00e4ren Aneurysmen<\/h2>\t\t<\/div>\n\t\t\t\t<\/div>\n\t\t\t\t\t<\/div>\n\t\t<\/div>\n\t\t\t\t<div class=\"elementor-column elementor-col-25 elementor-top-column elementor-element elementor-element-c6179d0\" data-id=\"c6179d0\" data-element_type=\"column\" data-settings=\"{&quot;background_background&quot;:&quot;classic&quot;}\">\n\t\t\t<div class=\"elementor-widget-wrap elementor-element-populated\">\n\t\t\t\t\t\t\t\t<div class=\"elementor-element elementor-element-7350c71 elementor-widget elementor-widget-image\" data-id=\"7350c71\" data-element_type=\"widget\" data-widget_type=\"image.default\">\n\t\t\t\t<div class=\"elementor-widget-container\">\n\t\t\t\t\t\t\t\t\t\t\t\t\t\t\t<img decoding=\"async\" width=\"596\" height=\"410\" src=\"https:\/\/dalyahealthcare.com\/de\/wp-content\/uploads\/2023\/02\/0124_image160.jpg\" class=\"attachment-full size-full wp-image-2195\" alt=\"\" loading=\"lazy\" srcset=\"https:\/\/dalyahealthcare.com\/de\/wp-content\/uploads\/2023\/02\/0124_image160.jpg 596w, https:\/\/dalyahealthcare.com\/de\/wp-content\/uploads\/2023\/02\/0124_image160-300x206.jpg 300w\" sizes=\"(max-width: 596px) 100vw, 596px\" \/>\t\t\t\t\t\t\t\t\t\t\t\t\t\t\t<\/div>\n\t\t\t\t<\/div>\n\t\t\t\t<div class=\"elementor-element elementor-element-87cc706 elementor-widget elementor-widget-heading\" data-id=\"87cc706\" data-element_type=\"widget\" data-widget_type=\"heading.default\">\n\t\t\t\t<div class=\"elementor-widget-container\">\n\t\t\t<h2 class=\"elementor-heading-title elementor-size-default\">Gef\u00e4\u00dfentfernung mit kleinen Bypass-Einschnitten<\/h2>\t\t<\/div>\n\t\t\t\t<\/div>\n\t\t\t\t\t<\/div>\n\t\t<\/div>\n\t\t\t\t<div class=\"elementor-column elementor-col-25 elementor-top-column elementor-element elementor-element-c2116c6\" data-id=\"c2116c6\" data-element_type=\"column\" data-settings=\"{&quot;background_background&quot;:&quot;classic&quot;}\">\n\t\t\t<div class=\"elementor-widget-wrap elementor-element-populated\">\n\t\t\t\t\t\t\t\t<div class=\"elementor-element elementor-element-f74df76 elementor-widget elementor-widget-image\" data-id=\"f74df76\" data-element_type=\"widget\" data-widget_type=\"image.default\">\n\t\t\t\t<div class=\"elementor-widget-container\">\n\t\t\t\t\t\t\t\t\t\t\t\t\t\t\t<img decoding=\"async\" width=\"596\" height=\"410\" src=\"https:\/\/dalyahealthcare.com\/de\/wp-content\/uploads\/2023\/02\/0123_image161.jpg\" class=\"attachment-full size-full wp-image-2196\" alt=\"\" loading=\"lazy\" srcset=\"https:\/\/dalyahealthcare.com\/de\/wp-content\/uploads\/2023\/02\/0123_image161.jpg 596w, https:\/\/dalyahealthcare.com\/de\/wp-content\/uploads\/2023\/02\/0123_image161-300x206.jpg 300w\" sizes=\"(max-width: 596px) 100vw, 596px\" \/>\t\t\t\t\t\t\t\t\t\t\t\t\t\t\t<\/div>\n\t\t\t\t<\/div>\n\t\t\t\t<div class=\"elementor-element elementor-element-9ad1b15 elementor-widget elementor-widget-heading\" data-id=\"9ad1b15\" data-element_type=\"widget\" data-widget_type=\"heading.default\">\n\t\t\t\t<div class=\"elementor-widget-container\">\n\t\t\t<h2 class=\"elementor-heading-title elementor-size-default\">Herzchirurgie mit kleinen Schnitten<\/h2>\t\t<\/div>\n\t\t\t\t<\/div>\n\t\t\t\t\t<\/div>\n\t\t<\/div>\n\t\t\t\t<div class=\"elementor-column elementor-col-25 elementor-top-column elementor-element elementor-element-fc0acb2\" data-id=\"fc0acb2\" data-element_type=\"column\" data-settings=\"{&quot;background_background&quot;:&quot;classic&quot;}\">\n\t\t\t<div class=\"elementor-widget-wrap elementor-element-populated\">\n\t\t\t\t\t\t\t\t<div class=\"elementor-element elementor-element-0b1390d elementor-widget elementor-widget-image\" data-id=\"0b1390d\" data-element_type=\"widget\" data-widget_type=\"image.default\">\n\t\t\t\t<div class=\"elementor-widget-container\">\n\t\t\t\t\t\t\t\t\t\t\t\t\t\t\t<img decoding=\"async\" width=\"596\" height=\"410\" src=\"https:\/\/dalyahealthcare.com\/de\/wp-content\/uploads\/2023\/02\/0122_image162.jpg\" class=\"attachment-full size-full wp-image-2197\" alt=\"\" loading=\"lazy\" srcset=\"https:\/\/dalyahealthcare.com\/de\/wp-content\/uploads\/2023\/02\/0122_image162.jpg 596w, https:\/\/dalyahealthcare.com\/de\/wp-content\/uploads\/2023\/02\/0122_image162-300x206.jpg 300w\" sizes=\"(max-width: 596px) 100vw, 596px\" \/>\t\t\t\t\t\t\t\t\t\t\t\t\t\t\t<\/div>\n\t\t\t\t<\/div>\n\t\t\t\t<div class=\"elementor-element elementor-element-1e9a6dd elementor-widget elementor-widget-heading\" data-id=\"1e9a6dd\" data-element_type=\"widget\" data-widget_type=\"heading.default\">\n\t\t\t\t<div class=\"elementor-widget-container\">\n\t\t\t<h2 class=\"elementor-heading-title elementor-size-default\">Entfernung von Herztumoren<\/h2>\t\t<\/div>\n\t\t\t\t<\/div>\n\t\t\t\t\t<\/div>\n\t\t<\/div>\n\t\t\t\t\t\t\t<\/div>\n\t\t<\/section>\n\t\t\t\t<section class=\"elementor-section elementor-top-section elementor-element elementor-element-fc290ee elementor-section-boxed elementor-section-height-default elementor-section-height-default\" data-id=\"fc290ee\" data-element_type=\"section\">\n\t\t\t\t\t\t<div class=\"elementor-container elementor-column-gap-default\">\n\t\t\t\t\t<div class=\"elementor-column elementor-col-25 elementor-top-column elementor-element elementor-element-d9f827e\" data-id=\"d9f827e\" data-element_type=\"column\" data-settings=\"{&quot;background_background&quot;:&quot;classic&quot;}\">\n\t\t\t<div class=\"elementor-widget-wrap elementor-element-populated\">\n\t\t\t\t\t\t\t\t<div class=\"elementor-element elementor-element-5841f4f elementor-widget elementor-widget-image\" data-id=\"5841f4f\" data-element_type=\"widget\" data-widget_type=\"image.default\">\n\t\t\t\t<div class=\"elementor-widget-container\">\n\t\t\t\t\t\t\t\t\t\t\t\t\t\t\t<img decoding=\"async\" width=\"596\" height=\"410\" src=\"https:\/\/dalyahealthcare.com\/de\/wp-content\/uploads\/2023\/02\/0121_image163.jpg\" class=\"attachment-full size-full wp-image-2201\" alt=\"\" loading=\"lazy\" srcset=\"https:\/\/dalyahealthcare.com\/de\/wp-content\/uploads\/2023\/02\/0121_image163.jpg 596w, https:\/\/dalyahealthcare.com\/de\/wp-content\/uploads\/2023\/02\/0121_image163-300x206.jpg 300w\" sizes=\"(max-width: 596px) 100vw, 596px\" \/>\t\t\t\t\t\t\t\t\t\t\t\t\t\t\t<\/div>\n\t\t\t\t<\/div>\n\t\t\t\t<div class=\"elementor-element elementor-element-35bad56 elementor-widget elementor-widget-heading\" data-id=\"35bad56\" data-element_type=\"widget\" data-widget_type=\"heading.default\">\n\t\t\t\t<div class=\"elementor-widget-container\">\n\t\t\t<h2 class=\"elementor-heading-title elementor-size-default\">ZVK periphere Gef\u00e4\u00dfchirurgie<\/h2>\t\t<\/div>\n\t\t\t\t<\/div>\n\t\t\t\t\t<\/div>\n\t\t<\/div>\n\t\t\t\t<div class=\"elementor-column elementor-col-25 elementor-top-column elementor-element elementor-element-3fa2dca\" data-id=\"3fa2dca\" data-element_type=\"column\" data-settings=\"{&quot;background_background&quot;:&quot;classic&quot;}\">\n\t\t\t<div class=\"elementor-widget-wrap elementor-element-populated\">\n\t\t\t\t\t\t\t\t<div class=\"elementor-element elementor-element-f17e29f elementor-widget elementor-widget-image\" data-id=\"f17e29f\" data-element_type=\"widget\" data-widget_type=\"image.default\">\n\t\t\t\t<div class=\"elementor-widget-container\">\n\t\t\t\t\t\t\t\t\t\t\t\t\t\t\t<img decoding=\"async\" width=\"596\" height=\"410\" src=\"https:\/\/dalyahealthcare.com\/de\/wp-content\/uploads\/2023\/02\/0120_image164.jpg\" class=\"attachment-full size-full wp-image-2202\" alt=\"\" loading=\"lazy\" srcset=\"https:\/\/dalyahealthcare.com\/de\/wp-content\/uploads\/2023\/02\/0120_image164.jpg 596w, https:\/\/dalyahealthcare.com\/de\/wp-content\/uploads\/2023\/02\/0120_image164-300x206.jpg 300w\" sizes=\"(max-width: 596px) 100vw, 596px\" \/>\t\t\t\t\t\t\t\t\t\t\t\t\t\t\t<\/div>\n\t\t\t\t<\/div>\n\t\t\t\t<div class=\"elementor-element elementor-element-23dd39d elementor-widget elementor-widget-heading\" data-id=\"23dd39d\" data-element_type=\"widget\" data-widget_type=\"heading.default\">\n\t\t\t\t<div class=\"elementor-widget-container\">\n\t\t\t<h2 class=\"elementor-heading-title elementor-size-default\">Minimalinvasive kardiovaskul\u00e4re Chirurgie<\/h2>\t\t<\/div>\n\t\t\t\t<\/div>\n\t\t\t\t\t<\/div>\n\t\t<\/div>\n\t\t\t\t<div class=\"elementor-column elementor-col-25 elementor-top-column elementor-element elementor-element-1c94c05\" data-id=\"1c94c05\" data-element_type=\"column\" data-settings=\"{&quot;background_background&quot;:&quot;classic&quot;}\">\n\t\t\t<div class=\"elementor-widget-wrap elementor-element-populated\">\n\t\t\t\t\t\t\t\t<div class=\"elementor-element elementor-element-3bb52bc elementor-widget elementor-widget-image\" data-id=\"3bb52bc\" data-element_type=\"widget\" data-widget_type=\"image.default\">\n\t\t\t\t<div class=\"elementor-widget-container\">\n\t\t\t\t\t\t\t\t\t\t\t\t\t\t\t<img decoding=\"async\" width=\"596\" height=\"410\" src=\"https:\/\/dalyahealthcare.com\/de\/wp-content\/uploads\/2023\/02\/0119_image165.jpg\" class=\"attachment-full size-full wp-image-2203\" alt=\"\" loading=\"lazy\" srcset=\"https:\/\/dalyahealthcare.com\/de\/wp-content\/uploads\/2023\/02\/0119_image165.jpg 596w, https:\/\/dalyahealthcare.com\/de\/wp-content\/uploads\/2023\/02\/0119_image165-300x206.jpg 300w\" sizes=\"(max-width: 596px) 100vw, 596px\" \/>\t\t\t\t\t\t\t\t\t\t\t\t\t\t\t<\/div>\n\t\t\t\t<\/div>\n\t\t\t\t<div class=\"elementor-element elementor-element-2b1c641 elementor-widget elementor-widget-heading\" data-id=\"2b1c641\" data-element_type=\"widget\" data-widget_type=\"heading.default\">\n\t\t\t\t<div class=\"elementor-widget-container\">\n\t\t\t<h2 class=\"elementor-heading-title elementor-size-default\">P\u00e4diatrische Herz-Kreislauf-Chirurgie<\/h2>\t\t<\/div>\n\t\t\t\t<\/div>\n\t\t\t\t\t<\/div>\n\t\t<\/div>\n\t\t\t\t<div class=\"elementor-column elementor-col-25 elementor-top-column elementor-element elementor-element-268e164\" data-id=\"268e164\" data-element_type=\"column\">\n\t\t\t<div class=\"elementor-widget-wrap\">\n\t\t\t\t\t\t\t\t\t<\/div>\n\t\t<\/div>\n\t\t\t\t\t\t\t<\/div>\n\t\t<\/section>\n\t\t\t\t\t\t\t<\/div>\n\t\t","protected":false},"excerpt":{"rendered":"<p>Dalya Health Care Anwendungen in der Herz-Kreislauf-Chirurgie Koronar-Bypass Reparatur und Austausch von Herzklappen Herzklappenchirurgie Chirurgie des Aortenaneurysmas Reparaturen von linksventrikul\u00e4ren Aneurysmen Gef\u00e4\u00dfentfernung mit kleinen Bypass-Einschnitten Herzchirurgie mit kleinen Schnitten Entfernung von Herztumoren ZVK periphere Gef\u00e4\u00dfchirurgie Minimalinvasive kardiovaskul\u00e4re Chirurgie P\u00e4diatrische Herz-Kreislauf-Chirurgie<\/p>\n","protected":false},"author":1,"featured_media":1524,"parent":0,"menu_order":0,"comment_status":"closed","ping_status":"closed","template":"elementor_header_footer","meta":[],"acf":[],"_links":{"self":[{"href":"https:\/\/dalyahealthcare.com\/de\/wp-json\/wp\/v2\/pages\/1518"}],"collection":[{"href":"https:\/\/dalyahealthcare.com\/de\/wp-json\/wp\/v2\/pages"}],"about":[{"href":"https:\/\/dalyahealthcare.com\/de\/wp-json\/wp\/v2\/types\/page"}],"author":[{"embeddable":true,"href":"https:\/\/dalyahealthcare.com\/de\/wp-json\/wp\/v2\/users\/1"}],"replies":[{"embeddable":true,"href":"https:\/\/dalyahealthcare.com\/de\/wp-json\/wp\/v2\/comments?post=1518"}],"version-history":[{"count":3,"href":"https:\/\/dalyahealthcare.com\/de\/wp-json\/wp\/v2\/pages\/1518\/revisions"}],"predecessor-version":[{"id":2686,"href":"https:\/\/dalyahealthcare.com\/de\/wp-json\/wp\/v2\/pages\/1518\/revisions\/2686"}],"wp:featuredmedia":[{"embeddable":true,"href":"https:\/\/dalyahealthcare.com\/de\/wp-json\/wp\/v2\/media\/1524"}],"wp:attachment":[{"href":"https:\/\/dalyahealthcare.com\/de\/wp-json\/wp\/v2\/media?parent=1518"}],"curies":[{"name":"wp","href":"https:\/\/api.w.org\/{rel}","templated":true}]}}