{"id":13,"date":"2023-01-16T18:08:28","date_gmt":"2023-01-16T15:08:28","guid":{"rendered":"http:\/\/dalyamed.demositeler.xyz\/?page_id=13"},"modified":"2023-02-13T18:19:48","modified_gmt":"2023-02-13T15:19:48","slug":"uber-uns","status":"publish","type":"page","link":"https:\/\/dalyahealthcare.com\/de\/uber-uns\/","title":{"rendered":"\u00dcber Uns"},"content":{"rendered":"\n<h2>Dalya Health Care<\/h2>\n\n\n\n<p>Seit seiner Gr\u00fcndung im Jahr 1999 hat Dalya dank seiner drei Merkmale, die es einzigartig und differenzierend machen, den Veranstaltungen und Organisationen der Unternehmen, mit denen es zusammenarbeitet, Reichtum und Wert verliehen. In unserem 20-j\u00e4hrigen Arbeitsleben haben unsere internationalen Kongressorganisationen unserem Land erhebliche Devisenzufl\u00fcsse beschert. In diesem Zusammenhang wurde Dalya Turizm der \u0130zmir Tourism Awards 2018 in der Kategorie \u201eBeste Tourismusagentur\u201c verliehen.<\/p>\n\n\n\n<p>Dalya Health Care ist ein hochspezialisiertes Medizintourismusunternehmen, das darauf ausgerichtet ist, die aktuellen Bed\u00fcrfnisse internationaler Patienten zu erf\u00fcllen und zu \u00fcbertreffen, die eine medizinische Behandlung im Ausland suchen.<\/p>\n\n\n\n<p>Dalya Health Care ist eine Tochtergesellschaft von DalyaTur, einem professionellen Reiseb\u00fcro f\u00fcr medizinische Konferenzen, das vor mehr als 20 Jahren gegr\u00fcndet wurde und Pharma- und Biotechnologieunternehmen unterst\u00fctzt.<\/p>\n\n\n\n<p>Er f\u00fchrt Operationen zur Gewichtsabnahme, plastische Chirurgie, Zahnbehandlungen, In-vitro-Fertilisation (IVF), Augenoperationen und urologische Behandlungen in St\u00e4dten wie IZMIR und Istanbul Ankara durch, mit Vertrags\u00e4rzten, die sorgf\u00e4ltig ausgew\u00e4hlt und regelm\u00e4\u00dfig in international anerkannten Krankenh\u00e4usern untersucht werden.<\/p>\n\n\n\n<p>Bis heute haben wir viele Patienten unterschiedlicher ethnischer Herkunft, die aus verschiedenen Teilen der Welt zur Behandlung kommen. Dalya Health Care w\u00e4hlt die \u00c4rzte, mit denen es zusammenarbeitet, sorgf\u00e4ltig aus und bewertet regelm\u00e4\u00dfig ihre Leistung. Es legt Wert darauf, seine Patienten wie ein Familienmitglied zu betreuen, sie zu behandeln, auf ihr Feedback zu h\u00f6ren und das Wohlergehen und die Zufriedenheit ihrer Patienten zu priorisieren.<\/p>\n\n\n\n<p><\/p>\n\n\n\n<p><\/p>\n\n\n\n<p><\/p>\n","protected":false},"excerpt":{"rendered":"<p>Dalya Health Care Seit seiner Gr\u00fcndung im Jahr 1999 hat Dalya dank seiner drei Merkmale, die es einzigartig und differenzierend machen, den Veranstaltungen und Organisationen der Unternehmen, mit denen es zusammenarbeitet, Reichtum und Wert verliehen. In unserem 20-j\u00e4hrigen Arbeitsleben haben unsere internationalen Kongressorganisationen unserem Land erhebliche Devisenzufl\u00fcsse beschert. In diesem Zusammenhang wurde Dalya Turizm der [&hellip;]<\/p>\n","protected":false},"author":1,"featured_media":0,"parent":0,"menu_order":0,"comment_status":"closed","ping_status":"closed","template":"","meta":[],"acf":[],"_links":{"self":[{"href":"https:\/\/dalyahealthcare.com\/de\/wp-json\/wp\/v2\/pages\/13"}],"collection":[{"href":"https:\/\/dalyahealthcare.com\/de\/wp-json\/wp\/v2\/pages"}],"about":[{"href":"https:\/\/dalyahealthcare.com\/de\/wp-json\/wp\/v2\/types\/page"}],"author":[{"embeddable":true,"href":"https:\/\/dalyahealthcare.com\/de\/wp-json\/wp\/v2\/users\/1"}],"replies":[{"embeddable":true,"href":"https:\/\/dalyahealthcare.com\/de\/wp-json\/wp\/v2\/comments?post=13"}],"version-history":[{"count":3,"href":"https:\/\/dalyahealthcare.com\/de\/wp-json\/wp\/v2\/pages\/13\/revisions"}],"predecessor-version":[{"id":2811,"href":"https:\/\/dalyahealthcare.com\/de\/wp-json\/wp\/v2\/pages\/13\/revisions\/2811"}],"wp:attachment":[{"href":"https:\/\/dalyahealthcare.com\/de\/wp-json\/wp\/v2\/media?parent=13"}],"curies":[{"name":"wp","href":"https:\/\/api.w.org\/{rel}","templated":true}]}}